{"id":2143,"date":"2019-03-01T15:14:21","date_gmt":"2019-03-01T13:14:21","guid":{"rendered":"https:\/\/jonglez.timeforcoffee.gr\/product\/lisboa-insolita-y-secreta\/"},"modified":"2020-11-26T10:16:23","modified_gmt":"2020-11-26T08:16:23","slug":"lisboa-insolita-y-secreta","status":"publish","type":"product","link":"https:\/\/jonglezpublishing.com\/es\/producto\/lisboa-insolita-y-secreta\/","title":{"rendered":"LISBOA INS\u00d3LITA Y SECRETA"},"content":{"rendered":"<p>Los azulejos mas bellos que la ciudad esconde, la cabeza del \u00abserial killer\u00bb de Lisboa conservada en formol, los principios cabal\u00edsticos del portal sur del Monasterio de los Jer\u00f3nimos o la teor\u00eda del Quinto Imperio portugu\u00e9s de que encontramos tantos signos en la geograf\u00eda de la ciudad, una excepcional arquitectura pan\u00f3tica de un antiguo hospital, las impresionantes m\u00e1scaras de cera del Museo de Dermatolog\u00eda, el paso secreta del hotel Avenida Palace, la misteriosa abad\u00eda subterr\u00e1nea del Palacio Foz, la raz\u00f3n por la que el escudo de Portugal est\u00e1 inclinado a 17 \u00b0 en la fachada de la fachada estaci\u00f3n de Rossio &#8230;<\/p>\n<p>Lejos de las multitudes y de los lugares comunes habituales, Lisboa todav\u00eda mantiene tesoros escondidos que revela s\u00f3lo a los habitantes y a los viajeros que se aventuran fuera de los circuitos habituales. Una gu\u00eda indispensable para aquellos que pensaban conocer todo sobre Lisboa o para aquellos que desean descubrir la otra frente a la ciudad.<\/p>\n<p>Nueva edici\u00f3n &#8211; 20 nuevos lugares secretos<\/p>\n<p>&nbsp;<\/p>\n<p><em><strong>Vitor Manuel Adri\u00e3o<\/strong>, famoso historiador y fil\u00f3sofo, es el heredero portugu\u00e9s de todos estos conocimientos esot\u00e9ricos. En esta verdadera gu\u00eda inici\u00e1tica nos desvela por primera vez su saber inaudito y descifra de manera sorprendente los arcanos de una ciudad destinada, para algunos, a convertirse en la capital espiritual de Europa. Una gu\u00eda excepcional.<\/em><\/p>\n<p>&nbsp;<\/p>\n<p><b>AUTOR<\/b>\u00a0: Vitor Manuel Adri\u00e3o<br \/>\n<b>P\u00c1GINAS<\/b>\u00a0:\u00a0 272<br \/>\n<b>FORMATO<\/b>:<span class=\"Apple-converted-space\">\u00a0 <\/span>10.5 x 19 cm<span class=\"Apple-converted-space\"><br \/>\n<\/span><b>PRECIO<\/b>: \u20ac17,95 \u2013 US$ 19,95<br \/>\n<b>ISBN:<\/b> 978-2-36195-176-4<span class=\"Apple-converted-space\"><br \/>\n<\/span><b>CONTACTO<\/b>: <a href=\"mailto:info@editorialjonglez.com\"><span class=\"s1\">info@editorialjonglez.com<\/span><\/a><\/p>\n<p>&nbsp;<\/p>\n<div class=\"buttons_cont\">\n<div class=\"button_cont\" align=\"center\"><a class=\"gv_product_btn\" href=\"https:\/\/jonglezpublishing.com\/wp-content\/uploads\/2019\/03\/COVER-LISBON-SP.jpg\" target=\"_blank\" rel=\"noopener noreferrer\">Descargar portada<br \/>\n<\/a><\/div>\n<div class=\"button_cont\" align=\"center\"><a class=\"gv_product_btn\" href=\"https:\/\/jonglezpublishing.com\/wp-content\/uploads\/2019\/03\/EXTRACT-LISBON_SP.pdf\" target=\"_blank\" rel=\"noopener noreferrer\">Leer PDF<\/a><\/div>\n<div class=\"button_cont\" align=\"center\"><a class=\"gv_product_btn\" href=\"https:\/\/www.amazon.es\/Lisboa-insolita-secreta-Manuel-Adriao\/dp\/2361952823\/ref=sr_1_1?__mk_es_ES=\u00c5M\u00c5\u017d\u00d5\u00d1&amp;keywords=lisboa+insolita&amp;qid=1566985859&amp;s=gateway&amp;sr=8-1\" target=\"_blank\" rel=\"noopener noreferrer\">Comprar online<\/a><\/div>\n<\/div>\n","protected":false},"excerpt":{"rendered":"<p>Los azulejos mas bellos que la ciudad esconde, la cabeza del \u00abserial killer\u00bb de Lisboa conservada en formol, los principios<\/p>\n","protected":false},"featured_media":1237,"template":"","meta":[],"product_brand":[],"product_cat":[192,448,449,423,271,272],"product_tag":[246,194,195,244,245,197,199,200],"class_list":{"0":"post-2143","1":"product","2":"type-product","3":"status-publish","4":"has-post-thumbnail","6":"product_cat-english-es","7":"product_cat-french-es","8":"product_cat-german-es","9":"product_cat-guias-insolitas-y-secretas","10":"product_cat-italian-es","11":"product_cat-spanish-es","12":"product_tag-editorial-jonglez-es-3","13":"product_tag-jonglez-es","14":"product_tag-jonglez-publishing-es","15":"product_tag-lisboa","16":"product_tag-lisboa-insolita","17":"product_tag-secret-guides-es","18":"product_tag-secret-travel-guides-es","19":"product_tag-travel-guides-es","21":"first","22":"instock","23":"shipping-taxable","24":"product-type-simple"},"aioseo_notices":[],"_links":{"self":[{"href":"https:\/\/jonglezpublishing.com\/es\/wp-json\/wp\/v2\/product\/2143","targetHints":{"allow":["GET"]}}],"collection":[{"href":"https:\/\/jonglezpublishing.com\/es\/wp-json\/wp\/v2\/product"}],"about":[{"href":"https:\/\/jonglezpublishing.com\/es\/wp-json\/wp\/v2\/types\/product"}],"wp:featuredmedia":[{"embeddable":true,"href":"https:\/\/jonglezpublishing.com\/es\/wp-json\/wp\/v2\/media\/1237"}],"wp:attachment":[{"href":"https:\/\/jonglezpublishing.com\/es\/wp-json\/wp\/v2\/media?parent=2143"}],"wp:term":[{"taxonomy":"product_brand","embeddable":true,"href":"https:\/\/jonglezpublishing.com\/es\/wp-json\/wp\/v2\/product_brand?post=2143"},{"taxonomy":"product_cat","embeddable":true,"href":"https:\/\/jonglezpublishing.com\/es\/wp-json\/wp\/v2\/product_cat?post=2143"},{"taxonomy":"product_tag","embeddable":true,"href":"https:\/\/jonglezpublishing.com\/es\/wp-json\/wp\/v2\/product_tag?post=2143"}],"curies":[{"name":"wp","href":"https:\/\/api.w.org\/{rel}","templated":true}]}}