{"id":2185,"date":"2019-03-04T13:24:01","date_gmt":"2019-03-04T11:24:01","guid":{"rendered":"https:\/\/jonglez.timeforcoffee.gr\/product\/madrid-insolita-y-secreta\/"},"modified":"2025-03-26T14:35:09","modified_gmt":"2025-03-26T12:35:09","slug":"madrid-insolita-y-secreta","status":"publish","type":"product","link":"https:\/\/jonglezpublishing.com\/es\/producto\/madrid-insolita-y-secreta\/","title":{"rendered":"MADRID INS\u00d3LITA Y SECRETA"},"content":{"rendered":"<p>Una torre que flota sobre el agua, un pedazo de la Luna en Madrid, el primer puente peatonal 3D del mundo, una iglesia brutalista, una gasolinera que parece salir de una pel\u00edcula de ciencia ficci\u00f3n, el desconocido t\u00fanel de Bonaparte, uno de los dep\u00f3sitos de agua m\u00e1s originales de Europa, la capilla m\u00e1s alta del mundo, el rey que convirti\u00f3 Madrid en la capital de Armenia, el olor a manzana del cuerpo incorrupto de la Beata Mariana de Jes\u00fas, s\u00edmbolos mas\u00f3nicos en el Ateneo y el Pasillo Verde\u2026<\/p>\n<p>Lejos de las masas y de los habituales clich\u00e9s, Madrid guarda tesoros escondidos que desvela \u00fanicamente a los habitantes y viajeros que buscan salirse de los caminos trillados.<\/p>\n<p>Una gu\u00eda indispensable para los que cre\u00edan que conoc\u00edan bien Madrid o para los que desean descubrir la otra cara de la ciudad.<\/p>\n<p>&nbsp;<\/p>\n<p style=\"text-align: center;\">*Gu\u00eda ganadora de la <strong>medalla de bronce<\/strong> en el Independent Publisher Award en los Estados Unidos.*<\/p>\n<p>&nbsp;<\/p>\n<p><b>AUTORES:<span class=\"Apple-converted-space\">\u00a0 <\/span><\/b>Ver\u00f3nica Ram\u00edrez Muro &amp; Mario Utrilla<br \/>\n<b>P\u00c1GINAS<\/b>: 336<br \/>\n<b>FORMATO<\/b>: 10.5 x 19 cm<span class=\"Apple-converted-space\"><br \/>\n<\/span><b>PRECIO<\/b>:<span class=\"Apple-converted-space\">\u00a0 <\/span>\u20ac 17,95 &#8211;\u00a0<span class=\"Apple-converted-space\">US<\/span>$ 19,95<br \/>\n<b>ISBN<\/b>: 978-2-36195-262-4<br \/>\n<b>CONTACTO<\/b>: <a href=\"mailto:info@editorialjonglez.com\"><span class=\"s1\">info@editorialjonglez.com<\/span><\/a><\/p>\n<p>&nbsp;<\/p>\n<div class=\"buttons_cont\">\n<div class=\"button_cont\" align=\"center\"><a class=\"gv_product_btn\" href=\"https:\/\/jonglezpublishing.com\/wp-content\/uploads\/2019\/03\/couv_madrid_esp.jpg\" target=\"_blank\" rel=\"noopener noreferrer\">Descargar portada<\/a><\/div>\n<div class=\"button_cont\" align=\"center\"><a class=\"gv_product_btn\" href=\"https:\/\/jonglezpublishing.com\/wp-content\/uploads\/2019\/03\/Preview-Madrid-ESP.pdf\" target=\"_blank\" rel=\"noopener noreferrer\">Leer PDF<\/a><\/div>\n<div class=\"button_cont\" align=\"center\"><a class=\"gv_product_btn\" href=\"https:\/\/www.amazon.es\/Madrid-ins\u00f3lita-secreta-Ver\u00f3nica-Ram%C3%ADrez\/dp\/2361952629\/ref=sr_1_1?__mk_es_ES=\u00c5M\u00c5\u017d\u00d5\u00d1&amp;keywords=madrid+insolita&amp;qid=1566984691&amp;s=gateway&amp;sr=8-1\" target=\"_blank\" rel=\"noopener noreferrer\">Comprar online<\/a><\/div>\n<\/div>\n","protected":false},"excerpt":{"rendered":"<p>Una torre que flota sobre el agua, un pedazo de la Luna en Madrid, el primer puente peatonal 3D del<\/p>\n","protected":false},"featured_media":1329,"template":"","meta":[],"product_brand":[],"product_cat":[192,448,423,272],"product_tag":[249,194,195,251,250,197,199,200],"class_list":{"0":"post-2185","1":"product","2":"type-product","3":"status-publish","4":"has-post-thumbnail","6":"product_cat-english-es","7":"product_cat-french-es","8":"product_cat-guias-insolitas-y-secretas","9":"product_cat-spanish-es","10":"product_tag-editorial-jonglez-es-5","11":"product_tag-jonglez-es","12":"product_tag-jonglez-publishing-es","13":"product_tag-madrid-es","14":"product_tag-madrid-insolita","15":"product_tag-secret-guides-es","16":"product_tag-secret-travel-guides-es","17":"product_tag-travel-guides-es","19":"first","20":"instock","21":"shipping-taxable","22":"product-type-simple"},"aioseo_notices":[],"_links":{"self":[{"href":"https:\/\/jonglezpublishing.com\/es\/wp-json\/wp\/v2\/product\/2185","targetHints":{"allow":["GET"]}}],"collection":[{"href":"https:\/\/jonglezpublishing.com\/es\/wp-json\/wp\/v2\/product"}],"about":[{"href":"https:\/\/jonglezpublishing.com\/es\/wp-json\/wp\/v2\/types\/product"}],"wp:featuredmedia":[{"embeddable":true,"href":"https:\/\/jonglezpublishing.com\/es\/wp-json\/wp\/v2\/media\/1329"}],"wp:attachment":[{"href":"https:\/\/jonglezpublishing.com\/es\/wp-json\/wp\/v2\/media?parent=2185"}],"wp:term":[{"taxonomy":"product_brand","embeddable":true,"href":"https:\/\/jonglezpublishing.com\/es\/wp-json\/wp\/v2\/product_brand?post=2185"},{"taxonomy":"product_cat","embeddable":true,"href":"https:\/\/jonglezpublishing.com\/es\/wp-json\/wp\/v2\/product_cat?post=2185"},{"taxonomy":"product_tag","embeddable":true,"href":"https:\/\/jonglezpublishing.com\/es\/wp-json\/wp\/v2\/product_tag?post=2185"}],"curies":[{"name":"wp","href":"https:\/\/api.w.org\/{rel}","templated":true}]}}