{"id":2204,"date":"2019-03-04T13:30:58","date_gmt":"2019-03-04T11:30:58","guid":{"rendered":"https:\/\/jonglez.timeforcoffee.gr\/product\/ciudad-de-mexico-insolita-y-secreta\/"},"modified":"2020-11-26T10:01:26","modified_gmt":"2020-11-26T08:01:26","slug":"ciudad-de-mexico-insolita-y-secreta","status":"publish","type":"product","link":"https:\/\/jonglezpublishing.com\/es\/producto\/ciudad-de-mexico-insolita-y-secreta\/","title":{"rendered":"CIUDAD DE M\u00c9XICO INS\u00d3LITA Y SECRETA"},"content":{"rendered":"<p>El caf\u00e9 olvidado donde se reunieron Fidel Castro y Che Guevara, un homenaje a los fantasmas de la ciudad, un mamut en el metro, una cueva convertida en santuario, unos mosaicos de 1930 en un aparcamiento subterr\u00e1neo, un retablo barroco escondido elaborado con papel mach\u00e9, un pueblo creado seg\u00fan los principios de la Utop\u00eda de Tom\u00e1s Moro, unas joyas del arte virreinal en unos cuartos secretos que abren dos horas a la semana, un edificio de piedra volc\u00e1nica con un mural sobre la guerra nuclear, la azotea verde m\u00e1s grande de Latinoam\u00e9rica, la foto que sirvi\u00f3 de modelo para la estatuilla del \u00d3scar americano, la primera fachada del mundo dise\u00f1ada para \u201ccomerse\u201d el esmog de la ciudad, una calzada dise\u00f1ada para rezar mientras se camina por ella, una joya art\u00edstica de la ciudad en el s\u00f3tano de una estaci\u00f3n de tranv\u00eda, una f\u00e1brica de armas de la II Guerra Mundial convertida en arte, el recuerdo de cuando Pancho Villa retras\u00f3 una batalla hasta que los camar\u00f3grafos llegaran\u2026<\/p>\n<p>Lejos de la multitud y de los clich\u00e9s habituales, M\u00e9xico alberga tesoros bien escondidos que solo revela a los habitantes y a los viajeros que saben salirse de los recorridos habituales.<\/p>\n<p>Una gu\u00eda indispensable para los que cre\u00edan conocer bien Ciudad de M\u00e9xico o para los que desean descubrir la otra cara de la ciudad.<\/p>\n<p>&nbsp;<\/p>\n<p><em><strong>Mario Ya\u00edr T.S.<\/strong> es un entusiasta de la historia y explorador implacable oriundo de la Ciudad de M\u00e9xico. Egresado en Comunicaci\u00f3n Audiovisual, organiza visitas guiadas y ha colaborado en publicaciones como Letra Roja, Time Out M\u00e9xico y Atlas Obscura. Gracias a sus andanzas, es de las pocas personas que conoce la cuarta secci\u00f3n del Bosque de Chapultepec, la estaci\u00f3n fantasma del metro y los t\u00faneles de Coyoac\u00e1n; adem\u00e1s de trabar una estrecha amistad con los manat\u00eds de Xochimilco y la rata gigante de la Merced. Actualmente reside en la Ciudad de M\u00e9xico.<\/em><\/p>\n<p>&nbsp;<\/p>\n<p><b>AUTOR<\/b>: Mario Ya\u00edr T.S.<span class=\"Apple-converted-space\"><br \/>\n<\/span><strong>P\u00c1GINAS<\/strong>:<span class=\"Apple-converted-space\">\u00a0<\/span>400<br \/>\n<b>FORMATO<\/b>:<span class=\"Apple-converted-space\">\u00a0<\/span>10.5 x 19 cm<span class=\"Apple-converted-space\"><br \/>\n<\/span><b>PRECIO<\/b>: 18,95 \u20ac\u00a0\u2013\u00a0US$21.95<br \/>\n<b>ISBN:<\/b> 978-2-36195-173-3<br \/>\n<b>CONTACTO<\/b>: <a href=\"mailto:info@editorialjonglez.com\"><span class=\"s1\">info@editorialjonglez.com<\/span><\/a><\/p>\n<p>&nbsp;<\/p>\n<div class=\"buttons_cont\">\n<div class=\"button_cont\" align=\"center\"><a class=\"gv_product_btn\" href=\"https:\/\/jonglezpublishing.com\/wp-content\/uploads\/2019\/03\/couv_mexico_plat1.jpg\" target=\"_blank\" rel=\"noopener noreferrer\">Descargar portada<br \/>\n<\/a><\/div>\n<div class=\"button_cont\" align=\"center\"><a class=\"gv_product_btn\" href=\"https:\/\/jonglezpublishing.com\/wp-content\/uploads\/2019\/03\/extrait_mexico.pdf\" target=\"_blank\" rel=\"noopener noreferrer\">Leer PDF<\/a><\/div>\n<div class=\"button_cont\" align=\"center\"><a class=\"gv_product_btn\" href=\"https:\/\/www.amazon.es\/M\u00e9xico-Ins\u00f3lita-secreta-Yair-Lobo\/dp\/2361951738\/ref=sr_1_fkmr0_1?__mk_es_ES=\u00c5M\u00c5\u017d\u00d5\u00d1&amp;keywords=ciudad+de+mexico+insolita&amp;qid=1566984525&amp;s=gateway&amp;sr=8-1-fkmr0\" target=\"_blank\" rel=\"noopener noreferrer\">Comprar online<\/a><\/div>\n<\/div>\n","protected":false},"excerpt":{"rendered":"<p>El caf\u00e9 olvidado donde se reunieron Fidel Castro y Che Guevara, un homenaje a los fantasmas de la ciudad, un<\/p>\n","protected":false},"featured_media":1333,"template":"","meta":[],"product_brand":[],"product_cat":[192,448,423,272],"product_tag":[252,253,194,195,254,197,199,200],"class_list":{"0":"post-2204","1":"product","2":"type-product","3":"status-publish","4":"has-post-thumbnail","6":"product_cat-english-es","7":"product_cat-french-es","8":"product_cat-guias-insolitas-y-secretas","9":"product_cat-spanish-es","10":"product_tag-ciudad-de-mexico","11":"product_tag-editorial-jonglez-es-6","12":"product_tag-jonglez-es","13":"product_tag-jonglez-publishing-es","14":"product_tag-mexico-insolita","15":"product_tag-secret-guides-es","16":"product_tag-secret-travel-guides-es","17":"product_tag-travel-guides-es","19":"first","20":"instock","21":"shipping-taxable","22":"product-type-simple"},"aioseo_notices":[],"_links":{"self":[{"href":"https:\/\/jonglezpublishing.com\/es\/wp-json\/wp\/v2\/product\/2204","targetHints":{"allow":["GET"]}}],"collection":[{"href":"https:\/\/jonglezpublishing.com\/es\/wp-json\/wp\/v2\/product"}],"about":[{"href":"https:\/\/jonglezpublishing.com\/es\/wp-json\/wp\/v2\/types\/product"}],"wp:featuredmedia":[{"embeddable":true,"href":"https:\/\/jonglezpublishing.com\/es\/wp-json\/wp\/v2\/media\/1333"}],"wp:attachment":[{"href":"https:\/\/jonglezpublishing.com\/es\/wp-json\/wp\/v2\/media?parent=2204"}],"wp:term":[{"taxonomy":"product_brand","embeddable":true,"href":"https:\/\/jonglezpublishing.com\/es\/wp-json\/wp\/v2\/product_brand?post=2204"},{"taxonomy":"product_cat","embeddable":true,"href":"https:\/\/jonglezpublishing.com\/es\/wp-json\/wp\/v2\/product_cat?post=2204"},{"taxonomy":"product_tag","embeddable":true,"href":"https:\/\/jonglezpublishing.com\/es\/wp-json\/wp\/v2\/product_tag?post=2204"}],"curies":[{"name":"wp","href":"https:\/\/api.w.org\/{rel}","templated":true}]}}