{"id":2237,"date":"2019-03-04T16:34:21","date_gmt":"2019-03-04T14:34:21","guid":{"rendered":"https:\/\/jonglez.timeforcoffee.gr\/product\/milan-insolita-y-secreta\/"},"modified":"2020-11-26T10:30:30","modified_gmt":"2020-11-26T08:30:30","slug":"milan-insolita-y-secreta","status":"publish","type":"product","link":"https:\/\/jonglezpublishing.com\/es\/producto\/milan-insolita-y-secreta\/","title":{"rendered":"MIL\u00c1N INS\u00d3LITA Y SECRETA"},"content":{"rendered":"<p>Descubra una esclusa dise\u00f1ada por Leonardo da Vinci y los secretos de su famosa \u00daltima Cena, encuentre el b\u00fanker escondido de Mussolini, c\u00e1sese en Mil\u00e1n bajo los frescos de Tiepolo, visite casas de artistas normalmente cerradas al p\u00fablico y colecciones privadas excepcionales, admire la escultura de una joven que se afeita el pubis, busque a los boxeadores esculpidos en el tejado de la catedral&#8230;<\/p>\n<p>Lejos de la multitud y de los clich\u00e9s habituales, Mil\u00e1n alberga tesoros bien escondidos que solo revela a los habitantes y a los viajeros que saben salirse de los recorridos habituales.<\/p>\n<p>Una gu\u00eda indispensable para los que cre\u00edan conocer bien Mil\u00e1n o para los que desean descubrir la otra cara de la ciudad.<\/p>\n<p>&nbsp;<\/p>\n<p><b>AUTOR<\/b>:\u00a0<span class=\"Apple-converted-space\">Massimo Polidoro<\/span><b><span class=\"Apple-converted-space\"><br \/>\n<\/span><\/b><b>P\u00c1GINAS<\/b>:\u00a0352<br \/>\n<b>FORMATO<\/b>:\u00a010.5 x 19 cm<br \/>\n<b>PRECIO<\/b>:<span class=\"Apple-converted-space\"> 18,90 \u20ac \u2013 US$ 21.95<br \/>\n<\/span><b>ISBN:<\/b> <span data-sheets-value=\"{&quot;1&quot;:2,&quot;2&quot;:&quot;978-2-36195-056-9&quot;}\" data-sheets-userformat=\"{&quot;2&quot;:12864,&quot;9&quot;:1,&quot;12&quot;:0,&quot;15&quot;:&quot;Cambria&quot;,&quot;16&quot;:11}\">978-2-36195-056-9<\/span><br \/>\n<b>CONTACTO<\/b>: <a href=\"mailto:info@editorialjonglez.com\"><span class=\"s1\">info@editorialjonglez.com<\/span><\/a><\/p>\n<p>&nbsp;<\/p>\n<div class=\"buttons_cont\">\n<div class=\"button_cont\" align=\"center\"><a class=\"gv_product_btn\" href=\"https:\/\/jonglezpublishing.com\/wp-content\/uploads\/2019\/03\/milan_esp.jpg\" target=\"_blank\" rel=\"noopener noreferrer\">Descargar portada<\/a><\/div>\n<div class=\"button_cont\" align=\"center\"><a class=\"gv_product_btn\" href=\"https:\/\/www.amazon.es\/Mil\u00e1n-ins\u00f3lita-secreta-Escritas-Habitantes\/dp\/2361950561\/ref=sr_1_1?__mk_es_ES=\u00c5M\u00c5\u017d\u00d5\u00d1&amp;keywords=milan+insolita&amp;qid=1566983595&amp;s=gateway&amp;sr=8-1\" target=\"_blank\" rel=\"noopener noreferrer\">Comprar online<\/a><\/div>\n<\/div>\n","protected":false},"excerpt":{"rendered":"<p>Descubra una esclusa dise\u00f1ada por Leonardo da Vinci y los secretos de su famosa \u00daltima Cena, encuentre el b\u00fanker escondido<\/p>\n","protected":false},"featured_media":1401,"template":"","meta":[],"product_brand":[],"product_cat":[192,448,423,271,272],"product_tag":[256,194,195,257,255,197,199,200],"class_list":{"0":"post-2237","1":"product","2":"type-product","3":"status-publish","4":"has-post-thumbnail","6":"product_cat-english-es","7":"product_cat-french-es","8":"product_cat-guias-insolitas-y-secretas","9":"product_cat-italian-es","10":"product_cat-spanish-es","11":"product_tag-editorial-jonglez-es-7","12":"product_tag-jonglez-es","13":"product_tag-jonglez-publishing-es","14":"product_tag-milan-es","15":"product_tag-milan-insolita","16":"product_tag-secret-guides-es","17":"product_tag-secret-travel-guides-es","18":"product_tag-travel-guides-es","20":"first","21":"instock","22":"shipping-taxable","23":"product-type-simple"},"aioseo_notices":[],"_links":{"self":[{"href":"https:\/\/jonglezpublishing.com\/es\/wp-json\/wp\/v2\/product\/2237","targetHints":{"allow":["GET"]}}],"collection":[{"href":"https:\/\/jonglezpublishing.com\/es\/wp-json\/wp\/v2\/product"}],"about":[{"href":"https:\/\/jonglezpublishing.com\/es\/wp-json\/wp\/v2\/types\/product"}],"wp:featuredmedia":[{"embeddable":true,"href":"https:\/\/jonglezpublishing.com\/es\/wp-json\/wp\/v2\/media\/1401"}],"wp:attachment":[{"href":"https:\/\/jonglezpublishing.com\/es\/wp-json\/wp\/v2\/media?parent=2237"}],"wp:term":[{"taxonomy":"product_brand","embeddable":true,"href":"https:\/\/jonglezpublishing.com\/es\/wp-json\/wp\/v2\/product_brand?post=2237"},{"taxonomy":"product_cat","embeddable":true,"href":"https:\/\/jonglezpublishing.com\/es\/wp-json\/wp\/v2\/product_cat?post=2237"},{"taxonomy":"product_tag","embeddable":true,"href":"https:\/\/jonglezpublishing.com\/es\/wp-json\/wp\/v2\/product_tag?post=2237"}],"curies":[{"name":"wp","href":"https:\/\/api.w.org\/{rel}","templated":true}]}}