{"id":2256,"date":"2019-03-04T16:20:40","date_gmt":"2019-03-04T16:20:40","guid":{"rendered":"https:\/\/jonglez.timeforcoffee.gr\/product\/granada-insolita-y-secreta\/"},"modified":"2022-05-24T20:38:17","modified_gmt":"2022-05-24T17:38:17","slug":"granada-insolita-y-secreta","status":"publish","type":"product","link":"https:\/\/jonglezpublishing.com\/es\/producto\/granada-insolita-y-secreta\/","title":{"rendered":"GRANADA INS\u00d3LITA Y SECRETA"},"content":{"rendered":"<p class=\"p1\">Una momia en una casa particular, un campeonato de\u00a0ajedrez en el agua, grafitis del tiempo de los \u00e1rabes, una\u00a0r\u00e9plica del Pante\u00f3n de Agripa para bodas japonesas,\u00a0la simbolog\u00eda oculta de la Fuente de los Leones y el\u00a0hermetismo de la Alhambra, un espectacular museo\u00a0naturalista del siglo XIX, un curioso reloj para celebrar el\u00a0nacimiento de Mahoma, una capilla \u2018pichina\u2019 muy er\u00f3tica,\u00a0el quinto evangelio del Sacromonte, los puentes \u00e1rabes del\u00a0r\u00edo Darro ocultos bajo el centro mismo de la ciudad.<\/p>\n<p class=\"p1\">Lejos de las masas y de los habituales clich\u00e9s, Granada sigue\u00a0guardando tesoros escondidos que desvela \u00fanicamente a los habitantes y viajeros que buscan salirse de los caminos trillados.<\/p>\n<p class=\"p1\">Una gu\u00eda indispensable para los que cre\u00edan conocer bien\u00a0Granada o para los que desean descubrir la otra cara de la ciudad.<\/p>\n<p>&nbsp;<\/p>\n<p><em><strong>C\u00e9sar Requesens\u00a0<\/strong>(Melilla, 1965) es escritor y periodista.\u00a0Autor de los t\u00edtulos <\/em>Supermercado del esp\u00edritu<em> (2003 y 2006), <\/em>Granada secreta y subterr\u00e1nea<em> (2008), <\/em>T\u00fa no eres t\u00fa <em>(2009), <\/em>Siete relatos disperso<em>s (2009)\u00a0y <\/em>Granada ins\u00f3lita y secreta<em> (2015), colabora habitualmente en <\/em>Es Radio \u2013 Granada<em> y en el diario <\/em>Granada Hoy<em>.\u00a0Profesor de escritura creativa en el CCU Casa de Porras de la Universidad de Granada y en el Centro Andaluz de las Letras, coordina el Taller de Escritores Puravida de Granada y las rutas culturales <a href=\"http:\/\/www.granadasecreta.com\/\" target=\"_blank\" rel=\"noopener noreferrer\" data-saferedirecturl=\"https:\/\/www.google.com\/url?q=http:\/\/www.granadasecreta.com\/&amp;source=gmail&amp;ust=1606575787635000&amp;usg=AFQjCNFZl5spzXzbce9cWLl-53TpLegRnw\">www.granadasecreta.com<\/a>. <span lang=\"ES\">Es miembro del Colegio de Periodistas de Andaluc\u00eda, del Centro Art\u00edstico de Granada y S\u00e1trapa Transcendente del Instituto Pataf\u00edsico Granatensis.<\/span><\/em><\/p>\n<p>&nbsp;<\/p>\n<p><b>AUTOR<\/b>:<span class=\"Apple-converted-space\"> C\u00e9sar Requesens<br \/>\n<\/span><b><span class=\"Apple-converted-space\">EDICI\u00d3N<\/span><\/b><span class=\"Apple-converted-space\">: 02<\/span><b><span class=\"Apple-converted-space\"><br \/>\n<\/span><\/b><b>P\u00c1GINAS<\/b>: 208<br \/>\n<b>FORMATO<\/b>: 10.5 x 19 cm<br \/>\n<b>PRECIO<\/b>:<span class=\"Apple-converted-space\"> 17,95 \u20ac \u2013 US$ 21.95<br \/>\n<\/span><b>ISBN<\/b>: <span data-sheets-value=\"{&quot;1&quot;:2,&quot;2&quot;:&quot;978-2-36195-304-1&quot;}\" data-sheets-userformat=\"{&quot;2&quot;:12865,&quot;3&quot;:{&quot;1&quot;:0},&quot;9&quot;:1,&quot;12&quot;:0,&quot;15&quot;:&quot;Cambria&quot;,&quot;16&quot;:11}\">978-2-36195-304-1<\/span><br \/>\n<b>CONTACTO<\/b>: <a href=\"mailto:info@editorialjonglez.com\"><span class=\"s1\">info@editorialjonglez.com<\/span><\/a><\/p>\n<div class=\"buttons_cont\">\n<div align=\"center\"><\/div>\n<div class=\"button_cont\" align=\"center\"><a class=\"gv_product_btn\" href=\"https:\/\/jonglezpublishing.com\/wp-content\/uploads\/2019\/03\/Couv-Granada.jpeg\" target=\"_blank\" rel=\"noopener noreferrer\">Descargar portada<br \/>\n<\/a><\/div>\n<div class=\"button_cont\" align=\"center\"><a class=\"gv_product_btn\" href=\"https:\/\/jonglezpublishing.com\/wp-content\/uploads\/2019\/03\/Granada_22_spPreview.pdf\" target=\"_blank\" rel=\"noopener noreferrer\">Leer PDF<\/a><\/div>\n<div class=\"button_cont\" align=\"center\"><a class=\"gv_product_btn\" href=\"https:\/\/www.amazon.es\/Granada-Ins%C3%B3lita-Secreta-Escritas-Habitantes\/dp\/2361953048\/ref=sr_1_2?__mk_es_ES=%C3%85M%C3%85%C5%BD%C3%95%C3%91&amp;crid=OYB6JDQT7N17&amp;keywords=granada+insolita+y+secreta&amp;qid=1653413795&amp;sprefix=granada+insolita+y+secreta%2Caps%2C440&amp;sr=8-2\" target=\"_blank\" rel=\"noopener noreferrer\">Comprar online<\/a><\/div>\n<\/div>\n","protected":false},"excerpt":{"rendered":"<p>Una momia en una casa particular, un campeonato de\u00a0ajedrez en el agua, grafitis del tiempo de los \u00e1rabes, una\u00a0r\u00e9plica del<\/p>\n","protected":false},"featured_media":10127,"template":"","meta":[],"product_brand":[],"product_cat":[192,448,423,272],"product_tag":[259,258,194,195,197,199,200],"class_list":{"0":"post-2256","1":"product","2":"type-product","3":"status-publish","4":"has-post-thumbnail","6":"product_cat-english-es","7":"product_cat-french-es","8":"product_cat-guias-insolitas-y-secretas","9":"product_cat-spanish-es","10":"product_tag-editorial-jonglez-es-8","11":"product_tag-granada-insolita","12":"product_tag-jonglez-es","13":"product_tag-jonglez-publishing-es","14":"product_tag-secret-guides-es","15":"product_tag-secret-travel-guides-es","16":"product_tag-travel-guides-es","18":"first","19":"instock","20":"shipping-taxable","21":"product-type-simple"},"aioseo_notices":[],"_links":{"self":[{"href":"https:\/\/jonglezpublishing.com\/es\/wp-json\/wp\/v2\/product\/2256","targetHints":{"allow":["GET"]}}],"collection":[{"href":"https:\/\/jonglezpublishing.com\/es\/wp-json\/wp\/v2\/product"}],"about":[{"href":"https:\/\/jonglezpublishing.com\/es\/wp-json\/wp\/v2\/types\/product"}],"wp:featuredmedia":[{"embeddable":true,"href":"https:\/\/jonglezpublishing.com\/es\/wp-json\/wp\/v2\/media\/10127"}],"wp:attachment":[{"href":"https:\/\/jonglezpublishing.com\/es\/wp-json\/wp\/v2\/media?parent=2256"}],"wp:term":[{"taxonomy":"product_brand","embeddable":true,"href":"https:\/\/jonglezpublishing.com\/es\/wp-json\/wp\/v2\/product_brand?post=2256"},{"taxonomy":"product_cat","embeddable":true,"href":"https:\/\/jonglezpublishing.com\/es\/wp-json\/wp\/v2\/product_cat?post=2256"},{"taxonomy":"product_tag","embeddable":true,"href":"https:\/\/jonglezpublishing.com\/es\/wp-json\/wp\/v2\/product_tag?post=2256"}],"curies":[{"name":"wp","href":"https:\/\/api.w.org\/{rel}","templated":true}]}}