{"id":2281,"date":"2019-03-01T15:36:41","date_gmt":"2019-03-01T13:36:41","guid":{"rendered":"https:\/\/jonglez.timeforcoffee.gr\/product\/roma-insolita-y-secreta\/"},"modified":"2025-06-22T11:41:22","modified_gmt":"2025-06-22T08:41:22","slug":"roma-insolita-y-secreta","status":"publish","type":"product","link":"https:\/\/jonglezpublishing.com\/es\/producto\/roma-insolita-y-secreta\/","title":{"rendered":"ROMA INS\u00d3LITA Y SECRETA"},"content":{"rendered":"<p>Visite palacios que normalmente est\u00e1n cerrados al p\u00fablico, asista a un concierto en un magn\u00edfico oratorio secreto, bendiga a su perro o su coche, organice una cena para dos en un palacio privado, contemple excepcionales obras de arte sin turistas alrededor, admire una excepcional meridiana cat\u00f3ptrica o una sorprendente anamorfosis, descubra el asombroso cuadro motorizado de Rubens, conozca los secretos del Vaticano, descubra la obra maestra perdida de Bernini, rece ante el icono del Rostro Sagrado de Cristo que fue llevado a la Luna en 1969, proteja su garganta contra los rigores del invierno&#8230;<\/p>\n<p>Lejos de las masas y de los habituales clich\u00e9s, Roma sigue guardando tesoros escondidos que desvela \u00fanicamente a<br \/>\nlos habitantes y viajeros que buscan salirse de los caminos trillados.<\/p>\n<p>Una gu\u00eda indispensable para los que cre\u00edan que conoc\u00edan bien Roma o para los que desean descubrir la otra cara de la ciudad.<\/p>\n<p>&nbsp;<\/p>\n<p><b>AUTORES<\/b>: Ginevra Lovatelli, Adriano Morabito y Marco Gradozzi<br \/>\n<b>P\u00c1GINAS<\/b>: 400<br \/>\n<b>FORMATO<\/b>: 10.5 x 19 cm<br \/>\n<b>PRECIO<\/b>: 18,95 \u20ac \u2013 US$ 21,95<br \/>\n<b>ISBN<\/b>: 978-2-36195-883-1<br \/>\n<b>CONTACTO<\/b>: <a href=\"mailto:info@editorialjonglez.com\"><span class=\"s1\">info@editorialjonglez.com<\/span><\/a><\/p>\n<p>&nbsp;<\/p>\n<div class=\"buttons_cont\">\n<div class=\"button_cont\" align=\"center\"><a class=\"gv_product_btn\" href=\"https:\/\/jonglezpublishing.com\/wp-content\/uploads\/2019\/03\/Couv_Rome_ES_2025_RVB-1-scaled.jpg\" target=\"_blank\" rel=\"noopener\">Descargar portada<br \/>\n<\/a><\/div>\n<div class=\"button_cont\" align=\"center\"><a class=\"gv_product_btn\" href=\"https:\/\/jonglezpublishing.com\/wp-content\/uploads\/2025\/06\/PREVIEW-Roma-ES.pdf\" target=\"_blank\" rel=\"noopener\">Leer PDF<\/a><\/div>\n<div class=\"button_cont\" align=\"center\"><a class=\"gv_product_btn\" href=\"https:\/\/www.amazon.es\/-\/en\/Ginevra-Lovatelli\/dp\/236195883X\/ref=sr_1_2?crid=1K108BOHS1S02&amp;dib=eyJ2IjoiMSJ9.NrHy8-54I9X-u1q2hN_NMPn-ca4zFgx5i15P0nwx9L7S8rkDOuxcX6jsXMeXGm7UUJI3CZwE6SahCvR7_k8FAXGkndhBrFXbfvuabsfoT3YaW_lifXnvMJf1boaJ0rOpBANroYv8awvkEtEbS_agUWVHsR4_s5CiLznQpjLDcFZf4ZTCu-yT-l27Yi5_sqQ3OGyd3wvfe7qzKcyVlhr_YVC3nvjq6eOg6sxl7kok9mDgZ7scduhmDOTsJ1EA3oWIZMMCE_8eiRbI3RravTaXoKnBd0MG_AhpW7CrskP_WLo.HA9rySr045Xfc8QzbbzmdPunrvRpfzh3cIvZkf0a_jE&amp;dib_tag=se&amp;keywords=ROMA+INS%C3%93LITA+Y+SECRETA&amp;qid=1750581655&amp;sprefix=bruselas%2Caps%2C801&amp;sr=8-2\" target=\"_blank\" rel=\"noopener\">Comprar online<\/a><\/div>\n<\/div>\n","protected":false},"excerpt":{"rendered":"<p>Visite palacios que normalmente est\u00e1n cerrados al p\u00fablico, asista a un concierto en un magn\u00edfico oratorio secreto, bendiga a su<\/p>\n","protected":false},"featured_media":14176,"template":"","meta":[],"product_brand":[],"product_cat":[192,448,449,423,271,272],"product_tag":[261,242,194,195,260,197,199,200],"class_list":{"0":"post-2281","1":"product","2":"type-product","3":"status-publish","4":"has-post-thumbnail","6":"product_cat-english-es","7":"product_cat-french-es","8":"product_cat-german-es","9":"product_cat-guias-insolitas-y-secretas","10":"product_cat-italian-es","11":"product_cat-spanish-es","12":"product_tag-editorial-jonglez-es-9","13":"product_tag-florencia-insolita","14":"product_tag-jonglez-es","15":"product_tag-jonglez-publishing-es","16":"product_tag-roma-insolita","17":"product_tag-secret-guides-es","18":"product_tag-secret-travel-guides-es","19":"product_tag-travel-guides-es","21":"first","22":"instock","23":"shipping-taxable","24":"product-type-simple"},"aioseo_notices":[],"_links":{"self":[{"href":"https:\/\/jonglezpublishing.com\/es\/wp-json\/wp\/v2\/product\/2281","targetHints":{"allow":["GET"]}}],"collection":[{"href":"https:\/\/jonglezpublishing.com\/es\/wp-json\/wp\/v2\/product"}],"about":[{"href":"https:\/\/jonglezpublishing.com\/es\/wp-json\/wp\/v2\/types\/product"}],"wp:featuredmedia":[{"embeddable":true,"href":"https:\/\/jonglezpublishing.com\/es\/wp-json\/wp\/v2\/media\/14176"}],"wp:attachment":[{"href":"https:\/\/jonglezpublishing.com\/es\/wp-json\/wp\/v2\/media?parent=2281"}],"wp:term":[{"taxonomy":"product_brand","embeddable":true,"href":"https:\/\/jonglezpublishing.com\/es\/wp-json\/wp\/v2\/product_brand?post=2281"},{"taxonomy":"product_cat","embeddable":true,"href":"https:\/\/jonglezpublishing.com\/es\/wp-json\/wp\/v2\/product_cat?post=2281"},{"taxonomy":"product_tag","embeddable":true,"href":"https:\/\/jonglezpublishing.com\/es\/wp-json\/wp\/v2\/product_tag?post=2281"}],"curies":[{"name":"wp","href":"https:\/\/api.w.org\/{rel}","templated":true}]}}