{"id":2306,"date":"2019-03-04T16:15:55","date_gmt":"2019-03-04T16:15:55","guid":{"rendered":"https:\/\/jonglez.timeforcoffee.gr\/product\/praga-insolita-y-secreta\/"},"modified":"2020-11-26T13:26:52","modified_gmt":"2020-11-26T11:26:52","slug":"praga-insolita-y-secreta","status":"publish","type":"product","link":"https:\/\/jonglezpublishing.com\/es\/producto\/praga-insolita-y-secreta\/","title":{"rendered":"PRAGA INS\u00d3LITA Y SECRETA"},"content":{"rendered":"<p>Una obra de arte del modernismo totalmente desconocida, los secretos de los alquimistas del castillo, el mensaje del pal\u00edndromo oculto en el Puente de Carlos, los misterios de la c\u00e1bala jud\u00eda del gueto, la mano disecada de un ladr\u00f3n en una iglesia, una estatua con los intestinos a la vista, el emplazamiento del cuasimodo de Praga, el mayor t\u00fanel aerodin\u00e1mico de la Rep\u00fablica Checa, un trozo de la gran pir\u00e1mide de Egipto en un cementerio de perros, un reloj que gira al rev\u00e9s, una casa-museo pintada de azul para su propietario m\u00fasico casi ciego&#8230;<\/p>\n<p>Lejos de la multitud y de los clich\u00e9s habituales, Praga alberga tesoros bien escondidos que solo revela a los habitantes y a los viajeros que saben salirse de los recorridos habituales.<\/p>\n<p>Una gu\u00eda indispensable para los que cre\u00edan conocer bien Praga o para los que desean descubrir la otra cara de la ciudad.<\/p>\n<p>&nbsp;<\/p>\n<p><em>Historiador, fil\u00f3sofo, artista y experto mundialmente conocido de la capital donde vive desde siempre, <strong>Martin Stejskal<\/strong> nos abre las puertas de una de las ciudades m\u00e1s misteriosas y fascinantes del mundo.<\/em><\/p>\n<p>&nbsp;<\/p>\n<p><b>AUTOR<\/b>:<span class=\"Apple-converted-space\"> Martin Stejskal<br \/>\n<\/span><b>P\u00c1GINAS<\/b>: 256<br \/>\n<b>FORMATO<\/b>:\u00a010.5 x 19 cm<span class=\"Apple-converted-space\"><br \/>\n<\/span><b>PRECIO<\/b>:<span class=\"Apple-converted-space\"> 17,90 \u20ac \u2013 US$ 19.95<br \/>\n<\/span><b>ISBN<\/b>: <span data-sheets-value=\"{&quot;1&quot;:2,&quot;2&quot;:&quot;978-2-36195-032-3&quot;}\" data-sheets-userformat=\"{&quot;2&quot;:12864,&quot;9&quot;:1,&quot;12&quot;:0,&quot;15&quot;:&quot;Cambria&quot;,&quot;16&quot;:11}\">978-2-36195-032-3<br \/>\n<\/span><strong>CONTACTO<\/strong>: <a href=\"mailto:info@editorialjonglez.com\"><span class=\"s1\">info@editorialjonglez.com<\/span><\/a><\/p>\n<p>&nbsp;<\/p>\n<div class=\"buttons_cont\">\n<div class=\"button_cont\" align=\"center\"><a class=\"gv_product_btn\" href=\"https:\/\/jonglezpublishing.com\/wp-content\/uploads\/2019\/03\/prague_esp.jpg\" target=\"_blank\" rel=\"noopener noreferrer\">Descargar portada<\/a><\/div>\n<div class=\"button_cont\" align=\"center\"><a class=\"gv_product_btn\" href=\"https:\/\/www.amazon.es\/Praga-Ins\u00f3lita-Y-Secreta-91802\/dp\/2361950324\/ref=sr_1_1?__mk_es_ES=\u00c5M\u00c5\u017d\u00d5\u00d1&amp;keywords=praga+insolita&amp;qid=1566983946&amp;s=gateway&amp;sr=8-1\" target=\"_blank\" rel=\"noopener noreferrer\">Comprar online<\/a><\/div>\n<\/div>\n","protected":false},"excerpt":{"rendered":"<p>Una obra de arte del modernismo totalmente desconocida, los secretos de los alquimistas del castillo, el mensaje del pal\u00edndromo oculto<\/p>\n","protected":false},"featured_media":1389,"template":"","meta":[],"product_brand":[],"product_cat":[192,448,423,271,272],"product_tag":[262,194,195,263,197,199,200],"class_list":{"0":"post-2306","1":"product","2":"type-product","3":"status-publish","4":"has-post-thumbnail","6":"product_cat-english-es","7":"product_cat-french-es","8":"product_cat-guias-insolitas-y-secretas","9":"product_cat-italian-es","10":"product_cat-spanish-es","11":"product_tag-editorial-jonglez-es-10","12":"product_tag-jonglez-es","13":"product_tag-jonglez-publishing-es","14":"product_tag-praga-insolita","15":"product_tag-secret-guides-es","16":"product_tag-secret-travel-guides-es","17":"product_tag-travel-guides-es","19":"first","20":"instock","21":"shipping-taxable","22":"product-type-simple"},"aioseo_notices":[],"_links":{"self":[{"href":"https:\/\/jonglezpublishing.com\/es\/wp-json\/wp\/v2\/product\/2306","targetHints":{"allow":["GET"]}}],"collection":[{"href":"https:\/\/jonglezpublishing.com\/es\/wp-json\/wp\/v2\/product"}],"about":[{"href":"https:\/\/jonglezpublishing.com\/es\/wp-json\/wp\/v2\/types\/product"}],"wp:featuredmedia":[{"embeddable":true,"href":"https:\/\/jonglezpublishing.com\/es\/wp-json\/wp\/v2\/media\/1389"}],"wp:attachment":[{"href":"https:\/\/jonglezpublishing.com\/es\/wp-json\/wp\/v2\/media?parent=2306"}],"wp:term":[{"taxonomy":"product_brand","embeddable":true,"href":"https:\/\/jonglezpublishing.com\/es\/wp-json\/wp\/v2\/product_brand?post=2306"},{"taxonomy":"product_cat","embeddable":true,"href":"https:\/\/jonglezpublishing.com\/es\/wp-json\/wp\/v2\/product_cat?post=2306"},{"taxonomy":"product_tag","embeddable":true,"href":"https:\/\/jonglezpublishing.com\/es\/wp-json\/wp\/v2\/product_tag?post=2306"}],"curies":[{"name":"wp","href":"https:\/\/api.w.org\/{rel}","templated":true}]}}