{"id":2329,"date":"2019-03-04T15:36:17","date_gmt":"2019-03-04T13:36:17","guid":{"rendered":"https:\/\/jonglez.timeforcoffee.gr\/product\/rio-insolita-y-secreta\/"},"modified":"2020-11-26T13:28:05","modified_gmt":"2020-11-26T11:28:05","slug":"rio-insolita-y-secreta","status":"publish","type":"product","link":"https:\/\/jonglezpublishing.com\/es\/producto\/rio-insolita-y-secreta\/","title":{"rendered":"R\u00cdO INS\u00d3LITA Y SECRETA"},"content":{"rendered":"<p>Una asombrosa colina donde est\u00e1n enterrados los \u201cangelitos\u201d, unos magn\u00edficos edificios art d\u00e9co olvidados, ver despegar un avi\u00f3n desde muy cerca, los vestigios de las exposiciones de 1908 y 1922, un magn\u00edfico palacio privado que se puede visitar una vez al mes, una m\u00e1quina de escribir que tiran por la ventana, unas cer\u00e1micas modernistas ocultas en una terraza de la 15\u00aa planta de un antiguo ministerio, una hermosa escalera secreta, unos paseos y vistas desconocidos de la ciudad, un talism\u00e1n que abarca desde el Amazonas hasta Copacabana, los vestigios del r\u00edo Carioca, una curios\u00edsima estatua de la bisabuela de Jes\u00fas, una obra de arte en una favela, un antiguo hangar para dirigibles\u2026<\/p>\n<p>Lejos\u00a0de la\u00a0multitud, de los\u00a0habituales\u00a0clich\u00e9s y\u00a0del\u00a0carnaval, R\u00edo de Janeiro\u00a0posee\u00a0incontables tesoros\u00a0que solo\u00a0desvela\u00a0a los habitantes y a los\u00a0viajeros que\u00a0buscan\u00a0salirse\u00a0de los\u00a0recorridos habituales.<\/p>\n<p>Una\u00a0gu\u00eda\u00a0indispensable para\u00a0aquellos\u00a0que\u00a0cre\u00edan\u00a0conocer\u00a0bien R\u00edo o para\u00a0aquellos\u00a0que\u00a0desean descubrir\u00a0la\u00a0otra\u00a0cara\u00a0de la\u00a0ciudad.<\/p>\n<p>&nbsp;<\/p>\n<p><strong>AUTORES<\/strong>: Manoel de Almeida e Silva, Marcio Roiter &amp; Thomas Jonglez<br \/>\n<strong>P\u00c1GINAS<\/strong>:\u00a0320<br \/>\n<strong>FORMATO<\/strong>: 10.5 x 19 cm<br \/>\n<strong>PRECIO<\/strong>: 17,90 \u20ac \u2013 US$ 19.95<br \/>\n<strong>ISBN:<\/strong>\u00a0978-2-36195-145-0<br \/>\n<strong>CONTACTO<\/strong>: <a href=\"mailto:info@editiorialjonglez.com\">info@editiorialjonglez.com<\/a><\/p>\n<p>&nbsp;<\/p>\n<div class=\"buttons_cont\">\n<div class=\"button_cont\" align=\"center\"><a class=\"gv_product_btn\" href=\"https:\/\/jonglezpublishing.com\/wp-content\/uploads\/2019\/03\/couv_rio-ES.jpg\" target=\"_blank\" rel=\"noopener noreferrer\">Descargar portada<\/a><\/div>\n<div class=\"button_cont\" align=\"center\"><a class=\"gv_product_btn\" href=\"https:\/\/jonglezpublishing.com\/wp-content\/uploads\/2019\/03\/PREVIEW_RIO_ESP.pdf\" target=\"_blank\" rel=\"noopener noreferrer\">Leer PDF<\/a><\/div>\n<div class=\"button_cont\" align=\"center\"><a class=\"gv_product_btn\" href=\"https:\/\/www.amazon.es\/SPA-RIO-INSOLITA-SECRETA-Manoel-Almeida\/dp\/2361951452\/ref=sr_1_5?__mk_es_ES=\u00c5M\u00c5\u017d\u00d5\u00d1&amp;keywords=rio+insolita&amp;qid=1566984008&amp;s=gateway&amp;sr=8-5\" target=\"_blank\" rel=\"noopener noreferrer\">Comprar online<\/a><\/div>\n<\/div>\n","protected":false},"excerpt":{"rendered":"<p>Una asombrosa colina donde est\u00e1n enterrados los \u201cangelitos\u201d, unos magn\u00edficos edificios art d\u00e9co olvidados, ver despegar un avi\u00f3n desde muy<\/p>\n","protected":false},"featured_media":1381,"template":"","meta":[],"product_brand":[],"product_cat":[192,448,423,271,272],"product_tag":[193,266,194,195,264,265,197,199],"class_list":{"0":"post-2329","1":"product","2":"type-product","3":"status-publish","4":"has-post-thumbnail","6":"product_cat-english-es","7":"product_cat-french-es","8":"product_cat-guias-insolitas-y-secretas","9":"product_cat-italian-es","10":"product_cat-spanish-es","11":"product_tag-award-winning-es","12":"product_tag-editorial-jonglez-es-11","13":"product_tag-jonglez-es","14":"product_tag-jonglez-publishing-es","15":"product_tag-rio-es","16":"product_tag-rio-insolitas","17":"product_tag-secret-guides-es","18":"product_tag-secret-travel-guides-es","20":"first","21":"instock","22":"shipping-taxable","23":"product-type-simple"},"aioseo_notices":[],"_links":{"self":[{"href":"https:\/\/jonglezpublishing.com\/es\/wp-json\/wp\/v2\/product\/2329","targetHints":{"allow":["GET"]}}],"collection":[{"href":"https:\/\/jonglezpublishing.com\/es\/wp-json\/wp\/v2\/product"}],"about":[{"href":"https:\/\/jonglezpublishing.com\/es\/wp-json\/wp\/v2\/types\/product"}],"wp:featuredmedia":[{"embeddable":true,"href":"https:\/\/jonglezpublishing.com\/es\/wp-json\/wp\/v2\/media\/1381"}],"wp:attachment":[{"href":"https:\/\/jonglezpublishing.com\/es\/wp-json\/wp\/v2\/media?parent=2329"}],"wp:term":[{"taxonomy":"product_brand","embeddable":true,"href":"https:\/\/jonglezpublishing.com\/es\/wp-json\/wp\/v2\/product_brand?post=2329"},{"taxonomy":"product_cat","embeddable":true,"href":"https:\/\/jonglezpublishing.com\/es\/wp-json\/wp\/v2\/product_cat?post=2329"},{"taxonomy":"product_tag","embeddable":true,"href":"https:\/\/jonglezpublishing.com\/es\/wp-json\/wp\/v2\/product_tag?post=2329"}],"curies":[{"name":"wp","href":"https:\/\/api.w.org\/{rel}","templated":true}]}}