{"id":2358,"date":"2019-03-04T14:11:37","date_gmt":"2019-03-04T12:11:37","guid":{"rendered":"https:\/\/jonglez.timeforcoffee.gr\/product\/tokio-insolita-y-secreta\/"},"modified":"2020-11-26T13:37:40","modified_gmt":"2020-11-26T11:37:40","slug":"tokio-insolita-y-secreta","status":"publish","type":"product","link":"https:\/\/jonglezpublishing.com\/es\/producto\/tokio-insolita-y-secreta\/","title":{"rendered":"TOKIO INS\u00d3LITA Y SECRETA"},"content":{"rendered":"<p>Un jard\u00edn en altura al que solo se puede llegar en ascensor, una \u201cgran muralla\u201d que\u00a0sirve de cortafuegos gigante, un ca\u00f1\u00f3n en plena ciudad, una estatua para deshacerse\u00a0de las verrugas, unos ba\u00f1os de ultradise\u00f1o, un parque para deportes \u00fanicos en el mundo,\u00a0un \u00e1rbol extraordinario para dejar de fumar, un girasol electr\u00f3nico, un espectacular\u00a0templo moderno escondido en el coraz\u00f3n de Shinjuku, una calle que causa pesadillas a\u00a0los taxistas tokiotas, un edificio gigante con forma de barco de guerra, unos r\u00edos ocultos,\u00a0un parque dedicado a la filosof\u00eda, un estadio donde los cangrejos invad\u00edan el c\u00e9sped, un\u00a0lugar sagrado para ver los cerezos en flor, un edificio con forma de robot de combate de\u00a0ciencia ficci\u00f3n, unas estelas para las personas que han sido disecadas en pro de la ciencia,\u00a0una granja dentro de unas oficinas, la exc\u00e9ntrica construcci\u00f3n del Gaud\u00ed de Tokio\u2026<\/p>\n<p>Lejos de la multitud y de los clich\u00e9s habituales, Tokio alberga tesoros bien escondidos que solo revela a los habitantes y a los viajeros que saben salirse de los recorridos habituales.<\/p>\n<p>Una gu\u00eda indispensable para los que cre\u00edan conocer bien Tokio o para los que desean descubrir la otra cara de la ciudad.<\/p>\n<p>&nbsp;<\/p>\n<p><em>Nacido en Francia en 1976, <strong>Pierre Musti\u00e8re<\/strong> vive en Tokio desde 1998. Casado con una japonesa\u00a0menos enamorada de Tokio que \u00e9l, apasionado por la historia de la ciudad e interesado por sus peque\u00f1as\u00a0historias, los fines de semana suele pasear por los rincones desconocidos de la capital nipona en busca de un\u00a0puente perdido, de una callejuela oscura, de un santuario escondido o de un jard\u00edn oculto, para descubrir o\u00a0redescubrir partes de esta metr\u00f3polis que cre\u00eda conocer.<\/em><\/p>\n<p><em><b>Y<\/b><b>oko Kera <\/b>(\u826f \u66dc \u5b50 \u5b50) es originaria de la isla de Sado, en el mar del Jap\u00f3n. Se mud\u00f3 a Tokio para estudiar en la prestigiosa Universidad de Tokio (Todai) y le interesan especialmente las influencias internacionales que tiene Tokio.<span class=\"Apple-converted-space\">\u00a0<\/span><\/em><\/p>\n<p><em>Pierre y Yoko est\u00e1n casados y tienen una hija.<span class=\"Apple-converted-space\">\u00a0<\/span><\/em><\/p>\n<p>&nbsp;<\/p>\n<p><b>AUTORES<\/b>: Pierre Musti\u00e8re &amp; Yoko Kera<br \/>\n<b>P\u00c1GINAS<\/b>:\u00a0304<br \/>\n<b>FORMATO<\/b>: 10.5 x 19 cm<span class=\"Apple-converted-space\"><br \/>\n<\/span><b>PRECIO<\/b>:<span class=\"Apple-converted-space\"> 17,90 \u20ac \u2013 \u00a0US$ 19.95<br \/>\n<\/span><b>ISBN:<\/b> <span data-sheets-value=\"{&quot;1&quot;:2,&quot;2&quot;:&quot;978-2-36195-117-7&quot;}\" data-sheets-userformat=\"{&quot;2&quot;:12864,&quot;9&quot;:1,&quot;12&quot;:0,&quot;15&quot;:&quot;Cambria&quot;,&quot;16&quot;:11}\">978-2-36195-117-7<\/span><br \/>\n<b>CONTACTO<\/b>: <a href=\"mailto:info@editorialjonglez.com\"><span class=\"s1\">info@editorialjonglez.com<\/span><\/a><\/p>\n<p>&nbsp;<\/p>\n<div class=\"buttons_cont\">\n<div class=\"button_cont\" align=\"center\"><a class=\"gv_product_btn\" href=\"https:\/\/jonglezpublishing.com\/wp-content\/uploads\/2019\/03\/COVER-TOKIO-SP-2017.jpg\" target=\"_blank\" rel=\"noopener noreferrer\">Descargar portada<br \/>\n<\/a><\/div>\n<div class=\"button_cont\" align=\"center\"><a class=\"gv_product_btn\" href=\"https:\/\/jonglezpublishing.com\/wp-content\/uploads\/2019\/03\/Extract-Tokyo_SP.pdf\" target=\"_blank\" rel=\"noopener noreferrer\">Leer PDF<\/a><\/div>\n<div class=\"button_cont\" align=\"center\"><a class=\"gv_product_btn\" href=\"https:\/\/www.amazon.es\/Tokio-Ins\u00f3lita-secreta-Pierre-Mustiere\/dp\/2361951177\/ref=sr_1_1?__mk_es_ES=\u00c5M\u00c5\u017d\u00d5\u00d1&amp;keywords=tokio+insolita&amp;qid=1566984390&amp;s=gateway&amp;sr=8-1\" target=\"_blank\" rel=\"noopener noreferrer\">Comprar online<\/a><\/div>\n<\/div>\n","protected":false},"excerpt":{"rendered":"<p>Un jard\u00edn en altura al que solo se puede llegar en ascensor, una \u201cgran muralla\u201d que\u00a0sirve de cortafuegos gigante, un<\/p>\n","protected":false},"featured_media":1353,"template":"","meta":[],"product_brand":[],"product_cat":[192,448,423,271,272],"product_tag":[269,267,194,195,197,199,268,270,200],"class_list":{"0":"post-2358","1":"product","2":"type-product","3":"status-publish","4":"has-post-thumbnail","6":"product_cat-english-es","7":"product_cat-french-es","8":"product_cat-guias-insolitas-y-secretas","9":"product_cat-italian-es","10":"product_cat-spanish-es","11":"product_tag-editorial-jonglez-es-12","12":"product_tag-jonglez-es-2","13":"product_tag-jonglez-es","14":"product_tag-jonglez-publishing-es","15":"product_tag-secret-guides-es","16":"product_tag-secret-travel-guides-es","17":"product_tag-tokio","18":"product_tag-tokio-insolita","19":"product_tag-travel-guides-es","21":"first","22":"instock","23":"shipping-taxable","24":"product-type-simple"},"aioseo_notices":[],"_links":{"self":[{"href":"https:\/\/jonglezpublishing.com\/es\/wp-json\/wp\/v2\/product\/2358","targetHints":{"allow":["GET"]}}],"collection":[{"href":"https:\/\/jonglezpublishing.com\/es\/wp-json\/wp\/v2\/product"}],"about":[{"href":"https:\/\/jonglezpublishing.com\/es\/wp-json\/wp\/v2\/types\/product"}],"wp:featuredmedia":[{"embeddable":true,"href":"https:\/\/jonglezpublishing.com\/es\/wp-json\/wp\/v2\/media\/1353"}],"wp:attachment":[{"href":"https:\/\/jonglezpublishing.com\/es\/wp-json\/wp\/v2\/media?parent=2358"}],"wp:term":[{"taxonomy":"product_brand","embeddable":true,"href":"https:\/\/jonglezpublishing.com\/es\/wp-json\/wp\/v2\/product_brand?post=2358"},{"taxonomy":"product_cat","embeddable":true,"href":"https:\/\/jonglezpublishing.com\/es\/wp-json\/wp\/v2\/product_cat?post=2358"},{"taxonomy":"product_tag","embeddable":true,"href":"https:\/\/jonglezpublishing.com\/es\/wp-json\/wp\/v2\/product_tag?post=2358"}],"curies":[{"name":"wp","href":"https:\/\/api.w.org\/{rel}","templated":true}]}}