{"id":2414,"date":"2019-03-04T14:21:35","date_gmt":"2019-03-04T14:21:35","guid":{"rendered":"https:\/\/jonglez.timeforcoffee.gr\/product\/viena-insolita-y-secreta\/"},"modified":"2020-11-26T13:39:51","modified_gmt":"2020-11-26T11:39:51","slug":"viena-insolita-y-secreta","status":"publish","type":"product","link":"https:\/\/jonglezpublishing.com\/es\/producto\/viena-insolita-y-secreta\/","title":{"rendered":"VIENA INS\u00d3LITA Y SECRETA"},"content":{"rendered":"<p>Un magn\u00edfico palacio privado que puede ser visitado por reserva, una momia de cocodrilo en una biblioteca privada, una casa de chocolate, un techo alqu\u00edmico en Sch\u00f6nbrunn, una de las farmacias m\u00e1s bellas del mundo, una excepcional iglesia Art Nouveau, la tumba de un pez que se habr\u00eda convertido al juda\u00edsmo, un museo de jazz en los ba\u00f1os p\u00fablicos, un basurero p\u00fablico que se puede visitar como un museo, el \u00f3rgano m\u00e1s antiguo en Viena escondido detr\u00e1s de una pintura, una emperatriz vestida de monja, el misterio del s\u00edmbolo 05, un sexo masculino discretamente esculpido en la catedral de Viena, un sorprendente museo privado de billar, un ramo incre\u00edble donde cada flor en realidad consiste en varias alas de mariposa, una fuente de agua que permite ver los n\u00fameros de la loter\u00eda por un minuto, un anexo extraordinario<span class=\"Apple-converted-space\">\u00a0 <\/span>subterr\u00e1neo del campo de Mauthausen donde se construy\u00f3 el primer avi\u00f3n a reacci\u00f3n del mundo, un hist\u00f3rico \u00ablove h\u00f4tel\u00bb de gran encanto&#8230;<\/p>\n<p>Lejos de la multitud y de los clich\u00e9s habituales, Viena alberga tesoros bien escondidos que solo revela a los habitantes y a los viajeros que saben salirse de los recorridos habituales.<\/p>\n<p>Una gu\u00eda indispensable para los que cre\u00edan conocer bien Viena o para los que desean descubrir la otra cara de la ciudad.<\/p>\n<p>&nbsp;<\/p>\n<p><em><b>Michaela Lindinger<\/b>, conservadora de museos y autora. Estudi\u00f3 Publicidad y Ciencias de la Comunicaci\u00f3n, Ciencias Pol\u00edticas, Egiptolog\u00eda, Prehistoria y Arqueolog\u00eda en la Universidad de Viena. Fue curadora asistente desde 1995 y curadora desde 2004 de diversos museos de Viena. Tambi\u00e9n ha realizado exposiciones y publicaciones sobre diferentes temas biogr\u00e1ficos y de sociedad, retratos, moda, muerte y memoria.<\/em><\/p>\n<p>&nbsp;<\/p>\n<p><b>AUTORA<\/b>: Michaela Lindinger<br \/>\n<b>P\u00c1GINAS<\/b>:<span class=\"Apple-converted-space\">\u00a0 <\/span>256<br \/>\n<b>FORMATO<\/b>:<span class=\"Apple-converted-space\">\u00a0 <\/span>10.5 x 19 cm<span class=\"Apple-converted-space\"><br \/>\n<\/span><b>PRECIO<\/b>: 19,95 \u20ac \u2013 US$ 21,95<br \/>\n<b>ISBN:<\/b> 978-2-36195-213-6<br \/>\n<b>CONTACTO<\/b>: <a href=\"mailto:info@editorialjonglez.com\"><span class=\"s1\">info@editorialjonglez.com<\/span><\/a><\/p>\n<p>&nbsp;<\/p>\n<div class=\"buttons_cont\">\n<div class=\"button_cont\" align=\"center\"><a class=\"gv_product_btn\" href=\"https:\/\/jonglezpublishing.com\/wp-content\/uploads\/2019\/03\/couv_vienne_ESP.jpg\" target=\"_blank\" rel=\"noopener noreferrer\">Descargar portada<\/a><\/div>\n<div class=\"button_cont\" align=\"center\"><a class=\"gv_product_btn\" href=\"https:\/\/jonglezpublishing.com\/wp-content\/uploads\/2019\/03\/vienne_esp.pdf\" target=\"_blank\" rel=\"noopener noreferrer\">Leer PDF<\/a><\/div>\n<div class=\"button_cont\" align=\"center\"><a class=\"gv_product_btn\" href=\"https:\/\/www.amazon.es\/Viena-Ins\u00f3lita-secreta-Escritas-Habitantes\/dp\/2361952130\/ref=sr_1_1?__mk_es_ES=\u00c5M\u00c5\u017d\u00d5\u00d1&amp;keywords=viena+insolita&amp;qid=1566984318&amp;s=gateway&amp;sr=8-1\" target=\"_blank\" rel=\"noopener noreferrer\">Comprar online<\/a><\/div>\n<\/div>\n","protected":false},"excerpt":{"rendered":"<p>Un magn\u00edfico palacio privado que puede ser visitado por reserva, una momia de cocodrilo en una biblioteca privada, una casa<\/p>\n","protected":false},"featured_media":1361,"template":"","meta":[],"product_brand":[],"product_cat":[192,448,449,423,271,272],"product_tag":[279,278,194,195,197,199,200,280,281],"class_list":{"0":"post-2414","1":"product","2":"type-product","3":"status-publish","4":"has-post-thumbnail","6":"product_cat-english-es","7":"product_cat-french-es","8":"product_cat-german-es","9":"product_cat-guias-insolitas-y-secretas","10":"product_cat-italian-es","11":"product_cat-spanish-es","12":"product_tag-editorial-jonglez-es-14","13":"product_tag-jonglez-es-3","14":"product_tag-jonglez-es","15":"product_tag-jonglez-publishing-es","16":"product_tag-secret-guides-es","17":"product_tag-secret-travel-guides-es","18":"product_tag-travel-guides-es","19":"product_tag-viena","20":"product_tag-viena-insolita","22":"first","23":"instock","24":"shipping-taxable","25":"product-type-simple"},"aioseo_notices":[],"_links":{"self":[{"href":"https:\/\/jonglezpublishing.com\/es\/wp-json\/wp\/v2\/product\/2414","targetHints":{"allow":["GET"]}}],"collection":[{"href":"https:\/\/jonglezpublishing.com\/es\/wp-json\/wp\/v2\/product"}],"about":[{"href":"https:\/\/jonglezpublishing.com\/es\/wp-json\/wp\/v2\/types\/product"}],"wp:featuredmedia":[{"embeddable":true,"href":"https:\/\/jonglezpublishing.com\/es\/wp-json\/wp\/v2\/media\/1361"}],"wp:attachment":[{"href":"https:\/\/jonglezpublishing.com\/es\/wp-json\/wp\/v2\/media?parent=2414"}],"wp:term":[{"taxonomy":"product_brand","embeddable":true,"href":"https:\/\/jonglezpublishing.com\/es\/wp-json\/wp\/v2\/product_brand?post=2414"},{"taxonomy":"product_cat","embeddable":true,"href":"https:\/\/jonglezpublishing.com\/es\/wp-json\/wp\/v2\/product_cat?post=2414"},{"taxonomy":"product_tag","embeddable":true,"href":"https:\/\/jonglezpublishing.com\/es\/wp-json\/wp\/v2\/product_tag?post=2414"}],"curies":[{"name":"wp","href":"https:\/\/api.w.org\/{rel}","templated":true}]}}