{"id":7074,"date":"2019-03-04T13:58:45","date_gmt":"2019-03-04T11:58:45","guid":{"rendered":"https:\/\/jonglezpublishing.com\/product\/nueva-york-insolita-y-secreta\/"},"modified":"2023-07-06T12:50:47","modified_gmt":"2023-07-06T09:50:47","slug":"nueva-york-insolita-y-secreta","status":"publish","type":"product","link":"https:\/\/jonglezpublishing.com\/es\/producto\/nueva-york-insolita-y-secreta\/","title":{"rendered":"NUEVA YORK INS\u00d3LITA Y SECRETA"},"content":{"rendered":"<p>Admira un pilar apocal\u00edptico en una iglesia, rel\u00e1jate en jardines secretos, descubre la versi\u00f3n de Nueva York de la Sagrada Familia, visita un t\u00fanel secreto del metro, contempla un elefante electrocutado, encuentra impactos de bala fuera del Banco JP Morgan, observa las estrellas con un telescopio universitario, descubre una estatua de Lenin, haz volar tu falda en el mismo lugar que Marilyn Monroe, explora una habitaci\u00f3n llena de tierra, halla un gigantesco palacio veneciano sobre un antiguo establo, visita una isla cuya independencia fue proclamada desde una canoa en 2004, descubre el \u00abcerdo\u00bb de la Catedral de San Patricio, juega con los signos de Queens, descubre d\u00f3nde est\u00e1 el \u00faltimo diente de Washington, encuentra la casa que esconde una boca de metro, localiza una placa en memoria de un evento de otra dimensi\u00f3n, bendice tu bicicleta&#8230;<\/p>\n<p>Una gu\u00eda indispensable tanto para aquellos que piensan que conocen bien Nueva York como para quienes desean descubrir la cara secreta de la ciudad.<\/p>\n<p>&nbsp;<\/p>\n<p>&nbsp;<\/p>\n<p><b>AUTOR: <\/b>T.M. Rives<br \/>\n<b>P\u00c1GINAS:<\/b> 432<br \/>\n<b>FORMATO:<\/b>\u00a010.5 x 19 cm<span class=\"Apple-converted-space\"><br \/>\n<\/span><b>PRECIO:<\/b><span class=\"Apple-converted-space\">\u00a0 18,95 \u20ac \u2013 US<\/span>$ 21.95<br \/>\n<b>ISBN:<\/b>978-2-36195-307-2<br \/>\n<b>CONTACTO:\u00a0<\/b><a href=\"mailto:info@editorialjonglez.com\"><span class=\"s1\">info@editorialjonglez.com<\/span><\/a><\/p>\n<p>&nbsp;<\/p>\n<div class=\"buttons_cont\">\n<div class=\"button_cont\" align=\"center\">\n<div class=\"button_cont\" align=\"center\"><a class=\"gv_product_btn\" href=\"https:\/\/jonglezpublishing.com\/wp-content\/uploads\/2019\/03\/Couv_NY_ES-scaled.jpg\" target=\"_blank\" rel=\"noopener\">Descargar portada<\/a><\/div>\n<div class=\"button_cont\" align=\"center\"><a class=\"gv_product_btn\" href=\"https:\/\/jonglezpublishing.com\/wp-content\/uploads\/2023\/07\/Extrait-NY_ES.pdf\" target=\"_blank\" rel=\"noopener\">Leer PDF<\/a><\/div>\n<div class=\"button_cont\" align=\"center\"><a class=\"gv_product_btn\" href=\"https:\/\/www.amazon.es\/Nueva-Ins%C3%B3lita-Secreta-Escritas-Habitantes\/dp\/2361953072\/ref=sr_1_2?__mk_es_ES=%C3%85M%C3%85%C5%BD%C3%95%C3%91&amp;crid=116MFGZFA6BDT&amp;keywords=NUEVA+YORK+INS%C3%B3LITA+Y+SECRETA&amp;qid=1688636888&amp;sprefix=nueva+york+ins%C3%B3lita+y+secreta%2Caps%2C638&amp;sr=8-2\" target=\"_blank\" rel=\"noopener\">Comprar online<\/a><\/div>\n<\/div>\n<\/div>\n","protected":false},"excerpt":{"rendered":"<p>Admira un pilar apocal\u00edptico en una iglesia, rel\u00e1jate en jardines secretos, descubre la versi\u00f3n de Nueva York de la Sagrada<\/p>\n","protected":false},"featured_media":11476,"template":"","meta":[],"product_brand":[],"product_cat":[192,448,423,271,272],"product_tag":[194,195,196,197,198,199,200],"class_list":{"0":"post-7074","1":"product","2":"type-product","3":"status-publish","4":"has-post-thumbnail","6":"product_cat-english-es","7":"product_cat-french-es","8":"product_cat-guias-insolitas-y-secretas","9":"product_cat-italian-es","10":"product_cat-spanish-es","11":"product_tag-jonglez-es","12":"product_tag-jonglez-publishing-es","13":"product_tag-new-york-es","14":"product_tag-secret-guides-es","15":"product_tag-secret-new-york-es","16":"product_tag-secret-travel-guides-es","17":"product_tag-travel-guides-es","19":"first","20":"instock","21":"shipping-taxable","22":"product-type-simple"},"aioseo_notices":[],"_links":{"self":[{"href":"https:\/\/jonglezpublishing.com\/es\/wp-json\/wp\/v2\/product\/7074","targetHints":{"allow":["GET"]}}],"collection":[{"href":"https:\/\/jonglezpublishing.com\/es\/wp-json\/wp\/v2\/product"}],"about":[{"href":"https:\/\/jonglezpublishing.com\/es\/wp-json\/wp\/v2\/types\/product"}],"wp:featuredmedia":[{"embeddable":true,"href":"https:\/\/jonglezpublishing.com\/es\/wp-json\/wp\/v2\/media\/11476"}],"wp:attachment":[{"href":"https:\/\/jonglezpublishing.com\/es\/wp-json\/wp\/v2\/media?parent=7074"}],"wp:term":[{"taxonomy":"product_brand","embeddable":true,"href":"https:\/\/jonglezpublishing.com\/es\/wp-json\/wp\/v2\/product_brand?post=7074"},{"taxonomy":"product_cat","embeddable":true,"href":"https:\/\/jonglezpublishing.com\/es\/wp-json\/wp\/v2\/product_cat?post=7074"},{"taxonomy":"product_tag","embeddable":true,"href":"https:\/\/jonglezpublishing.com\/es\/wp-json\/wp\/v2\/product_tag?post=7074"}],"curies":[{"name":"wp","href":"https:\/\/api.w.org\/{rel}","templated":true}]}}