{"id":7075,"date":"2019-08-28T13:16:51","date_gmt":"2019-08-28T10:16:51","guid":{"rendered":"https:\/\/jonglezpublishing.com\/?post_type=product&#038;p=7075"},"modified":"2021-11-29T07:26:06","modified_gmt":"2021-11-29T05:26:06","slug":"santiago-insolito-y-secreto","status":"publish","type":"product","link":"https:\/\/jonglezpublishing.com\/es\/producto\/santiago-insolito-y-secreto\/","title":{"rendered":"SANTIAGO INS\u00d3LITO Y SECRETO"},"content":{"rendered":"<p>Un monumento que deb\u00eda estar en Lima y no en Santiago, la sepultura de una prostituta santa, un templo azteca en un cementerio, un mausoleo con forma de carpa de circo \u00fanico en el mundo, la imposici\u00f3n secreta de la sangre de fray Andresito, una bota ortop\u00e9dica que testimonia un milagro, una palmeira en una gasolinera, un mural de Roberto Matta que estuvo tapado con pintura durante treinta a\u00f1os, un espectacular y desconocido museo de arte contempor\u00e1neo al aire libre\u2026<\/p>\n<p>Lejos de la multitud y de los clich\u00e9s habituales, Santiago alberga tesoros bien escondidos que solo revela a los habitantes y a los viajeros que saben salirse de los recorridos habituales.<\/p>\n<p>Una gu\u00eda indispensable para los que cre\u00edan conocer bien Santiago o para los que desean descubrir la otra cara de la ciudad.<\/p>\n<p>&nbsp;<\/p>\n<p><em><span lang=\"ES\"><b>Eduardo<\/b> <b>Patricio D\u00edaz Silva <\/b>es profesor de Historia y Geograf\u00eda, licenciado en Est\u00e9tica, m\u00e1ster en Historia del Arte, gestor cultural, artista visual, investigador en el \u00e1rea de Patrimonio Cultural y escritor. Adem\u00e1s de haber realizado el estudio m\u00e1s completo que se haya hecho sobre vitrales patrimoniales de iglesias y edificios civiles en Chile, Silva es autor, entre otros t\u00edtulos, de Vitrales en Chile y Rutas del Bicentenario de Sudam\u00e9rica. Actualmente vive en Santiago de Chile.<\/span><\/em><\/p>\n<p>&nbsp;<\/p>\n<p><b>AUTOR:<span class=\"Apple-converted-space\">\u00a0 <\/span><\/b>Eduardo Patricio D\u00edaz Silva<br \/>\n<b>P\u00c1GINAS:<\/b> 256<br \/>\n<b>FORMATO:<\/b>\u00a010.5 x 19 cm<span class=\"Apple-converted-space\"><br \/>\n<\/span><b>PRECIO:<\/b><span class=\"Apple-converted-space\">\u00a0 17,95 \u20ac \u2013 US<\/span>$ 21,95<br \/>\n<b>ISBN:<\/b> 978-2-36195-319-5<br \/>\n<b>CONTACTO: <\/b><a href=\"mailto: carolina@editionsjonglez.com\">info@editorialjonglez.com\u00a0<\/a><\/p>\n<p>&nbsp;<\/p>\n<div class=\"buttons_cont\">\n<div class=\"button_cont\" align=\"center\"><a class=\"gv_product_btn\" href=\"https:\/\/jonglezpublishing.com\/wp-content\/uploads\/2019\/08\/couv_santiago_esp.jpg\" target=\"_blank\" rel=\"noopener noreferrer\">Descargar portada<\/a><\/div>\n<div class=\"button_cont\" align=\"center\"><a class=\"gv_product_btn\" href=\"https:\/\/jonglezpublishing.com\/wp-content\/uploads\/2019\/08\/Preview-Santiago.pdf\" target=\"_blank\" rel=\"noopener noreferrer\">Leer PDF<\/a><\/div>\n<div class=\"button_cont\" align=\"center\"><a class=\"gv_product_btn\" href=\"https:\/\/www.amazon.es\/Santiago-Ins\u00f3lito-Secreto-Eduardo-Patricio\/dp\/2361953196\/ref=sr_1_3?__mk_es_ES=\u00c5M\u00c5\u017d\u00d5\u00d1&amp;keywords=santiago+insolita&amp;qid=1566987350&amp;s=gateway&amp;sr=8-3\" target=\"_blank\" rel=\"noopener noreferrer\">Comprar online<\/a><\/div>\n<\/div>\n","protected":false},"excerpt":{"rendered":"<p>Un monumento que deb\u00eda estar en Lima y no en Santiago, la sepultura de una prostituta santa, un templo azteca<\/p>\n","protected":false},"featured_media":7076,"template":"","meta":[],"product_brand":[],"product_cat":[423,240,272],"product_tag":[],"class_list":{"0":"post-7075","1":"product","2":"type-product","3":"status-publish","4":"has-post-thumbnail","6":"product_cat-guias-insolitas-y-secretas","7":"product_cat-spanish-2","8":"product_cat-spanish-es","10":"first","11":"instock","12":"shipping-taxable","13":"product-type-simple"},"aioseo_notices":[],"_links":{"self":[{"href":"https:\/\/jonglezpublishing.com\/es\/wp-json\/wp\/v2\/product\/7075","targetHints":{"allow":["GET"]}}],"collection":[{"href":"https:\/\/jonglezpublishing.com\/es\/wp-json\/wp\/v2\/product"}],"about":[{"href":"https:\/\/jonglezpublishing.com\/es\/wp-json\/wp\/v2\/types\/product"}],"wp:featuredmedia":[{"embeddable":true,"href":"https:\/\/jonglezpublishing.com\/es\/wp-json\/wp\/v2\/media\/7076"}],"wp:attachment":[{"href":"https:\/\/jonglezpublishing.com\/es\/wp-json\/wp\/v2\/media?parent=7075"}],"wp:term":[{"taxonomy":"product_brand","embeddable":true,"href":"https:\/\/jonglezpublishing.com\/es\/wp-json\/wp\/v2\/product_brand?post=7075"},{"taxonomy":"product_cat","embeddable":true,"href":"https:\/\/jonglezpublishing.com\/es\/wp-json\/wp\/v2\/product_cat?post=7075"},{"taxonomy":"product_tag","embeddable":true,"href":"https:\/\/jonglezpublishing.com\/es\/wp-json\/wp\/v2\/product_tag?post=7075"}],"curies":[{"name":"wp","href":"https:\/\/api.w.org\/{rel}","templated":true}]}}