{"id":7431,"date":"2019-09-05T10:04:29","date_gmt":"2019-09-05T07:04:29","guid":{"rendered":"https:\/\/jonglezpublishing.com\/product\/unusual-wines\/"},"modified":"2020-12-02T10:37:31","modified_gmt":"2020-12-02T08:37:31","slug":"vinos-insolitos","status":"publish","type":"product","link":"https:\/\/jonglezpublishing.com\/es\/producto\/vinos-insolitos\/","title":{"rendered":"VINOS INS\u00d3LITOS"},"content":{"rendered":"<p class=\"p1\">Unas vi\u00f1as volc\u00e1nicas inscritas en el Patrimonio Mundial de la Unesco, un vino de la paz que asocia m\u00e1s de 600 cepas del mundo entero, unas cepas que miden 15 metros de alto en Italia y\u00a0Portugal, los vinos de hielo en Quebec, un vino del desierto del Gobi, las dobles vendimias de\u00a0vinos en Taiw\u00e1n, una vi\u00f1a monumento hist\u00f3rico en Sud\u00e1frica, unas vendimias realizadas el 31\u00a0de diciembre, m\u00fasica cl\u00e1sica en vi\u00f1edos, un burdeos macerado en nieve carb\u00f3nica, un espumoso\u00a0que uno mismo puede degollar.<\/p>\n<p class=\"p1\">En el mundo entero, algunos viticultores se salen de los caminos trillados cultivando vi\u00f1as en\u00a0climas inusuales y en terru\u00f1os at\u00edpicos. Salvan cepas olvidadas, se atreven con t\u00e9cnicas de\u00a0vinificaci\u00f3n distintas, crean vinos.<\/p>\n<p class=\"p1\">Pierrick Bourgault (Gran Premio del Periodismo Agr\u00edcola) lleva veinte a\u00f1os viajando en busca de estos viticultores. En esta gu\u00eda, nos invita a descubrir, a partir de t\u00e9cnicas cl\u00e1sicas explicadas de\u00a0un modo pedag\u00f3gico, los vinos m\u00e1s ins\u00f3litos.<\/p>\n<p>&nbsp;<\/p>\n<p><b><span lang=\"ES\">AUTOR<\/span><\/b>: Pierrick Bourgault<br \/>\n<b>P\u00c1GINAS<\/b>: 256<br \/>\n<b>FORMATO<\/b>: 17,5 x 28,4 cm<br \/>\n<b>ISBN<\/b>: <span data-sheets-value=\"{&quot;1&quot;:2,&quot;2&quot;:&quot;978-2-36195-123-8&quot;}\" data-sheets-userformat=\"{&quot;2&quot;:12864,&quot;9&quot;:1,&quot;12&quot;:0,&quot;15&quot;:&quot;Cambria&quot;,&quot;16&quot;:11}\">978-2-36195-123-8<\/span><br \/>\n<b>PRECIO<\/b>: <span class=\"Apple-converted-space\">29.90<\/span> \u20ac <span class=\"Apple-converted-space\">\u2013 <\/span><span class=\"Apple-converted-space\">US$ 34.95\u00a0\u00a0<\/span><br \/>\n<b>CONTACTO<\/b>: <a href=\"mailto:info@editorialjonglez.com\">info@editorialjonglez.com<\/a><\/p>\n<p>&nbsp;<\/p>\n<div class=\"buttons_cont\">\n<div class=\"button_cont\" align=\"center\"><a class=\"gv_product_btn\" href=\"https:\/\/jonglezpublishing.com\/wp-content\/uploads\/2020\/10\/A1qlGAeXNLL.jpg\" target=\"_blank\" rel=\"noopener noreferrer\">Descargar portada<\/a><\/div>\n<div class=\"button_cont\" align=\"center\"><a class=\"gv_product_btn\" href=\"https:\/\/jonglezpublishing.com\/wp-content\/uploads\/2019\/09\/vins_esp.pdf\" target=\"_blank\" rel=\"noopener noreferrer\">Leer PDF<\/a><\/div>\n<div class=\"button_cont\" align=\"center\"><a class=\"gv_product_btn\" href=\"https:\/\/www.amazon.es\/Vinos-Ins%C3%B3litos-Pierrick-Bourgault\/dp\/2361951231\/ref=sr_1_1?__mk_es_ES=%C3%85M%C3%85%C5%BD%C3%95%C3%91&amp;dchild=1&amp;keywords=vinos+insolitos&amp;qid=1602587558&amp;sr=8-1\" target=\"_blank\" rel=\"noopener noreferrer\">Comprar online<\/a><\/div>\n<\/div>\n","protected":false},"excerpt":{"rendered":"<p>Unas vi\u00f1as volc\u00e1nicas inscritas en el Patrimonio Mundial de la Unesco, un vino de la paz que asocia m\u00e1s de<\/p>\n","protected":false},"featured_media":7421,"template":"","meta":[],"product_brand":[],"product_cat":[192,448,271,450,272],"product_tag":[],"class_list":{"0":"post-7431","1":"product","2":"type-product","3":"status-publish","4":"has-post-thumbnail","6":"product_cat-english-es","7":"product_cat-french-es","8":"product_cat-italian-es","9":"product_cat-libros-de-fotografia","10":"product_cat-spanish-es","12":"first","13":"instock","14":"shipping-taxable","15":"product-type-simple"},"aioseo_notices":[],"_links":{"self":[{"href":"https:\/\/jonglezpublishing.com\/es\/wp-json\/wp\/v2\/product\/7431","targetHints":{"allow":["GET"]}}],"collection":[{"href":"https:\/\/jonglezpublishing.com\/es\/wp-json\/wp\/v2\/product"}],"about":[{"href":"https:\/\/jonglezpublishing.com\/es\/wp-json\/wp\/v2\/types\/product"}],"wp:featuredmedia":[{"embeddable":true,"href":"https:\/\/jonglezpublishing.com\/es\/wp-json\/wp\/v2\/media\/7421"}],"wp:attachment":[{"href":"https:\/\/jonglezpublishing.com\/es\/wp-json\/wp\/v2\/media?parent=7431"}],"wp:term":[{"taxonomy":"product_brand","embeddable":true,"href":"https:\/\/jonglezpublishing.com\/es\/wp-json\/wp\/v2\/product_brand?post=7431"},{"taxonomy":"product_cat","embeddable":true,"href":"https:\/\/jonglezpublishing.com\/es\/wp-json\/wp\/v2\/product_cat?post=7431"},{"taxonomy":"product_tag","embeddable":true,"href":"https:\/\/jonglezpublishing.com\/es\/wp-json\/wp\/v2\/product_tag?post=7431"}],"curies":[{"name":"wp","href":"https:\/\/api.w.org\/{rel}","templated":true}]}}