{"id":7836,"date":"2019-03-01T15:35:02","date_gmt":"2019-03-01T13:35:02","guid":{"rendered":"https:\/\/jonglezpublishing.com\/product\/paris-insolita-y-secreta\/"},"modified":"2023-07-06T12:31:02","modified_gmt":"2023-07-06T09:31:02","slug":"paris-insolita-y-secreta","status":"publish","type":"product","link":"https:\/\/jonglezpublishing.com\/es\/producto\/paris-insolita-y-secreta\/","title":{"rendered":"PAR\u00cdS INS\u00d3LITA Y SECRETA"},"content":{"rendered":"<p>Bomberos viticultores, un \u00e1rbol dentro de una iglesia, un falo invertido en una puerta famosa, un refugio nuclear debajo de la Gare de l\u2019Est, vestigios insospechados de los prost\u00edbulos de anta\u00f1o, un patr\u00f3n de los moteros, monogramas reales ocultos en el patio del Louvre, la presentaci\u00f3n de la corona de espinas de Cristo, un carrusel prehist\u00f3rico, un reloj de sol dise\u00f1ado por Dal\u00ed, palmeras con heridas de guerra, impactos de bala en un ministerio, plantas esot\u00e9ricas en el jard\u00edn de un cura, un misterioso monumento dedicado a la masoner\u00eda en el Campo de Marte, una esfera de oro macizo en el Parlamento, un templo chino en un aparcamiento, el impacto del r\u00edo Bi\u00e8vre en la geograf\u00eda parisina, un b\u00fanker en el bosque de Boulogne&#8230;<\/p>\n<p>Para aquellos que creen conocer bien Par\u00eds, la ciudad no cesa de atesorar lugares ins\u00f3litos y secretos accesibles para todos los curiosos.<\/p>\n<p>&nbsp;<\/p>\n<p><b>AUTORES<\/b>:<span class=\"Apple-converted-space\"> <span data-sheets-value=\"{&quot;1&quot;:2,&quot;2&quot;:&quot;Maud Ratton, Jacques Garance&quot;}\" data-sheets-userformat=\"{&quot;2&quot;:12929,&quot;3&quot;:{&quot;1&quot;:0},&quot;10&quot;:1,&quot;12&quot;:0,&quot;15&quot;:&quot;Cambria&quot;,&quot;16&quot;:11}\">Maud Ratton, Jacques Garance<\/span><\/span><br \/>\n<b>P\u00c1GINAS<\/b>: 384<br \/>\n<b>FORMATO<\/b>: 10.5 x 19 cm<span class=\"Apple-converted-space\"><br \/>\n<\/span><b>PRECIO<\/b>: <span class=\"Apple-converted-space\">\u20ac<\/span><span class=\"Apple-converted-space\"> 18,00 \u2013 US$ 21,95<\/span><span class=\"Apple-converted-space\"><br \/>\n<\/span><b>ISBN<\/b>: 978-2-36195-306-5<br \/>\n<b>CONTACTO<\/b>: <a href=\"mailto:info@editorialjonglez.com\"><span class=\"s1\">info@editorialjonglez.com<\/span><\/a><\/p>\n<p>&nbsp;<\/p>\n<div class=\"buttons_cont\">\n<div class=\"button_cont\" align=\"center\">\n<div class=\"button_cont\" align=\"center\"><a class=\"gv_product_btn\" href=\"https:\/\/jonglezpublishing.com\/wp-content\/uploads\/2019\/03\/Couv-Paris-ES-scaled.jpg\" target=\"_blank\" rel=\"noopener\">Descargar portada<\/a><\/div>\n<div class=\"button_cont\" align=\"center\"><a class=\"gv_product_btn\" href=\"https:\/\/jonglezpublishing.com\/wp-content\/uploads\/2023\/07\/PREVIEW-Paris_ES.pdf\" target=\"_blank\" rel=\"noopener\">Leer PDF<\/a><\/div>\n<div class=\"button_cont\" align=\"center\"><a class=\"gv_product_btn\" href=\"https:\/\/www.amazon.es\/Paris-Ins%C3%B3lita-Secreta-Escritas-Habitantes\/dp\/2361953064\/ref=sr_1_1?__mk_es_ES=%C3%85M%C3%85%C5%BD%C3%95%C3%91&amp;crid=3QRQJ46ZAEVVX&amp;keywords=paris+insolita+y+secreta&amp;qid=1688635703&amp;sprefix=paris+%2Caps%2C416&amp;sr=8-1\" target=\"_blank\" rel=\"noopener\">Comprar online<\/a><\/div>\n<\/div>\n<div class=\"button_cont\" align=\"center\"><\/div>\n<\/div>\n","protected":false},"excerpt":{"rendered":"<p>Bomberos viticultores, un \u00e1rbol dentro de una iglesia, un falo invertido en una puerta famosa, un refugio nuclear debajo de<\/p>\n","protected":false},"featured_media":11460,"template":"","meta":[],"product_brand":[],"product_cat":[192,448,449,423,271,272],"product_tag":[194,195,197,199,200],"class_list":{"0":"post-7836","1":"product","2":"type-product","3":"status-publish","4":"has-post-thumbnail","6":"product_cat-english-es","7":"product_cat-french-es","8":"product_cat-german-es","9":"product_cat-guias-insolitas-y-secretas","10":"product_cat-italian-es","11":"product_cat-spanish-es","12":"product_tag-jonglez-es","13":"product_tag-jonglez-publishing-es","14":"product_tag-secret-guides-es","15":"product_tag-secret-travel-guides-es","16":"product_tag-travel-guides-es","18":"first","19":"instock","20":"shipping-taxable","21":"product-type-simple"},"aioseo_notices":[],"_links":{"self":[{"href":"https:\/\/jonglezpublishing.com\/es\/wp-json\/wp\/v2\/product\/7836","targetHints":{"allow":["GET"]}}],"collection":[{"href":"https:\/\/jonglezpublishing.com\/es\/wp-json\/wp\/v2\/product"}],"about":[{"href":"https:\/\/jonglezpublishing.com\/es\/wp-json\/wp\/v2\/types\/product"}],"wp:featuredmedia":[{"embeddable":true,"href":"https:\/\/jonglezpublishing.com\/es\/wp-json\/wp\/v2\/media\/11460"}],"wp:attachment":[{"href":"https:\/\/jonglezpublishing.com\/es\/wp-json\/wp\/v2\/media?parent=7836"}],"wp:term":[{"taxonomy":"product_brand","embeddable":true,"href":"https:\/\/jonglezpublishing.com\/es\/wp-json\/wp\/v2\/product_brand?post=7836"},{"taxonomy":"product_cat","embeddable":true,"href":"https:\/\/jonglezpublishing.com\/es\/wp-json\/wp\/v2\/product_cat?post=7836"},{"taxonomy":"product_tag","embeddable":true,"href":"https:\/\/jonglezpublishing.com\/es\/wp-json\/wp\/v2\/product_tag?post=7836"}],"curies":[{"name":"wp","href":"https:\/\/api.w.org\/{rel}","templated":true}]}}