{"id":7893,"date":"2019-05-28T12:53:42","date_gmt":"2019-05-28T09:53:42","guid":{"rendered":"https:\/\/jonglezpublishing.com\/product\/soul-of-lisbon-guia-de-las-30-mejores-experiencias\/"},"modified":"2025-06-30T09:27:22","modified_gmt":"2025-06-30T06:27:22","slug":"soul-of-lisbon-guia-de-las-30-mejores-experiencias","status":"publish","type":"product","link":"https:\/\/jonglezpublishing.com\/es\/producto\/soul-of-lisbon-guia-de-las-30-mejores-experiencias\/","title":{"rendered":"LISBOA &#8211; LA OTRA GU\u00cdA"},"content":{"rendered":"<p style=\"text-align: center;\">HEMOS PROBADO 1000 LUGARES<br \/>\n<strong>NOS HEMOS QUEDADO CON 30<\/strong><\/p>\n<p>Correr por una pista entre las nubes, perderse en una copa tropical, brindar con un viejo del lugar, saborear una ara\u00f1a de mar con cucharita, descubrir el escondite secreto de los cantantes de fado, cenar en un fabuloso gabinete de curiosidades, descubrir los mejores rincones de Marvila, pasar una noche surrealista en un palacio del siglo XVIII&#8230;<\/p>\n<p>Hoteles con encanto, restaurantes excepcionales, bares escondidos, paseos secretos&#8230; La Otra Gu\u00eda ofrece una selecci\u00f3n exigente y ecl\u00e9ctica para todos los presupuestos. Pensada tanto para viajeros como para residentes, revela sitios cuidadosamente elegidos por autores locales, donde cada lugar es la promesa de un descubrimiento lejos de las multitudes. Una nueva manera de entender el arte de viajar.<\/p>\n<p>\u00abUna gu\u00eda esencial\u00bb (New York Times)<\/p>\n<p>&nbsp;<\/p>\n<p><b>AUTORAS: <\/b><span class=\"Apple-converted-space\">Fany P\u00e9chiodat, Lauriane Gepnet y Lucie Etchebers\u00a0<\/span><br \/>\n<b>P\u00c1GINAS:<\/b> 128<br \/>\n<b>FORMATO:<\/b> 200 x 135 mm<br \/>\n<b>PRECIO:<\/b> \u20ac 14,95 <span class=\"s1\">\u2014 US$ 14.95<br \/>\n<\/span><b>ISBN:<\/b> 978-2-36195-988-3<br \/>\n<b>CONTACTO: <\/b><a href=\"mailto: carolina@editionsjonglez.com\">info@editorialjonglez.com\u00a0<\/a><\/p>\n<p>&nbsp;<\/p>\n<div class=\"buttons_cont\">\n<div class=\"button_cont\" align=\"center\"><a class=\"gv_product_btn\" href=\"https:\/\/jonglezpublishing.com\/wp-content\/uploads\/2019\/05\/couv_SO_Lisbonne2025_ES_RVB--scaled.jpg\" target=\"_blank\" rel=\"noopener\">Descargar portada<br \/>\n<\/a><\/div>\n<div class=\"button_cont\" align=\"center\"><a class=\"gv_product_btn\" href=\"https:\/\/jonglezpublishing.com\/wp-content\/uploads\/2025\/06\/PREVIEW-SO_LISBON_2025_ES.pdf\" target=\"_blank\" rel=\"noopener\">Leer PDF<\/a><\/div>\n<div class=\"button_cont\" align=\"center\"><a class=\"gv_product_btn\" href=\"https:\/\/www.amazon.es\/Soul-lisbon-Lauriane-Gepnet\/dp\/2361953382\/ref=sr_1_2?__mk_es_ES=\u00c5M\u00c5\u017d\u00d5\u00d1&amp;keywords=soul+of+lisbon&amp;qid=1574957938&amp;sr=8-2\" target=\"_blank\" rel=\"noopener noreferrer\">Comprar online<\/a><\/div>\n<\/div>\n","protected":false},"excerpt":{"rendered":"<p>HEMOS PROBADO 1000 LUGARES NOS HEMOS QUEDADO CON 30 Correr por una pista entre las nubes, perderse en una copa<\/p>\n","protected":false},"featured_media":14281,"template":"","meta":[],"product_brand":[],"product_cat":[192,448,449,271,451,272],"product_tag":[194,195,244,199,200],"class_list":{"0":"post-7893","1":"product","2":"type-product","3":"status-publish","4":"has-post-thumbnail","6":"product_cat-english-es","7":"product_cat-french-es","8":"product_cat-german-es","9":"product_cat-italian-es","10":"product_cat-la-otra-guia","11":"product_cat-spanish-es","12":"product_tag-jonglez-es","13":"product_tag-jonglez-publishing-es","14":"product_tag-lisboa","15":"product_tag-secret-travel-guides-es","16":"product_tag-travel-guides-es","18":"first","19":"instock","20":"shipping-taxable","21":"product-type-simple"},"aioseo_notices":[],"_links":{"self":[{"href":"https:\/\/jonglezpublishing.com\/es\/wp-json\/wp\/v2\/product\/7893","targetHints":{"allow":["GET"]}}],"collection":[{"href":"https:\/\/jonglezpublishing.com\/es\/wp-json\/wp\/v2\/product"}],"about":[{"href":"https:\/\/jonglezpublishing.com\/es\/wp-json\/wp\/v2\/types\/product"}],"wp:featuredmedia":[{"embeddable":true,"href":"https:\/\/jonglezpublishing.com\/es\/wp-json\/wp\/v2\/media\/14281"}],"wp:attachment":[{"href":"https:\/\/jonglezpublishing.com\/es\/wp-json\/wp\/v2\/media?parent=7893"}],"wp:term":[{"taxonomy":"product_brand","embeddable":true,"href":"https:\/\/jonglezpublishing.com\/es\/wp-json\/wp\/v2\/product_brand?post=7893"},{"taxonomy":"product_cat","embeddable":true,"href":"https:\/\/jonglezpublishing.com\/es\/wp-json\/wp\/v2\/product_cat?post=7893"},{"taxonomy":"product_tag","embeddable":true,"href":"https:\/\/jonglezpublishing.com\/es\/wp-json\/wp\/v2\/product_tag?post=7893"}],"curies":[{"name":"wp","href":"https:\/\/api.w.org\/{rel}","templated":true}]}}