{"id":7906,"date":"2019-10-14T12:06:43","date_gmt":"2019-10-14T09:06:43","guid":{"rendered":"https:\/\/jonglezpublishing.com\/product\/soul-of-los-angeles-guia-de-las-30-mejores-experiencias\/"},"modified":"2021-11-29T07:48:58","modified_gmt":"2021-11-29T05:48:58","slug":"soul-of-los-angeles-guia-de-las-30-mejores-experiencias","status":"publish","type":"product","link":"https:\/\/jonglezpublishing.com\/es\/producto\/soul-of-los-angeles-guia-de-las-30-mejores-experiencias\/","title":{"rendered":"SOUL OF LOS ANGELES &#8211; GU\u00cdA DE LAS 30 MEJORES EXPERIENCIAS"},"content":{"rendered":"<p>\u201cCuando la gente critica Los \u00c1ngeles suele ser porque les da miedo explorar y probablemente est\u00e1n demasiado acostumbrados a las ciudades en las que no hay que excavar para encontrar cosas bonitas\u201d &#8211; Moby<span class=\"Apple-converted-space\">\u00a0<\/span><\/p>\n<p>&nbsp;<\/p>\n<p>Ve a una playa secreta de Malib\u00fa, rel\u00e1jate en un gigantesco <i>spa<\/i> coreano abierto las 24 horas, mira la colecci\u00f3n de pel\u00edculas de Tarantino, c\u00f3mete una hamburguesa californiana, medita en el jard\u00edn favorito de Elvis y de George Harrison, c\u00f3mprate un disco de vinilo y una falda <i>vintage<\/i> en el mismo sitio.<\/p>\n<p>&nbsp;<\/p>\n<p><b><i>Emilien Crespo<\/i><\/b><i> es un escritor y emprendedor que vive y explora Los \u00c1ngeles desde hace m\u00e1s de diez a\u00f1os. Ha seleccionado con mimo las peque\u00f1as joyas que le hicieron enamorarse de la ciudad. Y para darles vida, eligi\u00f3 a otras dos expatriadas, la fot\u00f3grafa espa\u00f1ola P\u00eda Riverola y la ilustradora francesa Clara Mari.<\/i><\/p>\n<p>&nbsp;<\/p>\n<p>La colecci\u00f3n \u201c<b>Soul of<\/b>\u201d presenta un nuevo enfoque del arte de viajar, creado a base de callejear, de tener encuentros imprevistos y de vivir experiencias inolvidables. Unas gu\u00edas para los que quieren abrir las puertas secretas de una ciudad, sentir los latidos de su coraz\u00f3n, escudri\u00f1ar sus m\u00e1s \u00ednfimos recovecos para llegar a su alma.<span class=\"Apple-converted-space\">\u00a0<\/span><\/p>\n<p style=\"text-align: center;\">En cada gu\u00eda de la colecci\u00f3n\u00a0\u201c<b>Soul of<\/b>\u201d\u00a0vas a encontrar:<\/p>\n<p style=\"text-align: center;\">&#8211; Las 30 mejores experiencias que ofrece cada ciudad;<br \/>\n&#8211; Entrevistas con aquellos que integran el esp\u00edritu de esa ciudad;<br \/>\n&#8211; Ilustraciones que reflejan el alma de la ciudad.<\/p>\n<p>Creada por Fany P\u00e9chiodat, en colaboraci\u00f3n con el editor Thomas Jonglez, la colecci\u00f3n \u201cSoul of\u201d se enriquecer\u00e1 con m\u00e1s\u00a0ciudades en 2022: Marrakech, Bal\u00ed, Berl\u00edn&#8230;<\/p>\n<p>&nbsp;<\/p>\n<p style=\"text-align: center;\">*Soul of Los Angeles: ha recibido la Medalla de oro en la categor\u00eda \u201cGu\u00eda de Viaje\u201d en los premios \u201cIndependent Publisher Book\u201d, USA y una menci\u00f3n de honor en la Travel Media Awards Competition de la North American Travel Journalists Association (NATJA).*<\/p>\n<p>&nbsp;<\/p>\n<p><b>AUTOR<\/b>: Emilien Crespo<br \/>\n<strong>P\u00c1GINAS<\/strong>: 144<br \/>\n<b>FORMATO<\/b>: 200 x 135 mm<br \/>\n<b>PRECIO<\/b>: 14,95 \u20ac \u2013 US$ 14.95<b><br \/>\nISBN<\/b>: 978-2-36195-344-7<br \/>\n<b>CONTACTO<\/b>: <a href=\"mailto:info@editorialjonglez.com\"><span class=\"s1\">info@editorialjonglez.com<\/span><\/a><\/p>\n<p>&nbsp;<\/p>\n<div class=\"buttons_cont\">\n<div class=\"button_cont\" align=\"center\"><a class=\"gv_product_btn\" href=\"https:\/\/jonglezpublishing.com\/wp-content\/uploads\/2019\/11\/Couverture-SO-LA-ES-copy.jpg\" target=\"_blank\" rel=\"noopener noreferrer\">Descargar portada<br \/>\n<\/a><\/div>\n<div class=\"button_cont\" align=\"center\"><a class=\"gv_product_btn\" href=\"https:\/\/jonglezpublishing.com\/wp-content\/uploads\/2019\/10\/Extraits-SO-LA-ES.pdf\" target=\"_blank\" rel=\"noopener noreferrer\">Leer PDF<\/a><\/div>\n<div class=\"button_cont\" align=\"center\"><a class=\"gv_product_btn\" href=\"https:\/\/www.amazon.es\/Soul-Los-Angeles-Spanish-Experiencias\/dp\/2361953447\/ref=sr_1_1?__mk_es_ES=%C3%85M%C3%85%C5%BD%C3%95%C3%91&amp;dchild=1&amp;keywords=soul+of+los+angeles&amp;qid=1606896965&amp;quartzVehicle=184-743&amp;replacementKeywords=of+los+angeles&amp;sr=8-1\" target=\"_blank\" rel=\"noopener noreferrer\">Comprar online<\/a><\/div>\n<\/div>\n","protected":false},"excerpt":{"rendered":"<p>\u201cCuando la gente critica Los \u00c1ngeles suele ser porque les da miedo explorar y probablemente est\u00e1n demasiado acostumbrados a las<\/p>\n","protected":false},"featured_media":7787,"template":"","meta":[],"product_brand":[],"product_cat":[192,451],"product_tag":[],"class_list":{"0":"post-7906","1":"product","2":"type-product","3":"status-publish","4":"has-post-thumbnail","6":"product_cat-english-es","7":"product_cat-la-otra-guia","9":"first","10":"instock","11":"shipping-taxable","12":"product-type-simple"},"aioseo_notices":[],"_links":{"self":[{"href":"https:\/\/jonglezpublishing.com\/es\/wp-json\/wp\/v2\/product\/7906","targetHints":{"allow":["GET"]}}],"collection":[{"href":"https:\/\/jonglezpublishing.com\/es\/wp-json\/wp\/v2\/product"}],"about":[{"href":"https:\/\/jonglezpublishing.com\/es\/wp-json\/wp\/v2\/types\/product"}],"wp:featuredmedia":[{"embeddable":true,"href":"https:\/\/jonglezpublishing.com\/es\/wp-json\/wp\/v2\/media\/7787"}],"wp:attachment":[{"href":"https:\/\/jonglezpublishing.com\/es\/wp-json\/wp\/v2\/media?parent=7906"}],"wp:term":[{"taxonomy":"product_brand","embeddable":true,"href":"https:\/\/jonglezpublishing.com\/es\/wp-json\/wp\/v2\/product_brand?post=7906"},{"taxonomy":"product_cat","embeddable":true,"href":"https:\/\/jonglezpublishing.com\/es\/wp-json\/wp\/v2\/product_cat?post=7906"},{"taxonomy":"product_tag","embeddable":true,"href":"https:\/\/jonglezpublishing.com\/es\/wp-json\/wp\/v2\/product_tag?post=7906"}],"curies":[{"name":"wp","href":"https:\/\/api.w.org\/{rel}","templated":true}]}}