{"id":8421,"date":"2020-06-25T16:58:00","date_gmt":"2020-06-25T13:58:00","guid":{"rendered":"https:\/\/jonglezpublishing.com\/?post_type=product&#038;p=8421"},"modified":"2025-09-11T11:27:06","modified_gmt":"2025-09-11T08:27:06","slug":"sevillainsolitaysecreta","status":"publish","type":"product","link":"https:\/\/jonglezpublishing.com\/es\/producto\/sevillainsolitaysecreta\/","title":{"rendered":"SEVILLA INS\u00d3LITA Y SECRETA"},"content":{"rendered":"<p class=\"p1\">Porqu\u00e9 est\u00e1 el relieve de Grace Kelly en la fachada del Ayuntamiento, donde se esconde el ferrocarril de la<br \/>\nExposici\u00f3n Iberoamericana del 29, la herencia del hijo de Crist\u00f3bal Col\u00f3n, el cementerio jud\u00edo medieval dentro de<br \/>\nun aparcamiento, un singular museo de m\u00fasica africana, recuerdos olvidados de los vapores del Guadalquivir, s\u00edmbolos mas\u00f3nicos en una iglesia, el enigma de una columna del siglo XVII en una farmacia, la terrible marca de los esclavos, un ejemplar de la m\u00e1quina nazi Enigma, una colecci\u00f3n de arte chino y japon\u00e9s en una casa-palacio renacentista, las columnas de una sinagoga medieval&#8230;<\/p>\n<p class=\"p1\">\nLejos de las masas y de los habituales clich\u00e9s, Sevilla sigue guardando tesoros escondidos que desvela \u00fanicamente a los habitantes y viajeros que buscan salirse de los caminos trillados.<\/p>\n<p class=\"p1\">\nUna gu\u00eda indispensable para los que cre\u00edan que conoc\u00edan bien Sevilla o para los que desean descubrir la otra cara de la ciudad.<\/p>\n<p>&nbsp;<\/p>\n<p><b>AUTOR<\/b>:\u00a0<span class=\"Apple-converted-space\">Ricardo de Castro<\/span><b><span class=\"Apple-converted-space\"><br \/>\n<\/span><\/b><b>P\u00c1GINAS<\/b>: 320<br \/>\n<b>FORMATO<\/b>:\u00a010.5 x 19 cm<br \/>\n<b>PRECIO<\/b>:<span class=\"Apple-converted-space\"> 18,95 \u20ac \u2013 US$ 21,95<br \/>\n<\/span><b>ISBN: <\/b>978-2-36195-884-8<span class=\"s1\"><br \/>\n<\/span><b>CONTACTO<\/b>: <span class=\"s1\"><a href=\"mailto:info@editorialjonglez.com\">info@editorialjonglez.com<\/a><\/span><\/p>\n<p>&nbsp;<\/p>\n<div class=\"buttons_cont\">\n<div class=\"button_cont\" align=\"center\"><a class=\"gv_product_btn\" href=\"https:\/\/jonglezpublishing.com\/wp-content\/uploads\/2020\/06\/Couv-Sevilla_ES-scaled.jpg\" target=\"_blank\" rel=\"noopener\">Descargar portada<\/a><\/div>\n<div class=\"button_cont\" align=\"center\"><a class=\"gv_product_btn\" href=\"https:\/\/jonglezpublishing.com\/wp-content\/uploads\/2025\/09\/Sevilla-insolita-y-secreta_ES_Preview.pdf\" target=\"_blank\" rel=\"noopener\">Leer PDF<\/a><\/div>\n<div class=\"button_cont\" align=\"center\"><a class=\"gv_product_btn\" href=\"https:\/\/www.amazon.es\/-\/en\/RICARDO-CASTRO\/dp\/2361958848\/ref=sr_1_2?crid=CJ045WX1EMYD&amp;dib=eyJ2IjoiMSJ9.cK5yUSxviuGJ-jlOWBNZ4Ncqx764059K9HzdiZDhFqpwkdBkQe3Wf_hJedH8w-vt8JfZFh71SbL3YEuWKPUg--f0qBU6LxP7VdAfLTjznfI.8sPUWSJXR0rfhwTT0-Mym4f9MxQMZcesRJM5XdGB_mI&amp;dib_tag=se&amp;keywords=sevilla+insolita+y+secreta&amp;qid=1757579180&amp;sprefix=sevilla+insolita+y+secreta%2Caps%2C232&amp;sr=8-2\" target=\"_blank\" rel=\"noopener\">Comprar online<\/a><\/div>\n<\/div>\n","protected":false},"excerpt":{"rendered":"<p>Porqu\u00e9 est\u00e1 el relieve de Grace Kelly en la fachada del Ayuntamiento, donde se esconde el ferrocarril de la Exposici\u00f3n<\/p>\n","protected":false},"featured_media":14377,"template":"","meta":[],"product_brand":[],"product_cat":[192,448,423,240],"product_tag":[],"class_list":{"0":"post-8421","1":"product","2":"type-product","3":"status-publish","4":"has-post-thumbnail","6":"product_cat-english-es","7":"product_cat-french-es","8":"product_cat-guias-insolitas-y-secretas","9":"product_cat-spanish-2","11":"first","12":"instock","13":"shipping-taxable","14":"product-type-simple"},"aioseo_notices":[],"_links":{"self":[{"href":"https:\/\/jonglezpublishing.com\/es\/wp-json\/wp\/v2\/product\/8421","targetHints":{"allow":["GET"]}}],"collection":[{"href":"https:\/\/jonglezpublishing.com\/es\/wp-json\/wp\/v2\/product"}],"about":[{"href":"https:\/\/jonglezpublishing.com\/es\/wp-json\/wp\/v2\/types\/product"}],"wp:featuredmedia":[{"embeddable":true,"href":"https:\/\/jonglezpublishing.com\/es\/wp-json\/wp\/v2\/media\/14377"}],"wp:attachment":[{"href":"https:\/\/jonglezpublishing.com\/es\/wp-json\/wp\/v2\/media?parent=8421"}],"wp:term":[{"taxonomy":"product_brand","embeddable":true,"href":"https:\/\/jonglezpublishing.com\/es\/wp-json\/wp\/v2\/product_brand?post=8421"},{"taxonomy":"product_cat","embeddable":true,"href":"https:\/\/jonglezpublishing.com\/es\/wp-json\/wp\/v2\/product_cat?post=8421"},{"taxonomy":"product_tag","embeddable":true,"href":"https:\/\/jonglezpublishing.com\/es\/wp-json\/wp\/v2\/product_tag?post=8421"}],"curies":[{"name":"wp","href":"https:\/\/api.w.org\/{rel}","templated":true}]}}