{"id":8536,"date":"2020-07-23T13:00:43","date_gmt":"2020-07-23T10:00:43","guid":{"rendered":"https:\/\/jonglezpublishing.com\/product\/soul-of-barcelona-guia-de-las-30-mejores-experiencias\/"},"modified":"2025-10-14T11:59:21","modified_gmt":"2025-10-14T08:59:21","slug":"soul-of-barcelona-guia-de-las-30-mejores-experiencias","status":"publish","type":"product","link":"https:\/\/jonglezpublishing.com\/es\/producto\/soul-of-barcelona-guia-de-las-30-mejores-experiencias\/","title":{"rendered":"BARCELONA &#8211; 30 EXPERIENCIAS"},"content":{"rendered":"<p style=\"text-align: center;\">HEMOS PROBADO 250 LUGARES<br \/>\n<strong>NOS HEMOS QUEDADO CON LOS 30 MEJORES<\/strong><\/p>\n<p style=\"text-align: left;\">\nEscuchar jazz sobre los tejados de Gaud\u00ed, probar las tapas de una abuela que inspira a todos los j\u00f3venes chefs espa\u00f1oles, ir a una playa secreta, comer los mejores churros de tu vida, dormir en una panader\u00eda, tomarte un c\u00f3ctel en un bar retro, darte un ba\u00f1o caliente en un spa debajo de la ciudad&#8230;<\/p>\n<p style=\"text-align: left;\">La colecci\u00f3n \u201c30 experiencias\u201d presenta un nuevo enfoque del arte de viajar, a base de callejear, de tener encuentros imprevistos y de vivir experiencias inolvidables. Son unas gu\u00edas para quienes quieren abrir las puertas secretas de una ciudad, sentir los latidos de su coraz\u00f3n, explorar sus rincones m\u00e1s ocultos para llegar a su alma.<\/p>\n<p><strong>AUTORES<\/strong>: Fany P\u00e9chiodat &amp;\u00a0<span class=\"s1\">Vincent Moustache<br \/>\n<\/span><span class=\"s1\"><strong>P\u00c1GINAS<\/strong>: 128<br \/>\n<\/span><span class=\"s1\"><b>FORMATO<\/b>: 200 x 135 mm<br \/>\n<\/span><b style=\"line-height: 1.5;\">PRECIO<\/b><span style=\"line-height: 1.5;\">: 14,95 \u20ac <\/span><span class=\"s1\">\u2014 US$ 14.95<br \/>\n<\/span><span class=\"s1\"><b>ISBN<\/b>: 978-2-36195-741-4<br \/>\n<\/span><span class=\"s1\"><b>CONTACTO<\/b>: <a href=\"mailto:info@editorialjonglez.com?subject=\"><span class=\"s2\">info@editorialjonglez.com<\/span><\/a><\/span><\/p>\n<p>&nbsp;<\/p>\n<div class=\"buttons_cont\">\n<div class=\"button_cont\" align=\"center\"><a class=\"gv_product_btn\" href=\"https:\/\/jonglezpublishing.com\/wp-content\/uploads\/2020\/07\/Couv-SoBarcelone_ES_CMJN_print-scaled.jpg\" target=\"_blank\" rel=\"noopener\">Descargar portada<\/a><\/div>\n<div class=\"button_cont\" align=\"center\"><a class=\"gv_product_btn\" href=\"https:\/\/jonglezpublishing.com\/wp-content\/uploads\/2025\/10\/PREVIEW_SOBarcelone_ES.pdf\" target=\"_blank\" rel=\"noopener\">Leer PDF<\/a><\/div>\n<div class=\"button_cont\" align=\"center\"><a class=\"gv_product_btn\" href=\"https:\/\/www.amazon.es\/-\/en\/FANY-PECHIODAT-Y-VINCENT-MOUSTACHE\/dp\/2361957418\/ref=sr_1_1?crid=3FGDTULE33N8S&amp;dib=eyJ2IjoiMSJ9.-WroKKwir7fhhKYsuCNo7oZijqLfu7nKNNPYATGiU2vZIGF83rLnSWUp94ak9F8nJJjoaFbSXreJPRxv513TVQ3PQGW4aoTgMoMn7zH8wdAVgIaw64C-jUcQIZ_zdwkQEkLSYaf2miBU6OTOAZ0qOxpGFvD3-54tZyjfRkHmn7CVbellm5cqDlLSD_-yC1ykTB4mBEvtJzfzkAfzUcNJE8XfMqCpwXiBHeb3XK3_rAOCbIGi5VOvb5Lodb2XdiJPrlQEqvU2c3dBqAOAQld1S6J3UFvLa30r5Nwk0Tnc8zo.PfdMLzayBg_qJyFIsRJvhkH0k28zVW44VEcT0G3aAbk&amp;dib_tag=se&amp;keywords=BARCELONA+-+30+EXPERIENCIAS&amp;qid=1760432322&amp;sprefix=barcelona+-+30+experiencias%2Caps%2C245&amp;sr=8-1\" target=\"_blank\" rel=\"noopener\">Comprar online<\/a><\/div>\n<\/div>\n","protected":false},"excerpt":{"rendered":"<p>HEMOS PROBADO 250 LUGARES NOS HEMOS QUEDADO CON LOS 30 MEJORES Escuchar jazz sobre los tejados de Gaud\u00ed, probar las<\/p>\n","protected":false},"featured_media":14411,"template":"","meta":[],"product_brand":[],"product_cat":[192,451],"product_tag":[],"class_list":{"0":"post-8536","1":"product","2":"type-product","3":"status-publish","4":"has-post-thumbnail","6":"product_cat-english-es","7":"product_cat-la-otra-guia","9":"first","10":"instock","11":"shipping-taxable","12":"product-type-simple"},"aioseo_notices":[],"_links":{"self":[{"href":"https:\/\/jonglezpublishing.com\/es\/wp-json\/wp\/v2\/product\/8536","targetHints":{"allow":["GET"]}}],"collection":[{"href":"https:\/\/jonglezpublishing.com\/es\/wp-json\/wp\/v2\/product"}],"about":[{"href":"https:\/\/jonglezpublishing.com\/es\/wp-json\/wp\/v2\/types\/product"}],"wp:featuredmedia":[{"embeddable":true,"href":"https:\/\/jonglezpublishing.com\/es\/wp-json\/wp\/v2\/media\/14411"}],"wp:attachment":[{"href":"https:\/\/jonglezpublishing.com\/es\/wp-json\/wp\/v2\/media?parent=8536"}],"wp:term":[{"taxonomy":"product_brand","embeddable":true,"href":"https:\/\/jonglezpublishing.com\/es\/wp-json\/wp\/v2\/product_brand?post=8536"},{"taxonomy":"product_cat","embeddable":true,"href":"https:\/\/jonglezpublishing.com\/es\/wp-json\/wp\/v2\/product_cat?post=8536"},{"taxonomy":"product_tag","embeddable":true,"href":"https:\/\/jonglezpublishing.com\/es\/wp-json\/wp\/v2\/product_tag?post=8536"}],"curies":[{"name":"wp","href":"https:\/\/api.w.org\/{rel}","templated":true}]}}