{"id":8917,"date":"2020-10-13T09:10:09","date_gmt":"2020-10-13T06:10:09","guid":{"rendered":"https:\/\/jonglezpublishing.com\/product\/iglesias-abandonadas\/"},"modified":"2021-11-29T07:56:48","modified_gmt":"2021-11-29T05:56:48","slug":"iglesias-abandonadas","status":"publish","type":"product","link":"https:\/\/jonglezpublishing.com\/es\/producto\/iglesias-abandonadas\/","title":{"rendered":"IGLESIAS ABANDONADAS &#8211; LUGARES DE CULTO EN RUINAS"},"content":{"rendered":"<p class=\"p2\">Entre 2012 y 2020, Francis Meslet ha fotografiado centenares de lugares de culto abandonados en Europa; lugares que, con el paso del tiempo, han dejado sitio al silencio. Ahora solo se oye el susurro del viento col\u00e1ndose por una vidriera rota o el ritmo regular de las gotas de agua resbalando por el techo de la nave de una iglesia destrozada. Sin embargo, estos silencios atraen a unos pocos visitantes. En esa iglesia alemana, se recitaban oraciones en lat\u00edn, en ese colegio cat\u00f3lico franc\u00e9s, los gritos de los ni\u00f1os resonaban al son de su campana. \u00bfPero qui\u00e9n se puede imaginar los sonidos enterrados tras los muros de esa cripta en el coraz\u00f3n de las monta\u00f1as italianas o en la tumba de ese antiguo convento en Portugal?<\/p>\n<p class=\"p3\"><em>Francis Meslet recorre el mundo entero en su tiempo libre en busca de lugares olvidados, santuarios en los que el tiempo se detuvo cuando el hombre cerr\u00f3 sus puertas. Siempre vuelve con im\u00e1genes cautivadoras, c\u00e1psulas del tiempo testigos de un mundo paralelo propicio para evadir la mente y para reflexionar\u2026 Con el mayor de los respetos por los fieles que un d\u00eda los frecuentaron, Francis Meslet nos propone sumergirnos en aquellos lugares que la fe abandon\u00f3 en busca de una luz divina.<\/em><\/p>\n<p>&nbsp;<\/p>\n<p style=\"text-align: center;\">*Iglesias abandonadas: ha recibido la Medalla de Oro en la Prix de la Photographie de Parix (PX3) en las categorias \u00abBook\u00bb y \u00abFine Art Book\u00bb, la menci\u00f3n de honor en los International Photography Awards y un premio Plata en la Tokyo International Foto Awards (TIFA) en la categor\u00eda \u201cBook-Fine Art\u201d.*<\/p>\n<p>&nbsp;<\/p>\n<p><b><span lang=\"ES\">AUTOR &amp; FOT\u00d3GRAFO<\/span><\/b>: Francis Meslet<br \/>\n<b>P\u00c1GINAS<\/b>: 224<br \/>\n<b>FORMATO<\/b>: 105 x 190 mm<br \/>\n<b>ISBN<\/b>: 978-2-36195-443-7<br \/>\n<b>PRECIO<\/b>: 35.00 \u20ac \u2014 US$ 39.95<br \/>\n<b>CONTACTO<\/b>: <a href=\"mailto:info@editorialjonglez.com\">info@editorialjonglez.com<\/a><\/p>\n<p>&nbsp;<\/p>\n<div class=\"buttons_cont\">\n<div class=\"button_cont\" align=\"center\"><a class=\"gv_product_btn\" href=\"https:\/\/jonglezpublishing.com\/wp-content\/uploads\/2020\/10\/SP_couv_JONGLEZ.jpg\" target=\"_blank\" rel=\"noopener noreferrer\">Descargar portada<\/a><\/div>\n<div class=\"button_cont\" align=\"center\"><a class=\"gv_product_btn\" href=\"https:\/\/jonglezpublishing.com\/wp-content\/uploads\/2020\/10\/SP__Iglesias_Abandonadas_Preview-1.pdf\" target=\"_blank\" rel=\"noopener noreferrer\">Leer PDF<\/a><\/div>\n<div class=\"button_cont\" align=\"center\"><a class=\"gv_product_btn\" href=\"https:\/\/www.amazon.es\/Iglesias-abandonadas-Lugares-Culto-Jonglez\/dp\/2361954435\/ref=sr_1_1__mk_es_ES=%C3%85M%C3%85%C5%BD%C3%95%C3%91&amp;crid=ETX19SC1BN66&amp;dchild=1&amp;keywords=iglesias+abandonadas&amp;qid=1606897544&amp;sprefix=iglesias+aban%2Caps%2C211&amp;sr=8-1\" target=\"_blank\" rel=\"noopener noreferrer\">Comprar online<\/a><\/div>\n","protected":false},"excerpt":{"rendered":"<p>Entre 2012 y 2020, Francis Meslet ha fotografiado centenares de lugares de culto abandonados en Europa; lugares que, con el<\/p>\n","protected":false},"featured_media":8795,"template":"","meta":[],"product_brand":[],"product_cat":[192,448,449,271,450,272],"product_tag":[],"class_list":{"0":"post-8917","1":"product","2":"type-product","3":"status-publish","4":"has-post-thumbnail","6":"product_cat-english-es","7":"product_cat-french-es","8":"product_cat-german-es","9":"product_cat-italian-es","10":"product_cat-libros-de-fotografia","11":"product_cat-spanish-es","13":"first","14":"instock","15":"shipping-taxable","16":"product-type-simple"},"aioseo_notices":[],"_links":{"self":[{"href":"https:\/\/jonglezpublishing.com\/es\/wp-json\/wp\/v2\/product\/8917","targetHints":{"allow":["GET"]}}],"collection":[{"href":"https:\/\/jonglezpublishing.com\/es\/wp-json\/wp\/v2\/product"}],"about":[{"href":"https:\/\/jonglezpublishing.com\/es\/wp-json\/wp\/v2\/types\/product"}],"wp:featuredmedia":[{"embeddable":true,"href":"https:\/\/jonglezpublishing.com\/es\/wp-json\/wp\/v2\/media\/8795"}],"wp:attachment":[{"href":"https:\/\/jonglezpublishing.com\/es\/wp-json\/wp\/v2\/media?parent=8917"}],"wp:term":[{"taxonomy":"product_brand","embeddable":true,"href":"https:\/\/jonglezpublishing.com\/es\/wp-json\/wp\/v2\/product_brand?post=8917"},{"taxonomy":"product_cat","embeddable":true,"href":"https:\/\/jonglezpublishing.com\/es\/wp-json\/wp\/v2\/product_cat?post=8917"},{"taxonomy":"product_tag","embeddable":true,"href":"https:\/\/jonglezpublishing.com\/es\/wp-json\/wp\/v2\/product_tag?post=8917"}],"curies":[{"name":"wp","href":"https:\/\/api.w.org\/{rel}","templated":true}]}}