{"id":9553,"date":"2021-09-01T13:28:31","date_gmt":"2021-09-01T10:28:31","guid":{"rendered":"https:\/\/jonglezpublishing.com\/?post_type=product&#038;p=9553"},"modified":"2021-11-29T07:57:44","modified_gmt":"2021-11-29T05:57:44","slug":"patrimonio-abandonado","status":"publish","type":"product","link":"https:\/\/jonglezpublishing.com\/es\/producto\/patrimonio-abandonado\/","title":{"rendered":"PATRIMONIO ABANDONADO"},"content":{"rendered":"<p class=\"p1\"><span class=\"s1\">Los vestigios de Abjasia, un pa\u00eds que no existe, una f\u00e1brica abandonada transformada en decorados para Hollywood, la L\u00ednea Verde de Chipre, la ciudad fantasma que dej\u00f3 la cat\u00e1strofe de Chern\u00f3bil, un cine modernista en Bruselas, ins\u00f3litas fortificaciones del siglo XVIII en Italia, la ciudad de Tskaltubo y sus \u201caguas de la inmortalidad\u201d, una de las termas m\u00e1s antiguas de Ruman\u00eda\u2026<\/span><\/p>\n<p class=\"p1\"><em><span class=\"s1\"><b>Roman Robroek<\/b> es un fot\u00f3grafo del sur de los Pa\u00edses Bajos fascinado por la arquitectura urbana. Sus espectaculares fotograf\u00edas de lugares olvidados en el mundo entero han ganado m\u00faltiples premios. \u00bfCu\u00e1l es la historia de estos edificios? \u00bfQui\u00e9nes viv\u00edan en ellos? \u00bfPara que serv\u00edan esos objetos y por qu\u00e9 los abandonaron? Su insaciable curiosidad por estos temas le llev\u00f3 a ser fot\u00f3grafo urbano. Patrimonio abandonado es el resultado de diez a\u00f1os explorando lugares fantasmales en busca de respuestas.<\/span><\/em><\/p>\n<p>&nbsp;<\/p>\n<p class=\"p1\"><span class=\"s1\"><b>AUTOR<\/b>: Roman Robroek<b><br \/>\nP\u00c1GINAS<\/b>: 256<br \/>\n<\/span><span class=\"s1\"><b>FORMATO<\/b>: 297mm x 210mm<br \/>\n<b>ISBN<\/b>: <\/span><span class=\"s1\">978-2-36195-542-7<br \/>\n<\/span><span class=\"s1\"><b>PRECIO<\/b>: 35,00 \u20ac \u2014 US$ 39.95<br \/>\n<\/span><span class=\"s1\"><b>CONTACTO<\/b>: <a href=\"mailto:info@editorialjonglez.com?subject=\"><span class=\"s2\">info@editorialjonglez.com<\/span><\/a><\/span><\/p>\n<p>&nbsp;<\/p>\n<div class=\"buttons_cont\">\n<div class=\"button_cont\" align=\"center\"><a class=\"gv_product_btn\" href=\"https:\/\/jonglezpublishing.com\/wp-content\/uploads\/2021\/09\/Oblivion_SP.jpg\" target=\"_blank\" rel=\"noopener noreferrer\">Descargar portada<\/a><\/div>\n<div class=\"button_cont\" align=\"center\"><a class=\"gv_product_btn\" href=\"https:\/\/jonglezpublishing.com\/wp-content\/uploads\/2021\/09\/Oblivion_SP.jpg\" target=\"_blank\" rel=\"noopener noreferrer\">Leer PDF<\/a><\/div>\n<div class=\"button_cont\" align=\"center\"><a class=\"gv_product_btn\" href=\"https:\/\/www.amazon.es\/Patrimonio-abandonado-Roman-Robroek\/dp\/2361955423\/ref=sr_1_1?__mk_es_ES=%C3%85M%C3%85%C5%BD%C3%95%C3%91&amp;dchild=1&amp;keywords=patrimonio+abandonado&amp;qid=1630495662&amp;sr=8-1\" target=\"_blank\" rel=\"noopener noreferrer\">Comprar online<\/a><\/div>\n<\/div>\n","protected":false},"excerpt":{"rendered":"<p>Los vestigios de Abjasia, un pa\u00eds que no existe, una f\u00e1brica abandonada transformada en decorados para Hollywood, la L\u00ednea Verde<\/p>\n","protected":false},"featured_media":9564,"template":"","meta":[],"product_brand":[],"product_cat":[192,448,449,271,450,272],"product_tag":[],"class_list":{"0":"post-9553","1":"product","2":"type-product","3":"status-publish","4":"has-post-thumbnail","6":"product_cat-english-es","7":"product_cat-french-es","8":"product_cat-german-es","9":"product_cat-italian-es","10":"product_cat-libros-de-fotografia","11":"product_cat-spanish-es","13":"first","14":"instock","15":"shipping-taxable","16":"product-type-simple"},"aioseo_notices":[],"_links":{"self":[{"href":"https:\/\/jonglezpublishing.com\/es\/wp-json\/wp\/v2\/product\/9553","targetHints":{"allow":["GET"]}}],"collection":[{"href":"https:\/\/jonglezpublishing.com\/es\/wp-json\/wp\/v2\/product"}],"about":[{"href":"https:\/\/jonglezpublishing.com\/es\/wp-json\/wp\/v2\/types\/product"}],"wp:featuredmedia":[{"embeddable":true,"href":"https:\/\/jonglezpublishing.com\/es\/wp-json\/wp\/v2\/media\/9564"}],"wp:attachment":[{"href":"https:\/\/jonglezpublishing.com\/es\/wp-json\/wp\/v2\/media?parent=9553"}],"wp:term":[{"taxonomy":"product_brand","embeddable":true,"href":"https:\/\/jonglezpublishing.com\/es\/wp-json\/wp\/v2\/product_brand?post=9553"},{"taxonomy":"product_cat","embeddable":true,"href":"https:\/\/jonglezpublishing.com\/es\/wp-json\/wp\/v2\/product_cat?post=9553"},{"taxonomy":"product_tag","embeddable":true,"href":"https:\/\/jonglezpublishing.com\/es\/wp-json\/wp\/v2\/product_tag?post=9553"}],"curies":[{"name":"wp","href":"https:\/\/api.w.org\/{rel}","templated":true}]}}