{"id":9595,"date":"2021-09-07T12:42:34","date_gmt":"2021-09-07T09:42:35","guid":{"rendered":"https:\/\/jonglezpublishing.com\/?post_type=product&#038;p=9595"},"modified":"2022-02-02T09:38:02","modified_gmt":"2022-02-02T07:38:02","slug":"soul-of-marrakech-la-guia-de-las-30-mejores-experiencias","status":"publish","type":"product","link":"https:\/\/jonglezpublishing.com\/es\/producto\/soul-of-marrakech-la-guia-de-las-30-mejores-experiencias\/","title":{"rendered":"SOUL OF MARRAKECH &#8211; LA GU\u00cdA DE LAS 30 MEJORES EXPERIENCIAS"},"content":{"rendered":"<p class=\"p1\" style=\"text-align: center;\"><span class=\"s1\">\u201cSi te dejas seducir por Marrakech, descubrir\u00e1s que el resto de los lugares del mundo te parecer\u00e1n aburridos\u201d. Juan Goytisolo, escritor y poeta espa\u00f1ol.<\/span><\/p>\n<p class=\"p3\"><span class=\"s1\">La biblioteca privada de Yves St. Laurent, el mejor zumo de naranja de la m\u00edtica plaza Jamma El Fna, los riads m\u00e1s bonitos y los mejores restaurantes lejos de las multitudes de turistas, en busca de la alfombra perfecta, una noche en la tienda en el desierto, descubrir un aut\u00e9ntico museo secreto donde todo est\u00e1 en venta\u2026<\/span><\/p>\n<p class=\"p3\"><span class=\"s1\"><i>Soul of Marrakech<\/i> ha sido escrita por Zohar Benjelloun y Fabrice Nadjari, dos enamorados del reino jerifiano, que han recorrido todos los rincones de esta ciudad que tanto les fascina para obtener las experiencias m\u00e1s memorables e inesperadas.<\/span><\/p>\n<p class=\"p3\"><span class=\"s1\"><br \/>\n<\/span><span class=\"s1\">La colecci\u00f3n <b>Soul of <\/b>presenta un nuevo enfoque del arte de viajar, creado a base de callejear, de tener encuentros imprevistos y de vivir experiencias inolvidables. Son unas gu\u00edas para los que quieren abrir las puertas secretas de una ciudad, sentir los latidos de su coraz\u00f3n, escudri\u00f1ar sus m\u00e1s \u00ednfimos recovecos para llegar a su alma.<\/span><\/p>\n<p class=\"p1\"><span class=\"s1\">En cada gu\u00eda de la colecci\u00f3n <b>Soul of<\/b> vas a encontrar:<br \/>\n<\/span><span class=\"s1\">&#8211; Las 30 mejores experiencias que ofrece cada ciudad;<br \/>\n<\/span><span class=\"s1\">&#8211; Entrevistas con aquellos que integran el esp\u00edritu de esa ciudad;<br \/>\n<\/span><span class=\"s1\">&#8211; Ilustraciones que reflejan el alma de la ciudad.<\/span><\/p>\n<p>&nbsp;<\/p>\n<p class=\"p2\"><span class=\"s1\"><b>ISBN<\/b>: 978-2-36195-501-4<br \/>\n<b>Precio<\/b>: \u20ac14,95<br \/>\n<\/span><span class=\"s1\"><b>Paginas<\/b>: 144<br \/>\n<\/span><span class=\"s1\"><b>Dimensiones<\/b>: 200 x 135 mm<br \/>\n<\/span><span class=\"s1\"><b>Contacto<\/b>: <a href=\"mailto:info@editorialjonglez.com\"><span class=\"s2\">info@editorialjonglez.com<\/span><\/a><\/span><\/p>\n<p>&nbsp;<\/p>\n<div class=\"buttons_cont\">\n<div class=\"button_cont\" align=\"center\"><a class=\"gv_product_btn\" href=\"https:\/\/jonglezpublishing.com\/wp-content\/uploads\/2021\/09\/Soul-of-Marrakech_Scover.jpg\" target=\"_blank\" rel=\"noopener noreferrer\">Descargar portada<br \/>\n<\/a><\/div>\n<div class=\"button_cont\" align=\"center\"><a class=\"gv_product_btn\" href=\"https:\/\/jonglezpublishing.com\/wp-content\/uploads\/2021\/09\/Soul-of-Marrakech_Scover.jpg\" target=\"_blank\" rel=\"noopener noreferrer\">Leer PDF<\/a><\/div>\n<div class=\"button_cont\" align=\"center\"><a class=\"gv_product_btn\" href=\"https:\/\/www.amazon.es\/Soul-Marrakech-experiencias-Exceptional-Experiences\/dp\/2361955016\/ref=sr_1_1?__mk_es_ES=%C3%85M%C3%85%C5%BD%C3%95%C3%91&amp;crid=15KYT60MGTHAN&amp;keywords=9782361955014&amp;qid=1643784843&amp;sprefix=9782361955014%2Caps%2C99&amp;sr=8-1\" target=\"_blank\" rel=\"noopener noreferrer\">Comprar online<\/a><\/div>\n<\/div>\n","protected":false},"excerpt":{"rendered":"<p>\u201cSi te dejas seducir por Marrakech, descubrir\u00e1s que el resto de los lugares del mundo te parecer\u00e1n aburridos\u201d. Juan Goytisolo,<\/p>\n","protected":false},"featured_media":9853,"template":"","meta":[],"product_brand":[],"product_cat":[192,448,449,271,451,272],"product_tag":[],"class_list":{"0":"post-9595","1":"product","2":"type-product","3":"status-publish","4":"has-post-thumbnail","6":"product_cat-english-es","7":"product_cat-french-es","8":"product_cat-german-es","9":"product_cat-italian-es","10":"product_cat-la-otra-guia","11":"product_cat-spanish-es","13":"first","14":"instock","15":"shipping-taxable","16":"product-type-simple"},"aioseo_notices":[],"_links":{"self":[{"href":"https:\/\/jonglezpublishing.com\/es\/wp-json\/wp\/v2\/product\/9595","targetHints":{"allow":["GET"]}}],"collection":[{"href":"https:\/\/jonglezpublishing.com\/es\/wp-json\/wp\/v2\/product"}],"about":[{"href":"https:\/\/jonglezpublishing.com\/es\/wp-json\/wp\/v2\/types\/product"}],"wp:featuredmedia":[{"embeddable":true,"href":"https:\/\/jonglezpublishing.com\/es\/wp-json\/wp\/v2\/media\/9853"}],"wp:attachment":[{"href":"https:\/\/jonglezpublishing.com\/es\/wp-json\/wp\/v2\/media?parent=9595"}],"wp:term":[{"taxonomy":"product_brand","embeddable":true,"href":"https:\/\/jonglezpublishing.com\/es\/wp-json\/wp\/v2\/product_brand?post=9595"},{"taxonomy":"product_cat","embeddable":true,"href":"https:\/\/jonglezpublishing.com\/es\/wp-json\/wp\/v2\/product_cat?post=9595"},{"taxonomy":"product_tag","embeddable":true,"href":"https:\/\/jonglezpublishing.com\/es\/wp-json\/wp\/v2\/product_tag?post=9595"}],"curies":[{"name":"wp","href":"https:\/\/api.w.org\/{rel}","templated":true}]}}