{"id":9749,"date":"2020-10-13T12:33:54","date_gmt":"2020-10-13T09:33:54","guid":{"rendered":"https:\/\/jonglezpublishing.com\/?post_type=product&#038;p=9749"},"modified":"2025-02-14T08:30:53","modified_gmt":"2025-02-14T06:30:53","slug":"soul-of-venecia-guia-de-las-30-mejores-experiencias","status":"publish","type":"product","link":"https:\/\/jonglezpublishing.com\/es\/producto\/soul-of-venecia-guia-de-las-30-mejores-experiencias\/","title":{"rendered":"VENECIA &#8211;  GU\u00cdA DE LAS MEJORES EXPERIENCIAS"},"content":{"rendered":"<p style=\"text-align: center;\">HEMOS PROBADO 1000 LUGARES<br \/>\nNOS HEMOS QUEDADO CON LOS 30 MEJORES<\/p>\n<p>Una visita a la catedral de San Marcos sin turistas, las vistas panor\u00e1micas m\u00e1s bonitas, hacer la compra en una c\u00e1rcel, hacer una pausa en el para\u00edso de los gourmets, alojarse en el palazzo m\u00e1s hermoso, dormir una noche en la \u00fanica habitaci\u00f3n del mundo con un fresco de Tiepolo, el mejor s\u00e1ndwich de Venecia, el arte de la zapatilla veneciana de terciopelo, un retiro espiritual lleno de magia en una isla de la laguna, pasar el d\u00eda en un velero hist\u00f3rico&#8230;<\/p>\n<p>Esta colecci\u00f3n presenta un nuevo enfoque del arte de viajar, a base de callejear, de tener encuentros imprevistos y de vivir experiencias inolvidables. Son unas gu\u00edas para quienes quieren abrir las puertas secretas de una ciudad, sentir los latidos de su coraz\u00f3n, explorar sus rincones m\u00e1s ocultos para llegar a su alma.<\/p>\n<p>&nbsp;<\/p>\n<p class=\"p1\"><strong>AUTORES<\/strong>: Servane Giol y Thomas Jonglez<br \/>\n<strong>P\u00c1GINAS<\/strong>: 128<br \/>\n<strong>FORMATO<\/strong>: 20 x 13,5 cm<br \/>\n<strong>ISBN<\/strong>: 978-2-36195-872-5<br \/>\n<strong>PRECIO<\/strong>: \u20ac 14,95 \u2013 US$ 14.95<br \/>\n<strong>CONTACTO<\/strong>: info@editionsjonglez.com<\/p>\n<p>&nbsp;<\/p>\n<p>&nbsp;<\/p>\n<div class=\"buttons_cont\">\n<div class=\"button_cont\" align=\"center\"><a class=\"gv_product_btn\" href=\"https:\/\/jonglezpublishing.com\/wp-content\/uploads\/2020\/10\/Cover-Soul-Venise-ESP-1-scaled.jpg\" target=\"_blank\" rel=\"noopener\">Descargar portada<\/a><\/div>\n<div class=\"button_cont\" align=\"center\"><a class=\"gv_product_btn\" href=\"https:\/\/jonglezpublishing.com\/wp-content\/uploads\/2025\/02\/Preview-SO-Venise_ES.pdf\" target=\"_blank\" rel=\"noopener\">Leer PDF<\/a><\/div>\n<div class=\"button_cont\" align=\"center\"><a class=\"gv_product_btn\" href=\"https:\/\/www.amazon.es\/Soul-Venecia-Gu%C3%ADa-Mejores-Experiencias\/dp\/2361953331\/ref=sr_1_1?__mk_es_ES=%C3%85M%C3%85%C5%BD%C3%95%C3%91&amp;dchild=1&amp;keywords=soul+of+venecia&amp;qid=1634727579&amp;qsid=261-7747014-2048445&amp;sr=8-1&amp;sres=2361953331%2CB097D6TS46%2CB097D691SR%2CB08QDJXT9B%2C8418217375%2C2361953447%2CB07V1H2R1L%2CB00400OMU0%2C8408180347%2CB00NQ9YWXI%2C8466332316%2CB07ZY7Y188%2C8466352422%2CB0843TDMWG%2C1452179816%2CB002OHDBLW%2C0393353974%2CB00R4HVYBQ%2CB00O6E5ASI%2C8836571786\" target=\"_blank\" rel=\"noopener noreferrer\">Comprar online<\/a><\/div>\n<\/div>\n","protected":false},"excerpt":{"rendered":"<p>HEMOS PROBADO 1000 LUGARES NOS HEMOS QUEDADO CON LOS 30 MEJORES Una visita a la catedral de San Marcos sin<\/p>\n","protected":false},"featured_media":13504,"template":"","meta":[],"product_brand":[],"product_cat":[192,448,449,271,451],"product_tag":[],"class_list":{"0":"post-9749","1":"product","2":"type-product","3":"status-publish","4":"has-post-thumbnail","6":"product_cat-english-es","7":"product_cat-french-es","8":"product_cat-german-es","9":"product_cat-italian-es","10":"product_cat-la-otra-guia","12":"first","13":"instock","14":"shipping-taxable","15":"product-type-simple"},"aioseo_notices":[],"_links":{"self":[{"href":"https:\/\/jonglezpublishing.com\/es\/wp-json\/wp\/v2\/product\/9749","targetHints":{"allow":["GET"]}}],"collection":[{"href":"https:\/\/jonglezpublishing.com\/es\/wp-json\/wp\/v2\/product"}],"about":[{"href":"https:\/\/jonglezpublishing.com\/es\/wp-json\/wp\/v2\/types\/product"}],"wp:featuredmedia":[{"embeddable":true,"href":"https:\/\/jonglezpublishing.com\/es\/wp-json\/wp\/v2\/media\/13504"}],"wp:attachment":[{"href":"https:\/\/jonglezpublishing.com\/es\/wp-json\/wp\/v2\/media?parent=9749"}],"wp:term":[{"taxonomy":"product_brand","embeddable":true,"href":"https:\/\/jonglezpublishing.com\/es\/wp-json\/wp\/v2\/product_brand?post=9749"},{"taxonomy":"product_cat","embeddable":true,"href":"https:\/\/jonglezpublishing.com\/es\/wp-json\/wp\/v2\/product_cat?post=9749"},{"taxonomy":"product_tag","embeddable":true,"href":"https:\/\/jonglezpublishing.com\/es\/wp-json\/wp\/v2\/product_tag?post=9749"}],"curies":[{"name":"wp","href":"https:\/\/api.w.org\/{rel}","templated":true}]}}