{"id":9758,"date":"2021-09-01T11:43:30","date_gmt":"2021-09-01T08:43:30","guid":{"rendered":"https:\/\/jonglezpublishing.com\/product\/soul-of-nueva-york-guia-de-las-30-mejores-experiencias-2\/"},"modified":"2021-11-29T07:50:55","modified_gmt":"2021-11-29T05:50:55","slug":"soul-of-nueva-york-guia-de-las-30-mejores-experiencias-2","status":"publish","type":"product","link":"https:\/\/jonglezpublishing.com\/es\/producto\/soul-of-nueva-york-guia-de-las-30-mejores-experiencias-2\/","title":{"rendered":"SOUL OF NUEVA YORK &#8211; GU\u00cdA DE LAS 30 MEJORES EXPERIENCIAS"},"content":{"rendered":"<p><span style=\"font-weight: 400;\">\u00bfSabes cu\u00e1l fue la reacci\u00f3n de la neoyorquina Tarajia Morrell, cronista gastron\u00f3mica y de viajes, cuando Fanny P\u00e9chiodat y Thomas Jonglez, creadores de la colecci\u00f3n <\/span><i><span style=\"font-weight: 400;\">Soul <\/span><\/i><span style=\"font-weight: 400;\">of, le propusieron escribir <\/span><i><span style=\"font-weight: 400;\">Soul of Nueva York<\/span><\/i><span style=\"font-weight: 400;\">? \u201c\u00bfDescribir Nueva York en 30 experiencias? \u00a1Es una misi\u00f3n imposible!\u201d Como as\u00ed lo explica en el pr\u00f3logo de su gu\u00eda de viajes destinada a quienes no les gustan las gu\u00edas de viaje: \u201cEn la mayor\u00eda de los casos, he agrupado varios lugares en una misma experiencia. La ciudad evoluciona sin parar, cambia de tama\u00f1o y de forma. Oscila todo el rato entre la nostalgia y el progreso\u201d.<\/span><\/p>\n<p><span style=\"font-weight: 400;\">La <\/span><i><span style=\"font-weight: 400;\">Soul of Nueva York<\/span><\/i><span style=\"font-weight: 400;\"> de Morrell alterna los mejores sitios con los peque\u00f1os establecimientos que resisten al paso del tiempo. Con sus experiencias para todos los gustos &#8211; lujosas, modestas, fren\u00e9ticas o tranquilas -, <\/span><i><span style=\"font-weight: 400;\">Soul of Nueva York<\/span><\/i><span style=\"font-weight: 400;\"> es una declaraci\u00f3n de amor a una ciudad tumbada por la Covid, pero que se vuelve levantar. Esta experta cronista gastron\u00f3mica recomienda a los lectores tanto los <\/span><i><span style=\"font-weight: 400;\">dim sum<\/span><\/i><span style=\"font-weight: 400;\"> como las especialidades 100 % neoyorquinas. Aqu\u00ed, el camino y el destino son igual de importantes, y esta gu\u00eda gira en torno a lo que sucede en las calles pateando las aceras de un lado a otro. Esta densa obra, que incluye entrevistas y recomendaciones de otros neoyorquinos entendidos y que est\u00e1 incre\u00edblemente ilustrada con los elegantes dibujos de la fot\u00f3grafa del <\/span><i><span style=\"font-weight: 400;\">New York Times<\/span><\/i><span style=\"font-weight: 400;\"> Liz Barclay y las preciosas acuarelas del artista Abbie Zuidema, rebosa de lugares a descubrir con urgencia, ya seas turista o neoyorquino.<\/span><\/p>\n<p><span style=\"font-weight: 400;\">Tarajia Morrell es una periodista que ha publicado en <\/span><i><span style=\"font-weight: 400;\">WSJ. Magazine<\/span><\/i><span style=\"font-weight: 400;\">, <\/span><i><span style=\"font-weight: 400;\">T Magazine<\/span><\/i><span style=\"font-weight: 400;\">, <\/span><i><span style=\"font-weight: 400;\">Food &amp; Wine<\/span><\/i><span style=\"font-weight: 400;\">, <\/span><i><span style=\"font-weight: 400;\">Departures<\/span><\/i><span style=\"font-weight: 400;\">, <\/span><i><span style=\"font-weight: 400;\">Cherry Bombe<\/span><\/i><span style=\"font-weight: 400;\">, etc. Neoyorquina de nacimiento, sigue viviendo aqu\u00ed con su hija. A las dos les gusta pensar que Nueva York es, cada d\u00eda, una ocasi\u00f3n perfecta para ponerse sus mejores galas y para que nosotros, residentes o viajeros, formemos parte del espect\u00e1culo.<\/span><\/p>\n<p>&nbsp;<\/p>\n<p class=\"p1\"><span class=\"s1\">Fundada por Fany P\u00e9chiodat en colaboraci\u00f3n con el editor Thomas Jonglez, la colecci\u00f3n crecer\u00e1 : Roma, Venecia, Berlin\u2026<\/span><\/p>\n<p class=\"p1\"><span class=\"s1\">En todas las gu\u00edas de la colecci\u00f3n \u00ab<i>Soul of<\/i>\u00ab, vas a encontrar:<\/span><\/p>\n<p class=\"p3\"><span class=\"s1\">&#8211; las 30 mejores experiencias de una ciudad,<br \/>\n<\/span><span class=\"s1\">&#8211; entrevistas a personas que integran el esp\u00edritu de esa ciudad,<br \/>\n<\/span><span class=\"s1\">&#8211;<span class=\"Apple-converted-space\">\u00a0<\/span>ilustraciones que plasman el alma de la ciudad<\/span><\/p>\n<p>&nbsp;<\/p>\n<p class=\"p1\"><span class=\"s1\"><b>AUTOR <\/b>: Tarajia Morrell<b><br \/>\nISBN <\/b>: 978-2-36195-392-8<br \/>\n<\/span><b>PRECIO <\/b>: 14,95 \u20ac \u2013 US$ 14.95<br \/>\n<span class=\"s1\"><b>DIMENSIONES<\/b>: 200 x 135 mm<br \/>\n<\/span><span class=\"s1\"><b>CONTACTO <\/b>: <a href=\"mailto:info@editorialjonglez.com?subject=\"><span class=\"s2\">info@editorialjonglez.com<\/span><\/a><\/span><\/p>\n<p>&nbsp;<\/p>\n<div class=\"buttons_cont\">\n<div class=\"button_cont\" align=\"center\"><a class=\"gv_product_btn\" href=\"https:\/\/jonglezpublishing.com\/wp-content\/uploads\/2021\/09\/Soul-of-NY_SP.jpg\" target=\"_blank\" rel=\"noopener noreferrer\">Descargar portada<br \/>\n<\/a><\/div>\n<div class=\"button_cont\" align=\"center\"><a class=\"gv_product_btn\" href=\"https:\/\/jonglezpublishing.com\/wp-content\/uploads\/2021\/09\/Extrait_SONY_ES.pdf\" target=\"_blank\" rel=\"noopener noreferrer\">Leer PDF<\/a><\/div>\n<div class=\"button_cont\" align=\"center\"><a class=\"gv_product_btn\" href=\"https:\/\/www.amazon.es\/Soul-New-York-Spanish-Experiencias\/dp\/2361953927\/ref=sr_1_1?__mk_es_ES=%C3%85M%C3%85%C5%BD%C3%95%C3%91&amp;keywords=soul+of+nueva+york&amp;qid=1637310693&amp;qsid=257-8144108-7531831&amp;sr=8-1&amp;sres=2361953927%2CB07ZN67Z5W%2CB09G174F5Y%2CB07ZN657NY%2CB07Z27CZSX%2CB09CV9QX5K%2CB07ZY7X5KB%2CB09G16XH8P%2CB07ZY7N2SD%2C1916359809%2CB001J66K0S%2CB07VDTPVY9%2C840819366X%2CB07WK8SDPJ%2C8412064127%2CB08BMXT2SK%2CB07RX7YPHV%2C0399580654%2CB0867W8V3Y%2CB08QJ94GG2\" target=\"_blank\" rel=\"noopener noreferrer\">Comprar online<\/a><\/div>\n<\/div>\n","protected":false},"excerpt":{"rendered":"<p>\u00bfSabes cu\u00e1l fue la reacci\u00f3n de la neoyorquina Tarajia Morrell, cronista gastron\u00f3mica y de viajes, cuando Fanny P\u00e9chiodat y Thomas<\/p>\n","protected":false},"featured_media":9528,"template":"","meta":[],"product_brand":[],"product_cat":[192,448,449,271,451,272],"product_tag":[],"class_list":{"0":"post-9758","1":"product","2":"type-product","3":"status-publish","4":"has-post-thumbnail","6":"product_cat-english-es","7":"product_cat-french-es","8":"product_cat-german-es","9":"product_cat-italian-es","10":"product_cat-la-otra-guia","11":"product_cat-spanish-es","13":"first","14":"instock","15":"shipping-taxable","16":"product-type-simple"},"aioseo_notices":[],"_links":{"self":[{"href":"https:\/\/jonglezpublishing.com\/es\/wp-json\/wp\/v2\/product\/9758","targetHints":{"allow":["GET"]}}],"collection":[{"href":"https:\/\/jonglezpublishing.com\/es\/wp-json\/wp\/v2\/product"}],"about":[{"href":"https:\/\/jonglezpublishing.com\/es\/wp-json\/wp\/v2\/types\/product"}],"wp:featuredmedia":[{"embeddable":true,"href":"https:\/\/jonglezpublishing.com\/es\/wp-json\/wp\/v2\/media\/9528"}],"wp:attachment":[{"href":"https:\/\/jonglezpublishing.com\/es\/wp-json\/wp\/v2\/media?parent=9758"}],"wp:term":[{"taxonomy":"product_brand","embeddable":true,"href":"https:\/\/jonglezpublishing.com\/es\/wp-json\/wp\/v2\/product_brand?post=9758"},{"taxonomy":"product_cat","embeddable":true,"href":"https:\/\/jonglezpublishing.com\/es\/wp-json\/wp\/v2\/product_cat?post=9758"},{"taxonomy":"product_tag","embeddable":true,"href":"https:\/\/jonglezpublishing.com\/es\/wp-json\/wp\/v2\/product_tag?post=9758"}],"curies":[{"name":"wp","href":"https:\/\/api.w.org\/{rel}","templated":true}]}}