{"id":9937,"date":"2022-02-02T08:57:10","date_gmt":"2022-02-02T06:57:10","guid":{"rendered":"https:\/\/jonglezpublishing.com\/product\/los-angeles-insolita-y-secreta\/"},"modified":"2022-04-06T13:35:37","modified_gmt":"2022-04-06T10:35:37","slug":"los-angeles-insolita-y-secreta","status":"publish","type":"product","link":"https:\/\/jonglezpublishing.com\/es\/producto\/los-angeles-insolita-y-secreta\/","title":{"rendered":"LOS ANGELES INS\u00d3LITA Y SECRETA"},"content":{"rendered":"<div>Bisontes en libertad, la aut\u00e9ntica Ruta 66, una excursi\u00f3n por una base militar de la Guerra Fr\u00eda, la estatua de un \u201cJusto\u201d japon\u00e9s, la Baticueva original, un campo nazi abandonado, plataformas petroleras camufladas en la ciudad, los restos m\u00e1s importantes del Muro de Berl\u00edn fuera de Alemania&#8230;<\/div>\n<div><\/div>\n<div>Los \u00c1ngeles, ciudad tentacular, esconde innumerables secretos y tesoros ins\u00f3litos. L.A., parad\u00f3jica jungla de asfalto rodeada de una naturaleza omnipresente, es mucho m\u00e1s que el escaparate glamuroso de famosos, playas y parques de atracciones.<\/div>\n<div><\/div>\n<div>Para todos aquellos, visitantes o locales, que quieran explorar la ciudad a fondo, esta gu\u00eda busca desmontar los t\u00f3picos que distorsionan la imagen de esta gran ciudad, a menudo poco conocida o malquerida. Esta gu\u00eda tambi\u00e9n se puede leer como una declaraci\u00f3n de amor a la ciudad de Los \u00c1ngeles.<\/div>\n<div>\n<div>\n<div dir=\"ltr\" data-smartmail=\"gmail_signature\">\n<div dir=\"ltr\">\n<div><\/div>\n<\/div>\n<\/div>\n<\/div>\n<\/div>\n<p>&nbsp;<\/p>\n<p class=\"p1\"><span class=\"s1\"><b>Autores:<span class=\"Apple-converted-space\">\u00a0 <\/span><\/b>F\u00e9licien Cassan &amp; Darrow Carson<br \/>\n<\/span><span class=\"s1\"><b>P\u00e1ginas:<\/b> 256<br \/>\n<\/span><span class=\"s1\"><b>Formato:<\/b> <span class=\"Apple-converted-space\">\u00a0 <\/span>10.5 x 19 cm<br \/>\n<\/span><span class=\"s1\"><b>Precio:<\/b><span class=\"Apple-converted-space\">\u00a0 <\/span>$21,95 &#8211; \u20ac18,95<br \/>\n<\/span><span class=\"s1\"><b>ISBN:<\/b> 978-2-36195-352-2<br \/>\n<\/span><span class=\"s1\"><b>Contacto: <\/b><a href=\"mailto:info@editorialjonglez.com\"><span class=\"s2\">info@editorialjonglez.com<\/span><\/a><\/span><\/p>\n<p>&nbsp;<\/p>\n<div class=\"buttons_cont\">\n<div class=\"button_cont\" align=\"center\"><a class=\"gv_product_btn\" href=\"https:\/\/jonglezpublishing.com\/wp-content\/uploads\/2022\/02\/PDF_SecretLA_SP.pdf\" target=\"_blank\" rel=\"noopener noreferrer\">Descargar portada<\/a><\/div>\n<div class=\"button_cont\" align=\"center\"><a class=\"gv_product_btn\" href=\"https:\/\/jonglezpublishing.com\/wp-content\/uploads\/2022\/02\/PDF_SecretLA_SP.pdf\" target=\"_blank\" rel=\"noopener noreferrer\">Leer PDF<\/a><\/div>\n<div class=\"button_cont\" align=\"center\"><a class=\"gv_product_btn\" href=\"https:\/\/www.amazon.es\/Los-Angeles-Ins%C3%B3lita-Y-Secreta\/dp\/2361953528\/ref=sr_1_5?__mk_es_ES=%C3%85M%C3%85%C5%BD%C3%95%C3%91&amp;crid=3506X0MBSCJGT&amp;keywords=los+angeles+insolita+y+secreta&amp;qid=1643786707&amp;sprefix=los+angeles+insolita+y+secreta%2Caps%2C128&amp;sr=8-5\" target=\"_blank\" rel=\"noopener noreferrer\">Comprar online<\/a><\/div>\n<\/div>\n","protected":false},"excerpt":{"rendered":"<p>Bisontes en libertad, la aut\u00e9ntica Ruta 66, una excursi\u00f3n por una base militar de la Guerra Fr\u00eda, la estatua de<\/p>\n","protected":false},"featured_media":9923,"template":"","meta":[],"product_brand":[],"product_cat":[192,448,423,272],"product_tag":[],"class_list":{"0":"post-9937","1":"product","2":"type-product","3":"status-publish","4":"has-post-thumbnail","6":"product_cat-english-es","7":"product_cat-french-es","8":"product_cat-guias-insolitas-y-secretas","9":"product_cat-spanish-es","11":"first","12":"instock","13":"shipping-taxable","14":"product-type-simple"},"aioseo_notices":[],"_links":{"self":[{"href":"https:\/\/jonglezpublishing.com\/es\/wp-json\/wp\/v2\/product\/9937","targetHints":{"allow":["GET"]}}],"collection":[{"href":"https:\/\/jonglezpublishing.com\/es\/wp-json\/wp\/v2\/product"}],"about":[{"href":"https:\/\/jonglezpublishing.com\/es\/wp-json\/wp\/v2\/types\/product"}],"wp:featuredmedia":[{"embeddable":true,"href":"https:\/\/jonglezpublishing.com\/es\/wp-json\/wp\/v2\/media\/9923"}],"wp:attachment":[{"href":"https:\/\/jonglezpublishing.com\/es\/wp-json\/wp\/v2\/media?parent=9937"}],"wp:term":[{"taxonomy":"product_brand","embeddable":true,"href":"https:\/\/jonglezpublishing.com\/es\/wp-json\/wp\/v2\/product_brand?post=9937"},{"taxonomy":"product_cat","embeddable":true,"href":"https:\/\/jonglezpublishing.com\/es\/wp-json\/wp\/v2\/product_cat?post=9937"},{"taxonomy":"product_tag","embeddable":true,"href":"https:\/\/jonglezpublishing.com\/es\/wp-json\/wp\/v2\/product_tag?post=9937"}],"curies":[{"name":"wp","href":"https:\/\/api.w.org\/{rel}","templated":true}]}}