{"id":1476,"date":"2018-09-17T13:13:52","date_gmt":"2018-09-17T13:13:52","guid":{"rendered":"https:\/\/jonglez.timeforcoffee.gr\/about-us\/"},"modified":"2021-05-19T13:45:34","modified_gmt":"2021-05-19T10:45:34","slug":"about-us","status":"publish","type":"page","link":"https:\/\/jonglezpublishing.com\/fr\/about-us\/","title":{"rendered":"About"},"content":{"rendered":"<div class=\"wpb-content-wrapper\"><p>[vc_row full_width=\u00a0\u00bbstretch_row_content_no_spaces\u00a0\u00bb equal_height=\u00a0\u00bbyes\u00a0\u00bb content_placement=\u00a0\u00bbmiddle\u00a0\u00bb mobile_bg_img_hidden=\u00a0\u00bbno\u00a0\u00bb tablet_bg_img_hidden=\u00a0\u00bbno\u00a0\u00bb woodmart_parallax=\u00a0\u00bb0&Prime; woodmart_gradient_switch=\u00a0\u00bbno\u00a0\u00bb row_reverse_mobile=\u00a0\u00bb0&Prime; row_reverse_tablet=\u00a0\u00bb0&Prime; woodmart_disable_overflow=\u00a0\u00bb0&Prime; css=\u00a0\u00bb.vc_custom_1559664989749{padding-top: 100px !important;padding-bottom: 100px !important;background-image: url(https:\/\/jonglezpublishing.com\/wp-content\/uploads\/2019\/06\/jonglez-bg-about-books.jpg?id=6653) !important;background-position: center !important;background-repeat: no-repeat !important;background-size: cover !important;}\u00a0\u00bb][vc_column][vc_column_text text_larger=\u00a0\u00bbno\u00a0\u00bb]<\/p>\n<div style=\"height: 50px; width: 100%;\"><\/div>\n<p>[\/vc_column_text][\/vc_column][\/vc_row][vc_row equal_height=\u00a0\u00bbyes\u00a0\u00bb content_placement=\u00a0\u00bbmiddle\u00a0\u00bb mobile_bg_img_hidden=\u00a0\u00bbno\u00a0\u00bb tablet_bg_img_hidden=\u00a0\u00bbno\u00a0\u00bb woodmart_parallax=\u00a0\u00bb0&Prime; woodmart_gradient_switch=\u00a0\u00bbno\u00a0\u00bb row_reverse_mobile=\u00a0\u00bb0&Prime; row_reverse_tablet=\u00a0\u00bb0&Prime; woodmart_disable_overflow=\u00a0\u00bb0&Prime;][vc_column width=\u00a0\u00bb1\/4&Prime;][vc_single_image image=\u00a0\u00bb1294&Prime; img_size=\u00a0\u00bb\u00a0\u00bb parallax_scroll=\u00a0\u00bbno\u00a0\u00bb][\/vc_column][vc_column width=\u00a0\u00bb3\/4&Prime;][vc_column_text text_larger=\u00a0\u00bbno\u00a0\u00bb]C\u2019est en septembre 1995, \u00e0 Peshawar, au Pakistan, \u00e0 20 kilom\u00e8tres des zones tribales qu\u2019il visitera quelques jours plus tard, que Thomas a l\u2019id\u00e9e de mettre sur le papier les coins secrets qu\u2019il conna\u00eet \u00e0 Paris. Lors de ce voyage de 7 mois de P\u00e9kin \u00e0 Paris, il traverse entre autres le Tibet (dans lequel il rentre en fraude, cach\u00e9 sous des couvertures dans un bus de nuit), l\u2019Iran et le Kurdistan, mais sans jamais prendre l\u2019avion : en bateau, en stop, \u00e0 v\u00e9lo, \u00e0 cheval, \u00e0 pied, en train ou en bus, il rejoint Paris juste \u00e0 temps pour f\u00eater No\u00ebl en famille.<\/p>\n<p>\u00c0 son retour dans sa ville natale, il passe deux ans fantastiques \u00e0 se promener dans quasiment toutes les rues de Paris pour \u00e9crire, avec un ami, son premier guide sur les secrets de la capitale. Il passe ensuite 7 ans dans la sid\u00e9rurgie avant d\u2019\u00eatre rappel\u00e9 par la passion de la d\u00e9couverte. Il cr\u00e9e sa maison d\u2019\u00e9dition en 2003 et part habiter \u00e0 Venise en 2006.<\/p>\n<p>En 2013, en qu\u00eate de nouvelles aventures, il part en famille, pendant 6 mois, de Venise au Br\u00e9sil en passant par la Cor\u00e9e du Nord, la Micron\u00e9sie, les \u00celes Salomon, l\u2019\u00eele de P\u00e2ques, le P\u00e9rou et la Bolivie.<\/p>\n<p>Il vit d\u00e9sormais \u00e0 Berlin avec sa femme et ses trois enfants.<\/p>\n<p>Les \u00c9ditions Jonglez publient des livres en neuf langues dans 35 pays.[\/vc_column_text][\/vc_column][\/vc_row]<\/p>\n<\/div>","protected":false},"excerpt":{"rendered":"<p>[vc_row full_width=\u00a0\u00bbstretch_row_content_no_spaces\u00a0\u00bb equal_height=\u00a0\u00bbyes\u00a0\u00bb content_placement=\u00a0\u00bbmiddle\u00a0\u00bb mobile_bg_img_hidden=\u00a0\u00bbno\u00a0\u00bb tablet_bg_img_hidden=\u00a0\u00bbno\u00a0\u00bb woodmart_parallax=\u00a0\u00bb0&Prime; woodmart_gradient_switch=\u00a0\u00bbno\u00a0\u00bb row_reverse_mobile=\u00a0\u00bb0&Prime; row_reverse_tablet=\u00a0\u00bb0&Prime; woodmart_disable_overflow=\u00a0\u00bb0&Prime; css=\u00a0\u00bb.vc_custom_1559664989749{padding-top: 100px !important;padding-bottom: 100px !important;background-image: url(https:\/\/jonglezpublishing.com\/wp-content\/uploads\/2019\/06\/jonglez-bg-about-books.jpg?id=6653) !important;background-position: center !important;background-repeat:<\/p>\n","protected":false},"author":1,"featured_media":0,"parent":0,"menu_order":0,"comment_status":"closed","ping_status":"closed","template":"","meta":{"footnotes":""},"class_list":["post-1476","page","type-page","status-publish","hentry"],"aioseo_notices":[],"_links":{"self":[{"href":"https:\/\/jonglezpublishing.com\/fr\/wp-json\/wp\/v2\/pages\/1476","targetHints":{"allow":["GET"]}}],"collection":[{"href":"https:\/\/jonglezpublishing.com\/fr\/wp-json\/wp\/v2\/pages"}],"about":[{"href":"https:\/\/jonglezpublishing.com\/fr\/wp-json\/wp\/v2\/types\/page"}],"author":[{"embeddable":true,"href":"https:\/\/jonglezpublishing.com\/fr\/wp-json\/wp\/v2\/users\/1"}],"replies":[{"embeddable":true,"href":"https:\/\/jonglezpublishing.com\/fr\/wp-json\/wp\/v2\/comments?post=1476"}],"version-history":[{"count":0,"href":"https:\/\/jonglezpublishing.com\/fr\/wp-json\/wp\/v2\/pages\/1476\/revisions"}],"wp:attachment":[{"href":"https:\/\/jonglezpublishing.com\/fr\/wp-json\/wp\/v2\/media?parent=1476"}],"curies":[{"name":"wp","href":"https:\/\/api.w.org\/{rel}","templated":true}]}}