{"id":1501,"date":"2018-09-17T18:34:51","date_gmt":"2018-09-17T18:34:51","guid":{"rendered":"https:\/\/jonglez.timeforcoffee.gr\/contact-us\/"},"modified":"2020-12-07T13:39:03","modified_gmt":"2020-12-07T11:39:03","slug":"contact-us","status":"publish","type":"page","link":"https:\/\/jonglezpublishing.com\/fr\/contact-us\/","title":{"rendered":"Contact"},"content":{"rendered":"<div class=\"wpb-content-wrapper\"><p>[vc_row full_width=\u00a0\u00bbstretch_row_content_no_spaces\u00a0\u00bb css=\u00a0\u00bb.vc_custom_1559665820187{padding-top: 150px !important;padding-bottom: 150px !important;background-image: url(https:\/\/jonglezpublishing.com\/wp-content\/uploads\/2019\/02\/globes-1246245_1280.jpg?id=628) !important;background-position: center !important;background-repeat: no-repeat !important;background-size: cover !important;}\u00a0\u00bb mobile_bg_img_hidden=\u00a0\u00bbno\u00a0\u00bb tablet_bg_img_hidden=\u00a0\u00bbno\u00a0\u00bb woodmart_parallax=\u00a0\u00bb0&Prime; woodmart_gradient_switch=\u00a0\u00bbno\u00a0\u00bb row_reverse_mobile=\u00a0\u00bb0&Prime; row_reverse_tablet=\u00a0\u00bb0&Prime; woodmart_disable_overflow=\u00a0\u00bb0&Prime;][vc_column][vc_column_text text_larger=\u00a0\u00bbno\u00a0\u00bb]<\/p>\n<div style=\"width: 2px; height: 50px;\"><\/div>\n<p>[\/vc_column_text][\/vc_column][\/vc_row][vc_row][vc_column][vc_column_text text_larger=\u00a0\u00bbno\u00a0\u00bb]<\/p>\n<h2 style=\"text-align: center;\">Contactez nous<\/h2>\n<p style=\"text-align: center;\">Nous serons tr\u00e8s heureux d\u2019avoir de vos nouvelles. Posez-nous une question ou faites-nous simplement part de vos exp\u00e9riences.<\/p>\n<p style=\"text-align: center;\">Nous attachons la plus haute importance aux suggestions de nos lecteurs. N\u2019oubliez pas de nous envoyer vos commentaires, et n\u2019h\u00e9sitez pas \u00e0 signaler les endroits inhabituels que notre \u00e9quipe de r\u00e9daction a pu manquer.<\/p>\n<div class=\"buttons_cont\" style=\"text-align: center;\" align=\"center\">\n<div align=\"center\"><\/div>\n<div class=\"button_cont\" align=\"center\"><a class=\"gv_product_btn\" href=\"mailto:infos@editionsjonglez.com\" target=\"_blank\" rel=\"noopener noreferrer\">Envoyez-nous un email<\/a><\/div>\n<div align=\"center\"><\/div>\n<div class=\"button_cont\" align=\"center\"><a class=\"gv_product_btn\" style=\"line-height: 1.5;\" href=\"https:\/\/www.facebook.com\/guidesinsolites\" target=\"_blank\" rel=\"noopener noreferrer\">Visitez notre page Facebook<\/a>\u00a0 \u00a0 \u00a0 \u00a0 \u00a0 \u00a0<span style=\"line-height: 1.5;\">\u00a0<\/span><a class=\"gv_product_btn\" style=\"line-height: 1.5;\" href=\"https:\/\/www.instagram.com\/editionsjonglez\/\" target=\"_blank\" rel=\"noopener noreferrer\">Rejoignez-nous sur Instagram<\/a><\/div>\n<div class=\"buttons_cont\" style=\"text-align: center;\" align=\"center\">\n<div align=\"center\"><\/div>\n<div class=\"button_cont\" align=\"center\">Adresse: 25, rue du Mar\u00e9chal Foch 78000 Versailles, France<\/div>\n<div align=\"center\"><\/div>\n<\/div>\n<div align=\"center\">\n<p style=\"text-align: center;\">Nos guides sont disponibles dans la plupart des grandes librairies et enseignes culturelles, en magasin ou en ligne.<\/p>\n<p style=\"text-align: center;\">Pour plus d\u2019informations, merci de contacter nos distributeurs:<\/p>\n<p style=\"text-align: center;\">\n<\/div>\n<div class=\"buttons_cont\" style=\"text-align: center;\" align=\"center\">\n<p style=\"text-align: center;\"><strong>Interforum<\/strong><\/p>\n<p style=\"text-align: center;\">3 all\u00e9e de la Seine,\u00a0Ivry-sur-Seine, France<br \/>\nT: +33 1 49 59 10 10<\/p>\n<\/div>\n<\/div>\n<p>[\/vc_column_text][\/vc_column][\/vc_row]<\/p>\n<\/div>","protected":false},"excerpt":{"rendered":"<p>[vc_row full_width=\u00a0\u00bbstretch_row_content_no_spaces\u00a0\u00bb css=\u00a0\u00bb.vc_custom_1559665820187{padding-top: 150px !important;padding-bottom: 150px !important;background-image: url(https:\/\/jonglezpublishing.com\/wp-content\/uploads\/2019\/02\/globes-1246245_1280.jpg?id=628) !important;background-position: center !important;background-repeat: no-repeat !important;background-size: cover !important;}\u00a0\u00bb mobile_bg_img_hidden=\u00a0\u00bbno\u00a0\u00bb tablet_bg_img_hidden=\u00a0\u00bbno\u00a0\u00bb woodmart_parallax=\u00a0\u00bb0&Prime; woodmart_gradient_switch=\u00a0\u00bbno\u00a0\u00bb row_reverse_mobile=\u00a0\u00bb0&Prime;<\/p>\n","protected":false},"author":1,"featured_media":0,"parent":0,"menu_order":0,"comment_status":"closed","ping_status":"closed","template":"","meta":{"footnotes":""},"class_list":["post-1501","page","type-page","status-publish","hentry"],"aioseo_notices":[],"_links":{"self":[{"href":"https:\/\/jonglezpublishing.com\/fr\/wp-json\/wp\/v2\/pages\/1501","targetHints":{"allow":["GET"]}}],"collection":[{"href":"https:\/\/jonglezpublishing.com\/fr\/wp-json\/wp\/v2\/pages"}],"about":[{"href":"https:\/\/jonglezpublishing.com\/fr\/wp-json\/wp\/v2\/types\/page"}],"author":[{"embeddable":true,"href":"https:\/\/jonglezpublishing.com\/fr\/wp-json\/wp\/v2\/users\/1"}],"replies":[{"embeddable":true,"href":"https:\/\/jonglezpublishing.com\/fr\/wp-json\/wp\/v2\/comments?post=1501"}],"version-history":[{"count":0,"href":"https:\/\/jonglezpublishing.com\/fr\/wp-json\/wp\/v2\/pages\/1501\/revisions"}],"wp:attachment":[{"href":"https:\/\/jonglezpublishing.com\/fr\/wp-json\/wp\/v2\/media?parent=1501"}],"curies":[{"name":"wp","href":"https:\/\/api.w.org\/{rel}","templated":true}]}}