{"id":5844,"date":"2019-04-09T09:45:07","date_gmt":"2019-04-09T06:45:07","guid":{"rendered":"https:\/\/jonglezpublishing.com\/?page_id=5844"},"modified":"2019-05-29T12:17:47","modified_gmt":"2019-05-29T09:17:47","slug":"awards","status":"publish","type":"page","link":"https:\/\/jonglezpublishing.com\/fr\/awards\/","title":{"rendered":"Awards"},"content":{"rendered":"<p><img decoding=\"async\" width=\"1024\" height=\"768\" src=\"https:\/\/jonglezpublishing.com\/wp-content\/uploads\/2019\/04\/NATJA_Bronze.jpg\" alt=\"\" \/><br \/>\n\t\t\t\t\t\t\t\t\t\t<img decoding=\"async\" width=\"1024\" height=\"791\" src=\"https:\/\/jonglezpublishing.com\/wp-content\/uploads\/2019\/04\/HM-T.M.-Rives_page-0001.jpg\" alt=\"\" \/><br \/>\n\t\t\t\t\t\t\t\t\t\t<img decoding=\"async\" width=\"1024\" height=\"768\" src=\"https:\/\/jonglezpublishing.com\/wp-content\/uploads\/2019\/04\/IPPY-NEW-ORLEANS.jpg\" alt=\"\" \/><br \/>\n\t\t\t\t\t\t\t\t\t\t<img decoding=\"async\" width=\"1024\" height=\"791\" src=\"https:\/\/jonglezpublishing.com\/wp-content\/uploads\/2019\/04\/Michelle-Young-2016-NATJA-Bronze-Award.jpg\" alt=\"\" \/><br \/>\n\t\t\t\t\t\t\t\t\t\t<img decoding=\"async\" width=\"1024\" height=\"726\" src=\"https:\/\/jonglezpublishing.com\/wp-content\/uploads\/2019\/04\/Prix-Vins-du-Salon-Spirit.jpg\" alt=\"\" \/><br \/>\n\t\t\t\t\t\t\t\t\t\t<img decoding=\"async\" width=\"1024\" height=\"768\" src=\"https:\/\/jonglezpublishing.com\/wp-content\/uploads\/2019\/04\/Prix-OIV.jpg\" alt=\"\" \/>\t\t\t\t\t\t\t\t\t\t\t<\/p>\n<p style=\"box-sizing: border-box; margin-top: 0px; margin-bottom: 1rem; caret-color: #7a7a7a; color: #7a7a7a; font-family: Lora, sans-serif; font-size: 16px; font-style: normal; font-variant-caps: normal; letter-spacing: normal; text-align: center; text-indent: 0px; text-transform: none; white-space: normal; word-spacing: 0px; -webkit-text-stroke-width: 0px; text-decoration: none;\"><em style=\"box-sizing: border-box;\"><b>Washington insolite et secr\u00e8te<\/b><\/em><em style=\"font-weight: normal; box-sizing: border-box;\">\u00a0<\/em>a re\u00e7u la\u00a0m\u00e9daille de bronze\u00a0d\u00e9cern\u00e9e par le North American Travel Journalists Association (NATJA)\u00a0<br style=\"box-sizing: border-box;\" \/>Travel Media Awards Competition en 2018.<\/p>\n<p><em style=\"font-size: 1rem;\"><b>\u00a0New York insolite et secr\u00e8te\u00a0<\/b><\/em>a re\u00e7u une\u00a0mention honorable\u00a0d\u00e9cern\u00e9e par le North American Travel Journalists Association (NATJA)\u00a0<br \/>Travel Media Awards Competition en 2018.\u00a0<\/p>\n<p><em>\u00a0<b>Campanie insolite et secr\u00e8te<\/b><\/em>\u00a0a re\u00e7u le prix Scriptura dans la cat\u00e9gorie\u00a0<br \/>meilleur livre culturel de l&rsquo;ann\u00e9e 2018 en Italie.\u00a0<\/p>\n<p><em><b>Forgotten Heritage<\/b>\u00a0<\/em>a remport\u00e9 le tout premier prix\u00a0Historical photographer of the year\u00a0(2017) et la\u00a0m\u00e9daille de bronze\u00a0dans la cat\u00e9gorie Photographie de l\u2019Independent Publisher Book Award aux USA en 2018.<\/p>\n<p><em><b>Nouvelle Orl\u00e9ans insolite et secr\u00e8te\u00a0<\/b><\/em>a re\u00e7u la\u00a0m\u00e9daille de bronze, dans la cat\u00e9gorie Guide voyage, d\u00e9cern\u00e9e par l\u2019Independent Publisher Book Award aux USA en 2018.<\/p>\n<p style=\"box-sizing: border-box; margin-top: 0px; margin-bottom: 1rem; caret-color: #7a7a7a; color: #7a7a7a; font-family: Lora, sans-serif; font-size: 16px; font-style: normal; font-variant-caps: normal; letter-spacing: normal; text-align: center; text-indent: 0px; text-transform: none; white-space: normal; word-spacing: 0px; -webkit-text-stroke-width: 0px; text-decoration: none;\"><em style=\"box-sizing: border-box;\"><b>Secret Brooklyn<\/b>\u00a0<\/em>a \u00e9t\u00e9 distingu\u00e9 comme\u00a0Favori du jury\u00a0dans la cat\u00e9gorie Voyage du\u00a0<br style=\"box-sizing: border-box;\" \/>NYC Big Book Awards en 2017.<\/p>\n<p style=\"box-sizing: border-box; margin-top: 0px; margin-bottom: 1rem; caret-color: #7a7a7a; color: #7a7a7a; font-family: Lora, sans-serif; font-size: 16px; font-style: normal; font-variant-caps: normal; letter-spacing: normal; text-align: center; text-indent: 0px; text-transform: none; white-space: normal; word-spacing: 0px; -webkit-text-stroke-width: 0px; text-decoration: none;\"><em>Rio insolite et secr\u00e8te\u00a0<\/em>a re\u00e7u la\u00a0m\u00e9daille d\u2019argent\u00a0d\u00e9cern\u00e9e par\u00a0<br \/>l\u2019Independent Publisher Book Award aux USA en 2017.<\/p>\n<p style=\"box-sizing: border-box; margin-top: 0px; margin-bottom: 1rem; caret-color: #7a7a7a; color: #7a7a7a; font-family: Lora, sans-serif; font-size: 16px; font-style: normal; font-variant-caps: normal; letter-spacing: normal; text-align: center; text-indent: 0px; text-transform: none; white-space: normal; word-spacing: 0px; -webkit-text-stroke-width: 0px; text-decoration: none;\"><em><b>New York Hidden Bars and restaurants<\/b><\/em><em style=\"font-weight: normal;\">\u00a0<\/em>\u00a0a re\u00e7u la\u00a0m\u00e9daille de bronze\u00a0d\u00e9cern\u00e9e par le North American Travel Journalists Association (NATJA)\u00a0<br \/>Travel Media Awards Competition en 2016.<\/p>\n<p style=\"box-sizing: border-box; margin-top: 0px; margin-bottom: 1rem; caret-color: #7a7a7a; color: #7a7a7a; font-family: Lora, sans-serif; font-size: 16px; font-style: normal; font-variant-caps: normal; letter-spacing: normal; text-align: center; text-indent: 0px; text-transform: none; white-space: normal; word-spacing: 0px; -webkit-text-stroke-width: 0px; text-decoration: none;\"><em><b>Vins insolites<\/b>\u00a0<\/em>a re\u00e7u en 2016 le prix\u00a0OIV\u00a0(Organisation Internationale de la vigne et du vin) dans la cat\u00e9gorie Vins et terroirs, ainsi que le prix Spirit Gourmand 2016.<\/p>\n<p style=\"box-sizing: border-box; margin-top: 0px; margin-bottom: 1rem; caret-color: #7a7a7a; color: #7a7a7a; font-family: Lora, sans-serif; font-size: 16px; font-style: normal; font-variant-caps: normal; letter-spacing: normal; text-align: center; text-indent: 0px; text-transform: none; white-space: normal; word-spacing: 0px; -webkit-text-stroke-width: 0px; text-decoration: none;\"><em><b>H\u00f4tels insolites du monde<\/b>\u00a0<\/em>a re\u00e7u\u00a0la m\u00e9daille de bronze\u00a0d\u00e9cern\u00e9e par\u00a0<br \/>l\u2019Independent Publisher Book Award aux USA en 2015.<\/p>\n<p><em><b>Dublin insolite et secr\u00e8te\u00a0<\/b><\/em>a \u00e9t\u00e9 \u00e9lu Meilleur guide de voyage par Travel Extra en 2013 et a re\u00e7u le prix  du Meilleur auteur dans la cat\u00e9gorie voyage.<\/p>\n<p style=\"box-sizing: border-box; margin-top: 0px; margin-bottom: 1rem; caret-color: #7a7a7a; color: #7a7a7a; font-family: Lora, sans-serif; font-size: 16px; font-style: normal; font-variant-caps: normal; letter-spacing: normal; text-align: center; text-indent: 0px; text-transform: none; white-space: normal; word-spacing: 0px; -webkit-text-stroke-width: 0px; text-decoration: none;\"><em style=\"box-sizing: border-box;\"><b>Madrid insolite et secr\u00e8te\u00a0<\/b><\/em>a re\u00e7u la\u00a0m\u00e9daille de bronze\u00a0d\u00e9cern\u00e9e par l\u2019Independent Publisher Book Award aux USA en 2012.<\/p>\n<p><em><b>H\u00f4tels insolites d\u2019Europe\u00a0<\/b><\/em>a \u00e9t\u00e9 \u00e9lu\u00a0Livre de l\u2019ann\u00e9e\u00a0dans la cat\u00e9gorie\u00a0<br \/>Gastronomie et Voyage en 2012.<\/p>\n<p style=\"box-sizing: border-box; margin-top: 0px; margin-bottom: 1rem; caret-color: #7a7a7a; color: #7a7a7a; font-family: Lora, sans-serif; font-size: 16px; font-style: normal; font-variant-caps: normal; letter-spacing: normal; text-align: center; text-indent: 0px; text-transform: none; white-space: normal; word-spacing: 0px; -webkit-text-stroke-width: 0px; text-decoration: none;\"><em style=\"box-sizing: border-box; font-size: 1rem;\"><b>Venise insolite et secr\u00e8te\u00a0<\/b><\/em>a\u00a0\u00e9t\u00e9 elu\u00a0Meilleur guide de voyage de l\u2019ann\u00e9e\u00a0par l\u2019Independent Publisher Book Award aux USA en 2011.\u00a0<\/p>\n<p><em><b>Londres insolite et secr\u00e8te\u00a0<\/b><\/em>a re\u00e7u le premier prix dans la cat\u00e9gorie Voyages au\u00a0<br \/>Salon du Livre de Prague en 2010.<\/p>\n<p>\t\t\t\t\t\t\t\t\t\t<img decoding=\"async\" width=\"851\" height=\"315\" src=\"https:\/\/jonglezpublishing.com\/wp-content\/uploads\/2019\/04\/Facebook-Banner-copy.jpg\" alt=\"\" \/><\/p>\n","protected":false},"excerpt":{"rendered":"<p>Washington insolite et secr\u00e8te\u00a0a re\u00e7u la\u00a0m\u00e9daille de bronze\u00a0d\u00e9cern\u00e9e par le North American Travel Journalists Association (NATJA)\u00a0Travel Media Awards Competition en<\/p>\n","protected":false},"author":5,"featured_media":0,"parent":0,"menu_order":0,"comment_status":"closed","ping_status":"closed","template":"","meta":{"footnotes":""},"class_list":["post-5844","page","type-page","status-publish","hentry"],"aioseo_notices":[],"_links":{"self":[{"href":"https:\/\/jonglezpublishing.com\/fr\/wp-json\/wp\/v2\/pages\/5844","targetHints":{"allow":["GET"]}}],"collection":[{"href":"https:\/\/jonglezpublishing.com\/fr\/wp-json\/wp\/v2\/pages"}],"about":[{"href":"https:\/\/jonglezpublishing.com\/fr\/wp-json\/wp\/v2\/types\/page"}],"author":[{"embeddable":true,"href":"https:\/\/jonglezpublishing.com\/fr\/wp-json\/wp\/v2\/users\/5"}],"replies":[{"embeddable":true,"href":"https:\/\/jonglezpublishing.com\/fr\/wp-json\/wp\/v2\/comments?post=5844"}],"version-history":[{"count":0,"href":"https:\/\/jonglezpublishing.com\/fr\/wp-json\/wp\/v2\/pages\/5844\/revisions"}],"wp:attachment":[{"href":"https:\/\/jonglezpublishing.com\/fr\/wp-json\/wp\/v2\/media?parent=5844"}],"curies":[{"name":"wp","href":"https:\/\/api.w.org\/{rel}","templated":true}]}}