{"id":6644,"date":"2019-06-04T18:53:57","date_gmt":"2019-06-04T15:53:57","guid":{"rendered":"https:\/\/jonglezpublishing.com\/recompenses\/"},"modified":"2025-03-26T16:36:15","modified_gmt":"2025-03-26T14:36:15","slug":"recompenses","status":"publish","type":"page","link":"https:\/\/jonglezpublishing.com\/fr\/recompenses\/","title":{"rendered":"R\u00e9compenses"},"content":{"rendered":"<div class=\"wpb-content-wrapper\"><p>[vc_row css=\u00a0\u00bb.vc_custom_1559662626371{margin-bottom: 30px !important;background-color: #818286 !important;}\u00a0\u00bb mobile_bg_img_hidden=\u00a0\u00bbno\u00a0\u00bb tablet_bg_img_hidden=\u00a0\u00bbno\u00a0\u00bb woodmart_parallax=\u00a0\u00bb0&Prime; woodmart_gradient_switch=\u00a0\u00bbno\u00a0\u00bb row_reverse_mobile=\u00a0\u00bb0&Prime; row_reverse_tablet=\u00a0\u00bb0&Prime; woodmart_disable_overflow=\u00a0\u00bb0&Prime;][vc_column mobile_bg_img_hidden=\u00a0\u00bbno\u00a0\u00bb tablet_bg_img_hidden=\u00a0\u00bbno\u00a0\u00bb woodmart_parallax=\u00a0\u00bb0&Prime; woodmart_sticky_column=\u00a0\u00bbfalse\u00a0\u00bb parallax_scroll=\u00a0\u00bbno\u00a0\u00bb mobile_reset_margin=\u00a0\u00bbno\u00a0\u00bb tablet_reset_margin=\u00a0\u00bbno\u00a0\u00bb css=\u00a0\u00bb.vc_custom_1559662440972{padding-top: 10px !important;}\u00a0\u00bb]\t\t<div id=\"gallery_535\" class=\"wd-images-gallery wd-wpb photoswipe-images\" style=\"--wd-justify-content:center;--wd-align-items:center;\">\n\t\t\t\n\t\t\t<div class=\" wd-grid-g\" style=\"--wd-col-lg:6;--wd-col-md:4;--wd-col-sm:2;--wd-gap-lg:10px;\">\n\t\t\t\t\n\t\t\t\t\t\t\t\t\t\t\t\t\t\t\t<div class=\"wd-gallery-item wd-col\">\n\t\t\t\t\t\t\t\t\t\t\t\t\t\t<a href=\"https:\/\/jonglezpublishing.com\/wp-content\/uploads\/2019\/04\/NATJA_Bronze.jpg\" data-elementor-open-lightbox=\"no\" data-index=\"1\" data-width=\"900\" data-height=\"675\" \n\t\t\t\t\t\t\t\t\t\t\t\t >\n\t\t\t\t\t\t\t\t\n\t\t\t\t\t\t\t\t<img decoding=\"async\" width=\"300\" height=\"225\" src=\"https:\/\/jonglezpublishing.com\/wp-content\/uploads\/2019\/04\/NATJA_Bronze.jpg\" class=\"wd-gallery-image image-1\" alt=\"\" \/>\n\t\t\t\t\t\t\t\t\t\t\t\t\t\t\t<\/a>\n\t\t\t\t\t\t\t\t\t\t\t\t<\/div>\n\t\t\t\t\t\t\t\t\t\t\t<div class=\"wd-gallery-item wd-col\">\n\t\t\t\t\t\t\t\t\t\t\t\t\t\t<a href=\"https:\/\/jonglezpublishing.com\/wp-content\/uploads\/2019\/04\/HM-T.M.-Rives_page-0001.jpg\" data-elementor-open-lightbox=\"no\" data-index=\"2\" data-width=\"900\" data-height=\"695\" \n\t\t\t\t\t\t\t\t\t\t\t\t >\n\t\t\t\t\t\t\t\t\n\t\t\t\t\t\t\t\t<img decoding=\"async\" width=\"300\" height=\"232\" src=\"https:\/\/jonglezpublishing.com\/wp-content\/uploads\/2019\/04\/HM-T.M.-Rives_page-0001.jpg\" class=\"wd-gallery-image image-2\" alt=\"\" \/>\n\t\t\t\t\t\t\t\t\t\t\t\t\t\t\t<\/a>\n\t\t\t\t\t\t\t\t\t\t\t\t<\/div>\n\t\t\t\t\t\t\t\t\t\t\t<div class=\"wd-gallery-item wd-col\">\n\t\t\t\t\t\t\t\t\t\t\t\t\t\t<a href=\"https:\/\/jonglezpublishing.com\/wp-content\/uploads\/2019\/04\/IPPY-NEW-ORLEANS-copy.jpg\" data-elementor-open-lightbox=\"no\" data-index=\"3\" data-width=\"4032\" data-height=\"3024\" \n\t\t\t\t\t\t\t\t\t\t\t\t >\n\t\t\t\t\t\t\t\t\n\t\t\t\t\t\t\t\t<img decoding=\"async\" width=\"300\" height=\"225\" src=\"https:\/\/jonglezpublishing.com\/wp-content\/uploads\/2019\/04\/IPPY-NEW-ORLEANS-copy-300x225.jpg\" class=\"wd-gallery-image image-3\" alt=\"\" srcset=\"https:\/\/jonglezpublishing.com\/wp-content\/uploads\/2019\/04\/IPPY-NEW-ORLEANS-copy-300x225.jpg 300w, https:\/\/jonglezpublishing.com\/wp-content\/uploads\/2019\/04\/IPPY-NEW-ORLEANS-copy-768x576.jpg 768w, https:\/\/jonglezpublishing.com\/wp-content\/uploads\/2019\/04\/IPPY-NEW-ORLEANS-copy-1024x768.jpg 1024w, https:\/\/jonglezpublishing.com\/wp-content\/uploads\/2019\/04\/IPPY-NEW-ORLEANS-copy-600x450.jpg 600w\" sizes=\"(max-width: 300px) 100vw, 300px\" \/>\n\t\t\t\t\t\t\t\t\t\t\t\t\t\t\t<\/a>\n\t\t\t\t\t\t\t\t\t\t\t\t<\/div>\n\t\t\t\t\t\t\t\t\t\t\t<div class=\"wd-gallery-item wd-col\">\n\t\t\t\t\t\t\t\t\t\t\t\t\t\t<a href=\"https:\/\/jonglezpublishing.com\/wp-content\/uploads\/2019\/04\/Michelle-Young-2016-NATJA-Bronze-Award.jpg\" data-elementor-open-lightbox=\"no\" data-index=\"4\" data-width=\"900\" data-height=\"695\" \n\t\t\t\t\t\t\t\t\t\t\t\t >\n\t\t\t\t\t\t\t\t\n\t\t\t\t\t\t\t\t<img decoding=\"async\" width=\"300\" height=\"232\" src=\"https:\/\/jonglezpublishing.com\/wp-content\/uploads\/2019\/04\/Michelle-Young-2016-NATJA-Bronze-Award.jpg\" class=\"wd-gallery-image image-4\" alt=\"\" \/>\n\t\t\t\t\t\t\t\t\t\t\t\t\t\t\t<\/a>\n\t\t\t\t\t\t\t\t\t\t\t\t<\/div>\n\t\t\t\t\t\t\t\t\t\t\t<div class=\"wd-gallery-item wd-col\">\n\t\t\t\t\t\t\t\t\t\t\t\t\t\t<a href=\"https:\/\/jonglezpublishing.com\/wp-content\/uploads\/2019\/04\/Prix-Vins-du-Salon-Spirit.jpg\" data-elementor-open-lightbox=\"no\" data-index=\"5\" data-width=\"900\" data-height=\"638\" \n\t\t\t\t\t\t\t\t\t\t\t\t >\n\t\t\t\t\t\t\t\t\n\t\t\t\t\t\t\t\t<img decoding=\"async\" width=\"300\" height=\"213\" src=\"https:\/\/jonglezpublishing.com\/wp-content\/uploads\/2019\/04\/Prix-Vins-du-Salon-Spirit.jpg\" class=\"wd-gallery-image image-5\" alt=\"\" \/>\n\t\t\t\t\t\t\t\t\t\t\t\t\t\t\t<\/a>\n\t\t\t\t\t\t\t\t\t\t\t\t<\/div>\n\t\t\t\t\t\t\t\t\t\t\t<div class=\"wd-gallery-item wd-col\">\n\t\t\t\t\t\t\t\t\t\t\t\t\t\t<a href=\"https:\/\/jonglezpublishing.com\/wp-content\/uploads\/2019\/04\/Prix-OIV.jpg\" data-elementor-open-lightbox=\"no\" data-index=\"6\" data-width=\"900\" data-height=\"675\" \n\t\t\t\t\t\t\t\t\t\t\t\t >\n\t\t\t\t\t\t\t\t\n\t\t\t\t\t\t\t\t<img decoding=\"async\" width=\"300\" height=\"225\" src=\"https:\/\/jonglezpublishing.com\/wp-content\/uploads\/2019\/04\/Prix-OIV.jpg\" class=\"wd-gallery-image image-6\" alt=\"\" \/>\n\t\t\t\t\t\t\t\t\t\t\t\t\t\t\t<\/a>\n\t\t\t\t\t\t\t\t\t\t\t\t<\/div>\n\t\t\t\t\t\t\t\t\t\n\t\t\t\t\t\t\t<\/div>\n\n\t\t\t\t\t<\/div>\n\t\t[\/vc_column][\/vc_row][vc_row css=\u00a0\u00bb.vc_custom_1559662609588{background-color: #ffffff !important;}\u00a0\u00bb mobile_bg_img_hidden=\u00a0\u00bbno\u00a0\u00bb tablet_bg_img_hidden=\u00a0\u00bbno\u00a0\u00bb woodmart_parallax=\u00a0\u00bb0&Prime; woodmart_gradient_switch=\u00a0\u00bbno\u00a0\u00bb row_reverse_mobile=\u00a0\u00bb0&Prime; row_reverse_tablet=\u00a0\u00bb0&Prime; woodmart_disable_overflow=\u00a0\u00bb0&Prime;][vc_column mobile_bg_img_hidden=\u00a0\u00bbno\u00a0\u00bb tablet_bg_img_hidden=\u00a0\u00bbno\u00a0\u00bb woodmart_parallax=\u00a0\u00bb0&Prime; woodmart_sticky_column=\u00a0\u00bbfalse\u00a0\u00bb parallax_scroll=\u00a0\u00bbno\u00a0\u00bb mobile_reset_margin=\u00a0\u00bbno\u00a0\u00bb tablet_reset_margin=\u00a0\u00bbno\u00a0\u00bb css=\u00a0\u00bb.vc_custom_1559662440972{padding-top: 10px !important;}\u00a0\u00bb][vc_column_text text_larger=\u00a0\u00bbno\u00a0\u00bb woodmart_inline=\u00a0\u00bbno\u00a0\u00bb]<\/p>\n<p style=\"text-align: center; font-size: 20px;\"><em><strong>Secret Brooklyn<\/strong><\/em> a re\u00e7u une Mention Honorable lors de l\u2019\u00e9dition du Lowell Thomas Travel Journalism Competition dans la cat\u00e9gorie \u00ab Guide \u00bb et a \u00e9t\u00e9 distingu\u00e9 comme Favori du jury dans la cat\u00e9gorie Voyage du New York City Big Book Awards.<\/p>\n<p style=\"text-align: center; font-size: 20px;\"><em><b>\u00a0Campanie insolite et secr\u00e8te <\/b><\/em>a re\u00e7u le prix Scriptura dans la cat\u00e9gorie meilleur livre culturel de l\u2019ann\u00e9e en Italie.<\/p>\n<p style=\"text-align: center; font-size: 20px;\"><em><b>Dublin insolite et secr\u00e8te\u00a0<\/b><\/em>a \u00e9t\u00e9 \u00e9lu Meilleur guide de voyage par Travel Extra en et a re\u00e7u le prix du Meilleur auteur dans la cat\u00e9gorie voyage.<\/p>\n<p style=\"text-align: center; font-size: 20px;\"><em><strong><i>\u00c9glises abandonn\u00e9es<\/i><\/strong><\/em> a obtenu la Mention d\u2019Honneur \u00e0 l\u2019International Photography Awards et une m\u00e9daille d&rsquo;argent au Tokyo International Foto Awards (TIFA) dans la cat\u00e9gorie Beau-Livre<br \/>\n&amp;<br \/>\nLa m\u00e9daille d&rsquo;Or dans la cat\u00e9gorie Fine Art Book, le premi\u00e8re place dans la cat\u00e9gorie \u00ab\u00a0book\u00a0\u00bb et le premier prix de la s\u00e9lection des curateurs pour le Paris Photo Prize exhibition \u00ab\u00a0State of the World\u00a0\u00bb, attribu\u00e9s par le Prix de la Photographie de Paris.<\/p>\n<p style=\"text-align: center; font-size: 20px;\"><em><b>Forgotten Heritage <\/b><\/em>a remport\u00e9 le tout premier prix Historical photographer of the year et la m\u00e9daille de bronze dans la cat\u00e9gorie Photographie de l\u2019Independent Publisher Book Award aux USA.<\/p>\n<p style=\"text-align: center; font-size: 20px;\"><em><b>H\u00f4tels insolites du monde<\/b><\/em>a re\u00e7u la m\u00e9daille de bronze d\u00e9cern\u00e9e par l\u2019Independent Publisher Book Award aux USA.<\/p>\n<p style=\"text-align: center; font-size: 20px;\"><em><b>H\u00f4tels insolites d\u2019Europe\u00a0<\/b><\/em>a \u00e9t\u00e9 \u00e9lu Livre de l\u2019ann\u00e9e dans la cat\u00e9gorie Gastronomie et Voyage.<\/p>\n<p style=\"text-align: center; font-size: 20px;\"><em><b>Londres insolite et secr\u00e8te\u00a0<\/b><\/em>a re\u00e7u le premier prix dans la cat\u00e9gorie Voyages au Salon du Livre de Prague.<\/p>\n<p style=\"text-align: center; font-size: 20px;\"><em><strong>Soul of Los Angeles <\/strong><\/em>a remport\u00e9 la m\u00e9daille d\u2019or dans la cat\u00e9gorie Guides de voyage de l\u2019Independent Publisher Book Award aux USA et a re\u00e7u une Mention Honorable d\u00e9cern\u00e9e par le North American Travel Journalists Association (NATJA) Travel Media Awards Competition.<em><br \/>\n<\/em><\/p>\n<p style=\"text-align: center; font-size: 20px;\"><em><b>Madrid insolite et secr\u00e8te\u00a0<\/b><\/em>a re\u00e7u la m\u00e9daille de bronze d\u00e9cern\u00e9e par l\u2019Independent Publisher Book Award aux USA.<\/p>\n<p style=\"text-align: center; font-size: 20px;\"><em><b>New York insolite et secr\u00e8te\u00a0<\/b><\/em>a re\u00e7u une mention honorable d\u00e9cern\u00e9e par le North American Travel Journalists Association (NATJA) Travel Media Awards Competition<em><br \/>\n&amp;<br \/>\n<\/em>Vainqueur de la cat\u00e9gorie Voyages des NYC Big Book Awards<\/p>\n<p style=\"text-align: center; font-size: 20px;\"><em><b>New York Hidden Bars and restaurants <\/b><\/em>a re\u00e7u la m\u00e9daille de bronze d\u00e9cern\u00e9e par le North American Travel Journalists Association (NATJA) Travel Media Awards Competition.<\/p>\n<p style=\"text-align: center; font-size: 20px;\"><em><b>Nouvelle Orl\u00e9ans insolite et secr\u00e8te\u00a0<\/b><\/em>a re\u00e7u la m\u00e9daille de bronze dans la cat\u00e9gorie Guide voyage d\u00e9cern\u00e9e par l\u2019Independent Publisher Book Award aux USA.<\/p>\n<p style=\"text-align: center; font-size: 20px;\"><em><strong>Rio insolite et secr\u00e8te <\/strong><\/em>a re\u00e7u la\u00a0m\u00e9daille d\u2019argent\u00a0d\u00e9cern\u00e9e par<br \/>\nl\u2019Independent Publisher Book Award aux USA.<\/p>\n<p style=\"text-align: center; font-size: 20px;\"><em><b>Venise insolite et secr\u00e8te\u00a0<\/b><\/em>a\u00a0\u00e9t\u00e9 elu\u00a0Meilleur guide de voyage de l\u2019ann\u00e9e\u00a0par<br \/>\nl\u2019Independent Publisher Book Award aux USA.<em><br \/>\n<\/em><\/p>\n<p style=\"text-align: center; font-size: 20px;\"><em><strong> Soul of Venise<\/strong><\/em> a remport\u00e9 la m\u00e9daille d\u2019argent dans la cat\u00e9gorie Guides de voyage de l\u2019Independent Publisher Book Award aux USA<\/p>\n<p style=\"text-align: center; font-size: 20px;\"><em><b>Vins insolites <\/b><\/em>a re\u00e7u le prix OIV (Organisation Internationale de la vigne et du vin) dans la cat\u00e9gorie Vins et terroirs, ainsi que le prix Spirit Gourmand.<\/p>\n<p style=\"text-align: center; font-size: 20px;\"><em><b>Washington insolite et secr\u00e8te<\/b><\/em><em>\u00a0<\/em>a re\u00e7u la m\u00e9daille de bronze d\u00e9cern\u00e9e par le North American Travel Journalists Association (NATJA) Travel Media Awards Competition.<br \/>\n<em><strong>Sites Sacr\u00e9s Secrets<\/strong><\/em> de Martin Gray a remport\u00e9 une m\u00e9daille d&rsquo;argent lors de la 33\u00e8me \u00e9dition du concours annuel des prix NATJA<\/p>\n<p>[\/vc_column_text][\/vc_column][\/vc_row][vc_row css=\u00a0\u00bb.vc_custom_1559662800036{margin-top: 30px !important;margin-bottom: 30px !important;background-color: #ffffff !important;}\u00a0\u00bb mobile_bg_img_hidden=\u00a0\u00bbno\u00a0\u00bb tablet_bg_img_hidden=\u00a0\u00bbno\u00a0\u00bb woodmart_parallax=\u00a0\u00bb0&Prime; woodmart_gradient_switch=\u00a0\u00bbno\u00a0\u00bb row_reverse_mobile=\u00a0\u00bb0&Prime; row_reverse_tablet=\u00a0\u00bb0&Prime; woodmart_disable_overflow=\u00a0\u00bb0&Prime;][vc_column mobile_bg_img_hidden=\u00a0\u00bbno\u00a0\u00bb tablet_bg_img_hidden=\u00a0\u00bbno\u00a0\u00bb woodmart_parallax=\u00a0\u00bb0&Prime; woodmart_sticky_column=\u00a0\u00bbfalse\u00a0\u00bb parallax_scroll=\u00a0\u00bbno\u00a0\u00bb mobile_reset_margin=\u00a0\u00bbno\u00a0\u00bb tablet_reset_margin=\u00a0\u00bbno\u00a0\u00bb css=\u00a0\u00bb.vc_custom_1559662440972{padding-top: 10px !important;}\u00a0\u00bb]\t\t<div id=\"gallery_318\" class=\"wd-images-gallery wd-wpb photoswipe-images\" style=\"--wd-justify-content:center;--wd-align-items:center;\">\n\t\t\t\n\t\t\t<div class=\" wd-grid-g\" style=\"--wd-col-lg:6;--wd-col-md:4;--wd-col-sm:2;--wd-gap-lg:10px;\">\n\t\t\t\t\n\t\t\t\t\t\t\t\t\t\t\t\t\t\t\t<div class=\"wd-gallery-item wd-col\">\n\t\t\t\t\t\t\t\t\t\t\t\t\t\t<a href=\"https:\/\/jonglezpublishing.com\/wp-content\/uploads\/2019\/04\/rondine.jpg\" data-elementor-open-lightbox=\"no\" data-index=\"1\" data-width=\"739\" data-height=\"739\" \n\t\t\t\t\t\t\t\t\t\t\t\t >\n\t\t\t\t\t\t\t\t\n\t\t\t\t\t\t\t\t<img decoding=\"async\" width=\"300\" height=\"300\" src=\"https:\/\/jonglezpublishing.com\/wp-content\/uploads\/2019\/04\/rondine-300x300.jpg\" class=\"wd-gallery-image image-1\" alt=\"\" srcset=\"https:\/\/jonglezpublishing.com\/wp-content\/uploads\/2019\/04\/rondine-300x300.jpg 300w, https:\/\/jonglezpublishing.com\/wp-content\/uploads\/2019\/04\/rondine-150x150.jpg 150w, https:\/\/jonglezpublishing.com\/wp-content\/uploads\/2019\/04\/rondine-500x500.jpg 500w, https:\/\/jonglezpublishing.com\/wp-content\/uploads\/2019\/04\/rondine-600x600.jpg 600w, https:\/\/jonglezpublishing.com\/wp-content\/uploads\/2019\/04\/rondine-100x100.jpg 100w, https:\/\/jonglezpublishing.com\/wp-content\/uploads\/2019\/04\/rondine.jpg 739w\" sizes=\"(max-width: 300px) 100vw, 300px\" \/>\n\t\t\t\t\t\t\t\t\t\t\t\t\t\t\t<\/a>\n\t\t\t\t\t\t\t\t\t\t\t\t<\/div>\n\t\t\t\t\t\t\t\t\t\t\t<div class=\"wd-gallery-item wd-col\">\n\t\t\t\t\t\t\t\t\t\t\t\t\t\t<a href=\"https:\/\/jonglezpublishing.com\/wp-content\/uploads\/2019\/04\/secret-venice-gold-medal.jpg\" data-elementor-open-lightbox=\"no\" data-index=\"2\" data-width=\"1737\" data-height=\"1240\" \n\t\t\t\t\t\t\t\t\t\t\t\t >\n\t\t\t\t\t\t\t\t\n\t\t\t\t\t\t\t\t<img decoding=\"async\" width=\"300\" height=\"214\" src=\"https:\/\/jonglezpublishing.com\/wp-content\/uploads\/2019\/04\/secret-venice-gold-medal-300x214.jpg\" class=\"wd-gallery-image image-2\" alt=\"\" srcset=\"https:\/\/jonglezpublishing.com\/wp-content\/uploads\/2019\/04\/secret-venice-gold-medal-300x214.jpg 300w, https:\/\/jonglezpublishing.com\/wp-content\/uploads\/2019\/04\/secret-venice-gold-medal-768x548.jpg 768w, https:\/\/jonglezpublishing.com\/wp-content\/uploads\/2019\/04\/secret-venice-gold-medal-1024x731.jpg 1024w, https:\/\/jonglezpublishing.com\/wp-content\/uploads\/2019\/04\/secret-venice-gold-medal-600x428.jpg 600w, https:\/\/jonglezpublishing.com\/wp-content\/uploads\/2019\/04\/secret-venice-gold-medal.jpg 1737w\" sizes=\"(max-width: 300px) 100vw, 300px\" \/>\n\t\t\t\t\t\t\t\t\t\t\t\t\t\t\t<\/a>\n\t\t\t\t\t\t\t\t\t\t\t\t<\/div>\n\t\t\t\t\t\t\t\t\t\t\t<div class=\"wd-gallery-item wd-col\">\n\t\t\t\t\t\t\t\t\t\t\t\t\t\t<a href=\"https:\/\/jonglezpublishing.com\/wp-content\/uploads\/2019\/04\/IP-2017-silver-Secret-Rio-.jpeg\" data-elementor-open-lightbox=\"no\" data-index=\"3\" data-width=\"2500\" data-height=\"1875\" \n\t\t\t\t\t\t\t\t\t\t\t\t >\n\t\t\t\t\t\t\t\t\n\t\t\t\t\t\t\t\t<img decoding=\"async\" width=\"300\" height=\"225\" src=\"https:\/\/jonglezpublishing.com\/wp-content\/uploads\/2019\/04\/IP-2017-silver-Secret-Rio--300x225.jpeg\" class=\"wd-gallery-image image-3\" alt=\"\" srcset=\"https:\/\/jonglezpublishing.com\/wp-content\/uploads\/2019\/04\/IP-2017-silver-Secret-Rio--300x225.jpeg 300w, https:\/\/jonglezpublishing.com\/wp-content\/uploads\/2019\/04\/IP-2017-silver-Secret-Rio--768x576.jpeg 768w, https:\/\/jonglezpublishing.com\/wp-content\/uploads\/2019\/04\/IP-2017-silver-Secret-Rio--1024x768.jpeg 1024w, https:\/\/jonglezpublishing.com\/wp-content\/uploads\/2019\/04\/IP-2017-silver-Secret-Rio--600x450.jpeg 600w\" sizes=\"(max-width: 300px) 100vw, 300px\" \/>\n\t\t\t\t\t\t\t\t\t\t\t\t\t\t\t<\/a>\n\t\t\t\t\t\t\t\t\t\t\t\t<\/div>\n\t\t\t\t\t\t\t\t\t\t\t<div class=\"wd-gallery-item wd-col\">\n\t\t\t\t\t\t\t\t\t\t\t\t\t\t<a href=\"https:\/\/jonglezpublishing.com\/wp-content\/uploads\/2019\/04\/award-IP-2015.jpeg\" data-elementor-open-lightbox=\"no\" data-index=\"4\" data-width=\"769\" data-height=\"584\" \n\t\t\t\t\t\t\t\t\t\t\t\t >\n\t\t\t\t\t\t\t\t\n\t\t\t\t\t\t\t\t<img decoding=\"async\" width=\"300\" height=\"228\" src=\"https:\/\/jonglezpublishing.com\/wp-content\/uploads\/2019\/04\/award-IP-2015-300x228.jpeg\" class=\"wd-gallery-image image-4\" alt=\"\" srcset=\"https:\/\/jonglezpublishing.com\/wp-content\/uploads\/2019\/04\/award-IP-2015-300x228.jpeg 300w, https:\/\/jonglezpublishing.com\/wp-content\/uploads\/2019\/04\/award-IP-2015-768x583.jpeg 768w, https:\/\/jonglezpublishing.com\/wp-content\/uploads\/2019\/04\/award-IP-2015-600x456.jpeg 600w, https:\/\/jonglezpublishing.com\/wp-content\/uploads\/2019\/04\/award-IP-2015.jpeg 769w\" sizes=\"(max-width: 300px) 100vw, 300px\" \/>\n\t\t\t\t\t\t\t\t\t\t\t\t\t\t\t<\/a>\n\t\t\t\t\t\t\t\t\t\t\t\t<\/div>\n\t\t\t\t\t\t\t\t\t\t\t<div class=\"wd-gallery-item wd-col\">\n\t\t\t\t\t\t\t\t\t\t\t\t\t\t<a href=\"https:\/\/jonglezpublishing.com\/wp-content\/uploads\/2019\/04\/IPPY-FORGOTTEN-HERITAGE-copy.jpg\" data-elementor-open-lightbox=\"no\" data-index=\"5\" data-width=\"4032\" data-height=\"3024\" \n\t\t\t\t\t\t\t\t\t\t\t\t >\n\t\t\t\t\t\t\t\t\n\t\t\t\t\t\t\t\t<img decoding=\"async\" width=\"300\" height=\"225\" src=\"https:\/\/jonglezpublishing.com\/wp-content\/uploads\/2019\/04\/IPPY-FORGOTTEN-HERITAGE-copy-300x225.jpg\" class=\"wd-gallery-image image-5\" alt=\"\" srcset=\"https:\/\/jonglezpublishing.com\/wp-content\/uploads\/2019\/04\/IPPY-FORGOTTEN-HERITAGE-copy-300x225.jpg 300w, https:\/\/jonglezpublishing.com\/wp-content\/uploads\/2019\/04\/IPPY-FORGOTTEN-HERITAGE-copy-768x576.jpg 768w, https:\/\/jonglezpublishing.com\/wp-content\/uploads\/2019\/04\/IPPY-FORGOTTEN-HERITAGE-copy-1024x768.jpg 1024w, https:\/\/jonglezpublishing.com\/wp-content\/uploads\/2019\/04\/IPPY-FORGOTTEN-HERITAGE-copy-600x450.jpg 600w\" sizes=\"(max-width: 300px) 100vw, 300px\" \/>\n\t\t\t\t\t\t\t\t\t\t\t\t\t\t\t<\/a>\n\t\t\t\t\t\t\t\t\t\t\t\t<\/div>\n\t\t\t\t\t\t\t\t\t\t\t<div class=\"wd-gallery-item wd-col\">\n\t\t\t\t\t\t\t\t\t\t\t\t\t\t<a href=\"https:\/\/jonglezpublishing.com\/wp-content\/uploads\/2019\/04\/Image-1.png\" data-elementor-open-lightbox=\"no\" data-index=\"6\" data-width=\"450\" data-height=\"450\" \n\t\t\t\t\t\t\t\t\t\t\t\t >\n\t\t\t\t\t\t\t\t\n\t\t\t\t\t\t\t\t<img decoding=\"async\" width=\"300\" height=\"300\" src=\"https:\/\/jonglezpublishing.com\/wp-content\/uploads\/2019\/04\/Image-1-300x300.png\" class=\"wd-gallery-image image-6\" alt=\"\" srcset=\"https:\/\/jonglezpublishing.com\/wp-content\/uploads\/2019\/04\/Image-1-300x300.png 300w, https:\/\/jonglezpublishing.com\/wp-content\/uploads\/2019\/04\/Image-1-150x150.png 150w, https:\/\/jonglezpublishing.com\/wp-content\/uploads\/2019\/04\/Image-1-100x100.png 100w, https:\/\/jonglezpublishing.com\/wp-content\/uploads\/2019\/04\/Image-1.png 450w\" sizes=\"(max-width: 300px) 100vw, 300px\" \/>\n\t\t\t\t\t\t\t\t\t\t\t\t\t\t\t<\/a>\n\t\t\t\t\t\t\t\t\t\t\t\t<\/div>\n\t\t\t\t\t\t\t\t\t\n\t\t\t\t\t\t\t<\/div>\n\n\t\t\t\t\t<\/div>\n\t\t[vc_single_image image=\u00a0\u00bb5757&Prime; img_size=\u00a0\u00bbmedium\u00a0\u00bb alignment=\u00a0\u00bbcenter\u00a0\u00bb onclick=\u00a0\u00bblink_image\u00a0\u00bb parallax_scroll=\u00a0\u00bbno\u00a0\u00bb][\/vc_column][\/vc_row]<\/p>\n<\/div>","protected":false},"excerpt":{"rendered":"<p>[vc_row css=\u00a0\u00bb.vc_custom_1559662626371{margin-bottom: 30px !important;background-color: #818286 !important;}\u00a0\u00bb mobile_bg_img_hidden=\u00a0\u00bbno\u00a0\u00bb tablet_bg_img_hidden=\u00a0\u00bbno\u00a0\u00bb woodmart_parallax=\u00a0\u00bb0&Prime; woodmart_gradient_switch=\u00a0\u00bbno\u00a0\u00bb row_reverse_mobile=\u00a0\u00bb0&Prime; row_reverse_tablet=\u00a0\u00bb0&Prime; woodmart_disable_overflow=\u00a0\u00bb0&Prime;][vc_column mobile_bg_img_hidden=\u00a0\u00bbno\u00a0\u00bb tablet_bg_img_hidden=\u00a0\u00bbno\u00a0\u00bb woodmart_parallax=\u00a0\u00bb0&Prime; woodmart_sticky_column=\u00a0\u00bbfalse\u00a0\u00bb parallax_scroll=\u00a0\u00bbno\u00a0\u00bb mobile_reset_margin=\u00a0\u00bbno\u00a0\u00bb tablet_reset_margin=\u00a0\u00bbno\u00a0\u00bb<\/p>\n","protected":false},"author":5,"featured_media":0,"parent":0,"menu_order":0,"comment_status":"closed","ping_status":"closed","template":"","meta":{"footnotes":""},"class_list":["post-6644","page","type-page","status-publish","hentry"],"aioseo_notices":[],"_links":{"self":[{"href":"https:\/\/jonglezpublishing.com\/fr\/wp-json\/wp\/v2\/pages\/6644","targetHints":{"allow":["GET"]}}],"collection":[{"href":"https:\/\/jonglezpublishing.com\/fr\/wp-json\/wp\/v2\/pages"}],"about":[{"href":"https:\/\/jonglezpublishing.com\/fr\/wp-json\/wp\/v2\/types\/page"}],"author":[{"embeddable":true,"href":"https:\/\/jonglezpublishing.com\/fr\/wp-json\/wp\/v2\/users\/5"}],"replies":[{"embeddable":true,"href":"https:\/\/jonglezpublishing.com\/fr\/wp-json\/wp\/v2\/comments?post=6644"}],"version-history":[{"count":3,"href":"https:\/\/jonglezpublishing.com\/fr\/wp-json\/wp\/v2\/pages\/6644\/revisions"}],"predecessor-version":[{"id":13646,"href":"https:\/\/jonglezpublishing.com\/fr\/wp-json\/wp\/v2\/pages\/6644\/revisions\/13646"}],"wp:attachment":[{"href":"https:\/\/jonglezpublishing.com\/fr\/wp-json\/wp\/v2\/media?parent=6644"}],"curies":[{"name":"wp","href":"https:\/\/api.w.org\/{rel}","templated":true}]}}