{"id":10028,"date":"2022-04-06T14:17:19","date_gmt":"2022-04-06T11:17:18","guid":{"rendered":"https:\/\/jonglezpublishing.com\/?post_type=product&#038;p=10028"},"modified":"2023-03-08T16:25:19","modified_gmt":"2023-03-08T14:25:19","slug":"les-charentes-insolites-et-secretes","status":"publish","type":"product","link":"https:\/\/jonglezpublishing.com\/fr\/produit\/les-charentes-insolites-et-secretes\/","title":{"rendered":"LES CHARENTES INSOLITES ET SECR\u00c8TES"},"content":{"rendered":"<div>\n<div>\n<div>\n<div>Un tombeau pos\u00e9 sur la table d\u2019un ancien dolmen, un gisant\u00a0prot\u00e9g\u00e9 par quatre ours polaires, des symboles francs- ma\u00e7ons insoup\u00e7onn\u00e9s, la gargouille d\u2019un dessinateur de\u00a0BD sur un monument historique, la clef pour d\u00e9chiffrer les symboles alchimiques de Dampierre, une magnifique\u00a0\u00e9olienne du XIXe\u00a0si\u00e8cle, une \u00e9cluse \u00e0 poissons oubli\u00e9e&#8230;<\/div>\n<div>\n<div><\/div>\n<div>Loin des foules et des clich\u00e9s habituels, les Charentes gardent encore des tr\u00e9sors bien cach\u00e9s qu\u2019elles ne r\u00e9v\u00e8lent qu\u2019\u00e0 leurs habitants et aux voyageurs qui savent sortir des sentiers battus.<\/div>\n<div>\nUn guide indispensable pour ceux qui pensent bien conna\u00eetre les Charentes ou pour ceux qui souhaitent d\u00e9couvrir un autre visage de la r\u00e9gion.<\/div>\n<\/div>\n<\/div>\n<\/div>\n<\/div>\n<p>&nbsp;<\/p>\n<p class=\"p1\"><span class=\"s1\"><b>AUTEUR <\/b>: Jean-Marie Beuzelin<br \/>\n<\/span><span class=\"s1\"><strong>\u00c9DITION<\/strong>: 02<br \/>\n<\/span><span class=\"s1\"><b>PAGES : <\/b>272<br \/>\n<\/span><span class=\"s1\"><b>FORMAT <\/b>: 10.5 x 19 cm<br \/>\n<\/span><span class=\"s1\"><b>ISBN <\/b>: 978-2-36195-629-5<\/span><br \/>\n<span class=\"s1\"><b>PRIX <\/b>: 18,95 \u20ac prix valable en France<\/span><br \/>\n<span class=\"s1\"><b>CONTACT <\/b>: <a href=\"mailto:info@editionsjonglez.com\">info@editionsjonglez.com<\/a><\/span><\/p>\n<div class=\"buttons_cont\">\n<div align=\"center\"><\/div>\n<div class=\"button_cont\" align=\"center\"><a class=\"gv_product_btn\" href=\"https:\/\/jonglezpublishing.com\/wp-content\/uploads\/2022\/04\/Couv_Charentes-1.jpg\" target=\"_blank\" rel=\"noopener\">T\u00e9l\u00e9charger la couverture<\/a><\/div>\n<div class=\"button_cont\" align=\"center\"><a class=\"gv_product_btn\" href=\"https:\/\/jonglezpublishing.com\/wp-content\/uploads\/2023\/03\/PREVIEW-Charentes.pdf\" target=\"_blank\" rel=\"noopener\">Consulter le PDF<\/a><\/div>\n<\/div>\n","protected":false},"excerpt":{"rendered":"<p>Un tombeau pos\u00e9 sur la table d\u2019un ancien dolmen, un gisant\u00a0prot\u00e9g\u00e9 par quatre ours polaires, des symboles francs- ma\u00e7ons insoup\u00e7onn\u00e9s,<\/p>\n","protected":false},"featured_media":10871,"template":"","meta":[],"product_brand":[],"product_cat":[292,420,288],"product_tag":[],"class_list":{"0":"post-10028","1":"product","2":"type-product","3":"status-publish","4":"has-post-thumbnail","6":"product_cat-french-fr","7":"product_cat-guides-insolites","8":"product_cat-spanish-fr","10":"first","11":"instock","12":"shipping-taxable","13":"product-type-simple"},"aioseo_notices":[],"_links":{"self":[{"href":"https:\/\/jonglezpublishing.com\/fr\/wp-json\/wp\/v2\/product\/10028","targetHints":{"allow":["GET"]}}],"collection":[{"href":"https:\/\/jonglezpublishing.com\/fr\/wp-json\/wp\/v2\/product"}],"about":[{"href":"https:\/\/jonglezpublishing.com\/fr\/wp-json\/wp\/v2\/types\/product"}],"wp:featuredmedia":[{"embeddable":true,"href":"https:\/\/jonglezpublishing.com\/fr\/wp-json\/wp\/v2\/media\/10871"}],"wp:attachment":[{"href":"https:\/\/jonglezpublishing.com\/fr\/wp-json\/wp\/v2\/media?parent=10028"}],"wp:term":[{"taxonomy":"product_brand","embeddable":true,"href":"https:\/\/jonglezpublishing.com\/fr\/wp-json\/wp\/v2\/product_brand?post=10028"},{"taxonomy":"product_cat","embeddable":true,"href":"https:\/\/jonglezpublishing.com\/fr\/wp-json\/wp\/v2\/product_cat?post=10028"},{"taxonomy":"product_tag","embeddable":true,"href":"https:\/\/jonglezpublishing.com\/fr\/wp-json\/wp\/v2\/product_tag?post=10028"}],"curies":[{"name":"wp","href":"https:\/\/api.w.org\/{rel}","templated":true}]}}