{"id":10106,"date":"2022-05-16T14:24:20","date_gmt":"2022-05-16T11:24:20","guid":{"rendered":"https:\/\/jonglezpublishing.com\/product\/10106\/"},"modified":"2024-06-10T09:27:54","modified_gmt":"2024-06-10T06:27:54","slug":"soul-of-berlin-guides-des-30-meilleures-experiences","status":"publish","type":"product","link":"https:\/\/jonglezpublishing.com\/fr\/produit\/soul-of-berlin-guides-des-30-meilleures-experiences\/","title":{"rendered":"BERLIN &#8211; 30 EXP\u00c9RIENCES"},"content":{"rendered":"<p>La plus petite bo\u00eete de nuit du monde, une exceptionnelle collection secr\u00e8te d\u2019art asiatique ancien, les meilleures plages de Berlin, la plus belle balade \u00e0 v\u00e9lo, un spa fabuleux pour se croire \u00e0 Bali, explorer les souterrains de la ville, un glacier qui fabrique ses cornets en direct, les meilleurs restos de la ville (et pas forc\u00e9ment ceux que l\u2019on croit), o\u00f9 faire du kayak comme \u00e0 Venise, les meilleurs endroits pour d\u00e9jeuner<br \/>\nau bord de l\u2019eau, un burger d\u2019exception, passer une nuit chez un fabricant de matelas, des curiosit\u00e9s architecturales uniques au monde, un m\u00e9tro psych\u00e9d\u00e9lique\u2026<\/p>\n<p><em>La collection <strong>Soul<\/strong> est une nouvelle approche du voyage, faite de vagabondages, de rencontres fortuites, d\u2019exp\u00e9riences inoubliables. Des guides pour ceux qui veulent pousser les portes secr\u00e8tes d\u2019une ville, capter les battements de son coeur, en phosphorer les moindres recoins pour atteindre son \u00e2me.<\/em><\/p>\n<p>&nbsp;<\/p>\n<p>Dans tous les guides de la collection \u00ab\u00a0<em><strong>Soul <\/strong><\/em>\u00bb, retrouvez :<\/p>\n<p>\u2013 les 30 meilleures exp\u00e9riences d\u2019une ville<br \/>\n\u2013 des interviews de ceux qui font l\u2019esprit de cette ville<br \/>\n\u2013 des illustrations saisissant l\u2019\u00e2me de la ville<\/p>\n<p>&nbsp;<\/p>\n<p><b>AUTEUR <\/b>: <span data-sheets-value=\"{&quot;1&quot;:2,&quot;2&quot;:&quot;Thierry Teyssier&quot;}\" data-sheets-userformat=\"{&quot;2&quot;:577,&quot;3&quot;:{&quot;1&quot;:0},&quot;9&quot;:1,&quot;12&quot;:0}\">Thomas Jonglez<\/span><br \/>\n<b>PAGES <\/b>: 144<br \/>\n<b>FORMAT <\/b>: 200 x 135 mm<br \/>\n<b>ISBN <\/b>: <span data-sheets-root=\"1\" data-sheets-value=\"{&quot;1&quot;:2,&quot;2&quot;:&quot;978-2-36195-753-7&quot;}\" data-sheets-userformat=\"{&quot;2&quot;:13249,&quot;3&quot;:{&quot;1&quot;:0},&quot;9&quot;:1,&quot;10&quot;:2,&quot;11&quot;:0,&quot;12&quot;:0,&quot;15&quot;:&quot;Cambria&quot;,&quot;16&quot;:11}\">978-2-36195-753-7<\/span><br \/>\n<b>PRIX <\/b>: 14,95 \u20ac<br \/>\n<b>CONTACT <\/b>: <a href=\"mailto:info@editionsjonglez.com\">info@editionsjonglez.com<\/a><\/p>\n<div class=\"buttons_cont\">\n<div align=\"center\"><\/div>\n<div class=\"button_cont\" align=\"center\"><a class=\"gv_product_btn\" href=\"https:\/\/jonglezpublishing.com\/wp-content\/uploads\/2022\/05\/Couv-SoBerlin_RVB-scaled.jpg\" target=\"_blank\" rel=\"noopener\">T\u00e9l\u00e9charger la couverture<\/a><\/div>\n<div class=\"button_cont\" align=\"center\"><a class=\"gv_product_btn\" href=\"https:\/\/jonglezpublishing.com\/wp-content\/uploads\/2022\/05\/Preview_Berlin_FR.pdf\" target=\"_blank\" rel=\"noopener noreferrer\">Consulter le PDF<\/a><\/div>\n<div class=\"button_cont\" align=\"center\"><a class=\"gv_product_btn\" href=\"https:\/\/www.fnac.com\/a19351101\/Thomas-Jonglez-Soul-of-Berlin\" target=\"_blank\" rel=\"noopener\">Acheter en ligne<\/a><\/div>\n<\/div>\n","protected":false},"excerpt":{"rendered":"<p>La plus petite bo\u00eete de nuit du monde, une exceptionnelle collection secr\u00e8te d\u2019art asiatique ancien, les meilleures plages de Berlin,<\/p>\n","protected":false},"featured_media":12790,"template":"","meta":[],"product_brand":[],"product_cat":[165,292,522,287,444,288],"product_tag":[],"class_list":{"0":"post-10106","1":"product","2":"type-product","3":"status-publish","4":"has-post-thumbnail","6":"product_cat-english-fr","7":"product_cat-french-fr","8":"product_cat-german-fr","9":"product_cat-italian-fr","10":"product_cat-lautre-guide","11":"product_cat-spanish-fr","13":"first","14":"instock","15":"shipping-taxable","16":"product-type-simple"},"aioseo_notices":[],"_links":{"self":[{"href":"https:\/\/jonglezpublishing.com\/fr\/wp-json\/wp\/v2\/product\/10106","targetHints":{"allow":["GET"]}}],"collection":[{"href":"https:\/\/jonglezpublishing.com\/fr\/wp-json\/wp\/v2\/product"}],"about":[{"href":"https:\/\/jonglezpublishing.com\/fr\/wp-json\/wp\/v2\/types\/product"}],"wp:featuredmedia":[{"embeddable":true,"href":"https:\/\/jonglezpublishing.com\/fr\/wp-json\/wp\/v2\/media\/12790"}],"wp:attachment":[{"href":"https:\/\/jonglezpublishing.com\/fr\/wp-json\/wp\/v2\/media?parent=10106"}],"wp:term":[{"taxonomy":"product_brand","embeddable":true,"href":"https:\/\/jonglezpublishing.com\/fr\/wp-json\/wp\/v2\/product_brand?post=10106"},{"taxonomy":"product_cat","embeddable":true,"href":"https:\/\/jonglezpublishing.com\/fr\/wp-json\/wp\/v2\/product_cat?post=10106"},{"taxonomy":"product_tag","embeddable":true,"href":"https:\/\/jonglezpublishing.com\/fr\/wp-json\/wp\/v2\/product_tag?post=10106"}],"curies":[{"name":"wp","href":"https:\/\/api.w.org\/{rel}","templated":true}]}}