{"id":10178,"date":"2020-06-25T16:58:00","date_gmt":"2020-06-25T13:58:00","guid":{"rendered":"https:\/\/jonglezpublishing.com\/product\/seville-insolite-et-secrete\/"},"modified":"2025-05-27T12:42:34","modified_gmt":"2025-05-27T09:42:34","slug":"seville-insolite-et-secrete","status":"publish","type":"product","link":"https:\/\/jonglezpublishing.com\/fr\/produit\/seville-insolite-et-secrete\/","title":{"rendered":"S\u00c9VILLE INSOLITE ET SECR\u00c8TE"},"content":{"rendered":"<p>Pourquoi le profil de Grace Kelly figure sur la fa\u00e7ade de la mairie, l\u2019h\u00e9ritage du fils de Christophe Colomb, un cimeti\u00e8re juif m\u00e9di\u00e9val \u00e0 l\u2019int\u00e9rieur d\u2019un parking, un salon de coiffure tr\u00e8s particulier, les souvenirs oubli\u00e9s des bateaux-vapeurs du Guadalquivir, des symboles ma\u00e7onniques dans une \u00e9glise, les derniers vestiges des pavillons andalous de l\u2019Exposition de 1929, une centrale \u00e9lectrique moderniste m\u00e9connue, un sp\u00e9cimen de la machine nazie Enigma, une collection d\u2019art chinois et japonais dans une maison-palais Renaissance, les colonnes d\u2019une synagogue m\u00e9di\u00e9vale&#8230;<\/p>\n<p>Loin des foules et des clich\u00e9s habituels, S\u00e9ville garde encore des\u00a0 tr\u00e9sors bien cach\u00e9s qu\u2019elle ne r\u00e9v\u00e8le qu\u2019\u00e0 ses habitants et aux voyageurs qui savent sortir des sentiers battus.<\/p>\n<p>Un guide indispensable pour ceux qui pensent bien conna\u00eetre S\u00e9ville ou pour ceux qui souhaitent d\u00e9couvrir un autre visage de la ville.<\/p>\n<p class=\"p1\"><span class=\"s1\"><b>AUTEUR <\/b>: Ricardo de Castro<br \/>\n<\/span><span class=\"s1\"><strong>\u00c9DITION<\/strong>: 03<br \/>\n<\/span><span class=\"s1\"><b>PAGES : <\/b>320<br \/>\n<\/span><span class=\"s1\"><b>FORMAT <\/b>: 10.5 x 19 cm<br \/>\n<\/span><span class=\"s1\"><b>ISBN <\/b>: 978-2-36195-915-9<\/span><br \/>\n<span class=\"s1\"><b>PRIX <\/b>: 18,95 \u20ac\u00a0<\/span><br \/>\n<span class=\"s1\"><b>CONTACT <\/b>: <a href=\"mailto:infos@editionsjonglez.com\">infos@editionsjonglez.com<\/a><\/span><\/p>\n<div class=\"buttons_cont\">\n<div align=\"center\"><\/div>\n<div class=\"button_cont\" align=\"center\"><a class=\"gv_product_btn\" href=\"https:\/\/jonglezpublishing.com\/wp-content\/uploads\/2020\/06\/Couv-Sevilla_Front_FR_RGB-scaled.jpg\" target=\"_blank\" rel=\"noopener\">T\u00e9l\u00e9charger la couverture<\/a><\/div>\n<div class=\"button_cont\" align=\"center\"><a class=\"gv_product_btn\" href=\"https:\/\/jonglezpublishing.com\/wp-content\/uploads\/2025\/05\/Seville-insolite-et-secrete_FR_Preview.pdf\" target=\"_blank\" rel=\"noopener\">Consulter le PDF<\/a><\/div>\n<div class=\"button_cont\" align=\"center\"><a class=\"gv_product_btn\" href=\"https:\/\/www.fnac.com\/a18798252\/Ricardo-de-Castro-Seville-insolite-et-secrete#omnsearchpos=2\" target=\"_blank\" rel=\"noopener\">Acheter en ligne<\/a><\/div>\n<\/div>\n","protected":false},"excerpt":{"rendered":"<p>Pourquoi le profil de Grace Kelly figure sur la fa\u00e7ade de la mairie, l\u2019h\u00e9ritage du fils de Christophe Colomb, un<\/p>\n","protected":false},"featured_media":13903,"template":"","meta":[],"product_brand":[],"product_cat":[165,292,420],"product_tag":[],"class_list":{"0":"post-10178","1":"product","2":"type-product","3":"status-publish","4":"has-post-thumbnail","6":"product_cat-english-fr","7":"product_cat-french-fr","8":"product_cat-guides-insolites","10":"first","11":"instock","12":"shipping-taxable","13":"product-type-simple"},"aioseo_notices":[],"_links":{"self":[{"href":"https:\/\/jonglezpublishing.com\/fr\/wp-json\/wp\/v2\/product\/10178","targetHints":{"allow":["GET"]}}],"collection":[{"href":"https:\/\/jonglezpublishing.com\/fr\/wp-json\/wp\/v2\/product"}],"about":[{"href":"https:\/\/jonglezpublishing.com\/fr\/wp-json\/wp\/v2\/types\/product"}],"wp:featuredmedia":[{"embeddable":true,"href":"https:\/\/jonglezpublishing.com\/fr\/wp-json\/wp\/v2\/media\/13903"}],"wp:attachment":[{"href":"https:\/\/jonglezpublishing.com\/fr\/wp-json\/wp\/v2\/media?parent=10178"}],"wp:term":[{"taxonomy":"product_brand","embeddable":true,"href":"https:\/\/jonglezpublishing.com\/fr\/wp-json\/wp\/v2\/product_brand?post=10178"},{"taxonomy":"product_cat","embeddable":true,"href":"https:\/\/jonglezpublishing.com\/fr\/wp-json\/wp\/v2\/product_cat?post=10178"},{"taxonomy":"product_tag","embeddable":true,"href":"https:\/\/jonglezpublishing.com\/fr\/wp-json\/wp\/v2\/product_tag?post=10178"}],"curies":[{"name":"wp","href":"https:\/\/api.w.org\/{rel}","templated":true}]}}