{"id":10276,"date":"2022-09-21T12:11:40","date_gmt":"2022-09-21T09:11:39","guid":{"rendered":"https:\/\/jonglezpublishing.com\/?post_type=product&#038;p=10276"},"modified":"2024-03-05T02:11:25","modified_gmt":"2024-03-05T00:11:25","slug":"venise-vue-den-haut","status":"publish","type":"product","link":"https:\/\/jonglezpublishing.com\/fr\/produit\/venise-vue-den-haut\/","title":{"rendered":"VENISE VUE D&rsquo;EN HAUT"},"content":{"rendered":"<p>Fruit de cinq ans de vols r\u00e9guliers en h\u00e9licopt\u00e8re au-dessus de Venise et de sa lagune, Venise vue d&rsquo;en haut est un reportage photographique exceptionnel de Riccardo Roiter Rigoni : avec Debora Gusson, il a survol\u00e9 non seulement la ville de Venise mais aussi toutes les \u00eeles de sa sublime lagune, de Torcello \u00e0 Burano en passant par Murano, bien s\u00fbr, mais aussi l\u2019exceptionnelle \u00eele de San Francesco del Deserto, les batteries de d\u00e9fense de la lagune sud, le Lido, Pellestrina, sans oublier toutes les \u00eeles et \u00eelots encore abandonn\u00e9s de l\u2019un des plus beaux endroits du monde.<\/p>\n<p>&nbsp;<\/p>\n<p><span class=\"s1\"><b>PAGES <\/b>: 240<br \/>\n<b>ISBN <\/b>: 978-2-36195-575-5<\/span><br \/>\n<span class=\"s1\"><b>PRIX <\/b>: 39,95 \u20ac<br \/>\n<strong>FORMAT :<\/strong> 297 mm x 210 mm<br \/>\n<\/span><span class=\"s1\"><b>CONTACT <\/b>: <a href=\"mailto:infos@editionsjonglez.com?subject=\"><span class=\"s2\">infos@editionsjonglez.com<\/span><\/a><\/span><\/p>\n<div class=\"buttons_cont\">\n<div align=\"center\"><\/div>\n<div class=\"button_cont\" align=\"center\"><a class=\"gv_product_btn\" href=\"https:\/\/jonglezpublishing.com\/wp-content\/uploads\/2022\/09\/venise-vue.jpg\" target=\"_blank\" rel=\"noopener\">T\u00e9l\u00e9charger la couverture<\/a><\/div>\n<div class=\"button_cont\" align=\"center\"><a class=\"gv_product_btn\" href=\"https:\/\/jonglezpublishing.com\/wp-content\/uploads\/2024\/03\/Extrait-Venise-Vue-du-Ciel_FR-1.pdf\" target=\"_blank\" rel=\"noopener\">Consulter le PDF<\/a><\/div>\n<div class=\"button_cont\" align=\"center\"><a href=\"https:\/\/www.amazon.fr\/Venise-vue-haut-Debora-Gusson\/dp\/236195575X\/ref=sr_1_1?__mk_fr_FR=%C3%85M%C3%85%C5%BD%C3%95%C3%91&amp;crid=16CP6LZLK0C3O&amp;dib=eyJ2IjoiMSJ9.Mq5y1DyhJan9iaWdb8MPxed3AxcArEUmj7EMNeveJDJNRiosxl60VXzTetBVPszBWHJwtoaQMcOGbG5a24dBRPoajdcfPY9_VFbziij9fdZef1zjjCyJ86nOcXspp5JIlWG18WKvZXBO-ojzl3452QPMCq4ahr1Scq5IgOmzKBfSlkx1gzXJz4PnJjP4SfNLRje4OSBHJ6peEZgm3mTKeGiyjb9ZgSrie9guBUb6UcIlyvHp8EYHjYxvsypoqxe7CO9YBw9ojQ0d_nkMKLLWDsaMePTvVA3bQu5wYEkgSmw._xkcMQVCToL8DifacthUJ8Kwm98-d73vb1MhF9XAL5g&amp;dib_tag=se&amp;keywords=VENISE+VUE+D%E2%80%99EN+HAUT&amp;qid=1709597444&amp;sprefix=venise+vue+d+en+haut%2Caps%2C623&amp;sr=8-1\">Acheter en ligne<\/a><\/div>\n<\/div>\n","protected":false},"excerpt":{"rendered":"<p>Fruit de cinq ans de vols r\u00e9guliers en h\u00e9licopt\u00e8re au-dessus de Venise et de sa lagune, Venise vue d&rsquo;en haut<\/p>\n","protected":false},"featured_media":10287,"template":"","meta":[],"product_brand":[],"product_cat":[442,165,292],"product_tag":[],"class_list":{"0":"post-10276","1":"product","2":"type-product","3":"status-publish","4":"has-post-thumbnail","6":"product_cat-beaux-livres","7":"product_cat-english-fr","8":"product_cat-french-fr","10":"first","11":"instock","12":"shipping-taxable","13":"product-type-simple"},"aioseo_notices":[],"_links":{"self":[{"href":"https:\/\/jonglezpublishing.com\/fr\/wp-json\/wp\/v2\/product\/10276","targetHints":{"allow":["GET"]}}],"collection":[{"href":"https:\/\/jonglezpublishing.com\/fr\/wp-json\/wp\/v2\/product"}],"about":[{"href":"https:\/\/jonglezpublishing.com\/fr\/wp-json\/wp\/v2\/types\/product"}],"wp:featuredmedia":[{"embeddable":true,"href":"https:\/\/jonglezpublishing.com\/fr\/wp-json\/wp\/v2\/media\/10287"}],"wp:attachment":[{"href":"https:\/\/jonglezpublishing.com\/fr\/wp-json\/wp\/v2\/media?parent=10276"}],"wp:term":[{"taxonomy":"product_brand","embeddable":true,"href":"https:\/\/jonglezpublishing.com\/fr\/wp-json\/wp\/v2\/product_brand?post=10276"},{"taxonomy":"product_cat","embeddable":true,"href":"https:\/\/jonglezpublishing.com\/fr\/wp-json\/wp\/v2\/product_cat?post=10276"},{"taxonomy":"product_tag","embeddable":true,"href":"https:\/\/jonglezpublishing.com\/fr\/wp-json\/wp\/v2\/product_tag?post=10276"}],"curies":[{"name":"wp","href":"https:\/\/api.w.org\/{rel}","templated":true}]}}