{"id":10293,"date":"2022-09-22T12:13:27","date_gmt":"2022-09-22T09:13:27","guid":{"rendered":"https:\/\/jonglezpublishing.com\/?post_type=product&#038;p=10293"},"modified":"2026-01-16T11:52:53","modified_gmt":"2026-01-16T09:52:53","slug":"france-oubliee","status":"publish","type":"product","link":"https:\/\/jonglezpublishing.com\/fr\/produit\/france-oubliee\/","title":{"rendered":"FRANCE OUBLI\u00c9E"},"content":{"rendered":"<p>Des ch\u00e2teaux tomb\u00e9s dans l\u2019oubli, de grands domaines de chasse ayant appartenu aux seigneurs du royaume de France, des b\u00e2timents historiques ferm\u00e9s au public, une usine d\u00e9saffect\u00e9e autrefois vibrante d\u2019activit\u00e9, un ancien orphelinat en ruines, un Concorde<br \/>\nclou\u00e9 au sol, une prison d\u00e9saffect\u00e9e aux couleurs pastel, un tunnel cach\u00e9 qui prot\u00e8ge une collection d&rsquo;automobiles d&rsquo;avant-guerre&#8230;<\/p>\n<p>\u00c0 travers ses clich\u00e9s immortalisant le patrimoine d\u00e9laiss\u00e9, Robin Brinaert invite \u00e0 l\u2019exploration de tout un pan d\u2019histoire oubli\u00e9e, dont les d\u00e9tails grandioses sont bien souvent soulign\u00e9s par leur d\u00e9cr\u00e9pitude. Au-del\u00e0 de la beaut\u00e9 de ces merveilles endormies, c\u2019est sur leur destin incertain et le respect qui leur est d\u00fb qu\u2019il attire notre attention, afin de sauver ce qui peut encore l\u2019\u00eatre.<br \/>\nUn reportage photographique exceptionnel, fruit de dix ans d\u2019explorations en France.<\/p>\n<p>&nbsp;<\/p>\n<p><span class=\"s1\"><b>AUTEUR :\u00a0 <\/b>Robin Brinaert<\/span><br \/>\n<span class=\"s1\"><b>PAGES <\/b>: 256<br \/>\n<b>ISBN <\/b>: 978-2-36195-605-9<\/span><br \/>\n<span class=\"s1\"><b>PRIX <\/b>: 39,99 \u20ac<br \/>\n<strong>FORMAT :<\/strong> 297 mm x 210 mm<br \/>\n<\/span><span class=\"s1\"><b>CONTACT <\/b>: <a href=\"mailto:infos@editionsjonglez.com?subject=\"><span class=\"s2\">infos@editionsjonglez.com<\/span><\/a><\/span><\/p>\n<div class=\"buttons_cont\">\n<div align=\"center\"><\/div>\n<div class=\"button_cont\" align=\"center\"><a class=\"gv_product_btn\" href=\"https:\/\/jonglezpublishing.com\/wp-content\/uploads\/2022\/09\/france-oubliee.jpg\" target=\"_blank\" rel=\"noopener\">T\u00e9l\u00e9charger la couverture<\/a><\/div>\n<div class=\"button_cont\" align=\"center\"><a class=\"gv_product_btn\" href=\"https:\/\/jonglezpublishing.com\/wp-content\/uploads\/2022\/11\/Extrait-France-Oubliee.pdf\" target=\"_blank\" rel=\"noopener\">Consulter le PDF<\/a><\/div>\n<div class=\"button_cont\" align=\"center\">Acheter en ligne<\/div>\n<\/div>\n","protected":false},"excerpt":{"rendered":"<p>Des ch\u00e2teaux tomb\u00e9s dans l\u2019oubli, de grands domaines de chasse ayant appartenu aux seigneurs du royaume de France, des b\u00e2timents<\/p>\n","protected":false},"featured_media":10294,"template":"","meta":[],"product_brand":[],"product_cat":[442,165,292],"product_tag":[],"class_list":{"0":"post-10293","1":"product","2":"type-product","3":"status-publish","4":"has-post-thumbnail","6":"product_cat-beaux-livres","7":"product_cat-english-fr","8":"product_cat-french-fr","10":"first","11":"instock","12":"shipping-taxable","13":"product-type-simple"},"aioseo_notices":[],"_links":{"self":[{"href":"https:\/\/jonglezpublishing.com\/fr\/wp-json\/wp\/v2\/product\/10293","targetHints":{"allow":["GET"]}}],"collection":[{"href":"https:\/\/jonglezpublishing.com\/fr\/wp-json\/wp\/v2\/product"}],"about":[{"href":"https:\/\/jonglezpublishing.com\/fr\/wp-json\/wp\/v2\/types\/product"}],"wp:featuredmedia":[{"embeddable":true,"href":"https:\/\/jonglezpublishing.com\/fr\/wp-json\/wp\/v2\/media\/10294"}],"wp:attachment":[{"href":"https:\/\/jonglezpublishing.com\/fr\/wp-json\/wp\/v2\/media?parent=10293"}],"wp:term":[{"taxonomy":"product_brand","embeddable":true,"href":"https:\/\/jonglezpublishing.com\/fr\/wp-json\/wp\/v2\/product_brand?post=10293"},{"taxonomy":"product_cat","embeddable":true,"href":"https:\/\/jonglezpublishing.com\/fr\/wp-json\/wp\/v2\/product_cat?post=10293"},{"taxonomy":"product_tag","embeddable":true,"href":"https:\/\/jonglezpublishing.com\/fr\/wp-json\/wp\/v2\/product_tag?post=10293"}],"curies":[{"name":"wp","href":"https:\/\/api.w.org\/{rel}","templated":true}]}}