{"id":10299,"date":"2022-09-22T12:34:27","date_gmt":"2022-09-22T09:34:27","guid":{"rendered":"https:\/\/jonglezpublishing.com\/?post_type=product&#038;p=10299"},"modified":"2022-09-22T12:40:17","modified_gmt":"2022-09-22T09:40:17","slug":"usa-abandonnes","status":"publish","type":"product","link":"https:\/\/jonglezpublishing.com\/fr\/produit\/usa-abandonnes\/","title":{"rendered":"USA ABANDONN\u00c9S"},"content":{"rendered":"<p>Les \u00eatres humains ont toujours \u00e9t\u00e9 fascin\u00e9s par les ruines des soci\u00e9t\u00e9s qui les ont pr\u00e9c\u00e9d\u00e9s. Le d\u00e9sir de mieux comprendre notre pass\u00e9 pousse les arch\u00e9ologues, les artistes et les savants du monde entier \u00e0 \u00e9tudier les vestiges d\u2019\u00e9poques r\u00e9volues dans l\u2019espoir d\u2019en saisir toute la mystique et la beaut\u00e9.<br \/>\nLanc\u00e9 pour documenter la grandeur et la d\u00e9cadence du syst\u00e8me des h\u00f4pitaux publics du pays, le projet USA abandonn\u00e9s s\u2019est rapidement \u00e9largi \u00e0 d\u2019autres lieux en d\u00e9sh\u00e9rence : usines, friches industrielles, \u00e9coles, \u00e9glises, centrales thermiques, cliniques, prisons, installations militaires, h\u00f4tels, stations baln\u00e9aires, logements\u2026 \u00c0 travers ses r\u00e9cits et ses photographies, son auteur, Matthew Christopher, a pass\u00e9 les dix derni\u00e8res ann\u00e9es \u00e0 immortaliser les ruines de l\u2019une des plus grandes civilisations que le monde ait jamais connues : la n\u00f4tre.<br \/>\n\u00c0 la d\u00e9couverte de lieux comme les ruines calcin\u00e9es de l\u2019h\u00f4tel Do De, les cellules rouill\u00e9es de l\u2019annexe de la prison du comt\u00e9 d\u2019Essex, les restes majestueux de l\u2019\u00e9glise de la Transfiguration ou les reliques \u00e9tranges de la loge des Elks de New Castle, ses photographies nous plongent dans des monuments d\u2019architecture laiss\u00e9s en proie aux \u00e9l\u00e9ments et, trop souvent, d\u00e9j\u00e0 perdus \u00e0 jamais.<br \/>\n\u00ab Suspendus au seuil de la vie et de la mort, les \u00e9difices immortalis\u00e9s par Christopher rayonnent d\u2019un silence qui en dit long. Ces photos semblent nous confier un secret extraordinaire. \u00bb Jane Derenowski, journaliste, NBC Nightly News<\/p>\n<p>\u00c0 travers son travail, Matthew Christopher envoie un message fort sur le ch\u00f4mage, la d\u00e9liquescence des villes, le contexte artistique et architectural d\u2019\u00e9difices embl\u00e9matiques ainsi que la transmission et la conservation du patrimoine. En plein marasme \u00e9conomique, dans le sillage de l\u2019effondrement de l\u2019industrie aux \u00c9tats-Unis, ces questions n\u2019ont jamais \u00e9t\u00e9 autant d\u2019actualit\u00e9 pour saisir l\u2019identit\u00e9 am\u00e9ricaine.<\/p>\n<p>&nbsp;<\/p>\n<p><span class=\"s1\"><b>AUTEURS : <\/b>Matthew Christopher<\/span><br \/>\n<span class=\"s1\"><b>PAGES <\/b>: 240<\/span><br \/>\n<span class=\"s1\"><b>FORMAT\u00a0<\/b>: 29 * 23,5 cm<br \/>\n<b>ISBN <\/b>: 978-2-36195-523-6<\/span><br \/>\n<span class=\"s1\"><b>PRIX <\/b>: 35\u20ac<br \/>\n<\/span><span class=\"s1\"><b>CONTACT <\/b>: <a href=\"mailto:infos@editionsjonglez.com?subject=\"><span class=\"s2\">infos@editionsjonglez.com<\/span><\/a><\/span><\/p>\n<div class=\"buttons_cont\">\n<div align=\"center\"><\/div>\n<div class=\"button_cont\" align=\"center\"><a class=\"gv_product_btn\" href=\"https:\/\/jonglezpublishing.com\/wp-content\/uploads\/2022\/09\/USA-ABANDONNES.jpg\" target=\"_blank\" rel=\"noopener\">T\u00e9l\u00e9charger la couverture<\/a><\/div>\n<div class=\"button_cont\" align=\"center\"><a class=\"gv_product_btn\" href=\"https:\/\/jonglezpublishing.com\/wp-content\/uploads\/2022\/09\/Preview-USA_abandonnes_FR.pdf\" target=\"_blank\" rel=\"noopener\">Consulter le PDF<\/a><\/div>\n<div class=\"button_cont\" align=\"center\">Acheter en ligne<\/div>\n<\/div>\n","protected":false},"excerpt":{"rendered":"<p>Les \u00eatres humains ont toujours \u00e9t\u00e9 fascin\u00e9s par les ruines des soci\u00e9t\u00e9s qui les ont pr\u00e9c\u00e9d\u00e9s. Le d\u00e9sir de mieux<\/p>\n","protected":false},"featured_media":10300,"template":"","meta":[],"product_brand":[],"product_cat":[442,165,292],"product_tag":[],"class_list":{"0":"post-10299","1":"product","2":"type-product","3":"status-publish","4":"has-post-thumbnail","6":"product_cat-beaux-livres","7":"product_cat-english-fr","8":"product_cat-french-fr","10":"first","11":"instock","12":"shipping-taxable","13":"product-type-simple"},"aioseo_notices":[],"_links":{"self":[{"href":"https:\/\/jonglezpublishing.com\/fr\/wp-json\/wp\/v2\/product\/10299","targetHints":{"allow":["GET"]}}],"collection":[{"href":"https:\/\/jonglezpublishing.com\/fr\/wp-json\/wp\/v2\/product"}],"about":[{"href":"https:\/\/jonglezpublishing.com\/fr\/wp-json\/wp\/v2\/types\/product"}],"wp:featuredmedia":[{"embeddable":true,"href":"https:\/\/jonglezpublishing.com\/fr\/wp-json\/wp\/v2\/media\/10300"}],"wp:attachment":[{"href":"https:\/\/jonglezpublishing.com\/fr\/wp-json\/wp\/v2\/media?parent=10299"}],"wp:term":[{"taxonomy":"product_brand","embeddable":true,"href":"https:\/\/jonglezpublishing.com\/fr\/wp-json\/wp\/v2\/product_brand?post=10299"},{"taxonomy":"product_cat","embeddable":true,"href":"https:\/\/jonglezpublishing.com\/fr\/wp-json\/wp\/v2\/product_cat?post=10299"},{"taxonomy":"product_tag","embeddable":true,"href":"https:\/\/jonglezpublishing.com\/fr\/wp-json\/wp\/v2\/product_tag?post=10299"}],"curies":[{"name":"wp","href":"https:\/\/api.w.org\/{rel}","templated":true}]}}