{"id":10310,"date":"2022-09-22T12:42:21","date_gmt":"2022-09-22T09:42:21","guid":{"rendered":"https:\/\/jonglezpublishing.com\/?post_type=product&#038;p=10310"},"modified":"2022-10-21T12:55:51","modified_gmt":"2022-10-21T09:55:51","slug":"hotels-insolites","status":"publish","type":"product","link":"https:\/\/jonglezpublishing.com\/fr\/produit\/hotels-insolites\/","title":{"rendered":"HOTELS INSOLITES"},"content":{"rendered":"<p>Dormir dans le cockpit d\u2019un ancien avion ou dans un train arr\u00eat\u00e9 sur un pont, passer la nuit dans une capsule transparente \u00e0 flanc de falaise, dans une oeuvre d\u2019art contemporain secr\u00e8te, dans une ancienne \u00e9glise ou encore dans une maison perch\u00e9e au sommet d\u2019un ch\u00e2teau d\u2019eau, s\u2019offrir un nuit dans un igloo, un cirque ou une maison futuriste accroch\u00e9e dans un arbre, dans une chambre sous-marine ou une suite \u00e0 ciel ouvert&#8230;<\/p>\n<p>Les h\u00f4tels sont parfois des destinations \u00e0 proprement parler. Pour vous faire passer des vacances qui sortent vraiment de l\u2019ordinaire, nous avons pris un immense plaisir \u00e0 recenser et tester plus de 50 h\u00f4tels uniques au monde dans une trentaine de pays diff\u00e9rents.<\/p>\n<p><span class=\"s1\"><b>PAGES <\/b>: 192<\/span><span class=\"s1\"><br \/>\n<b>ISBN <\/b>: 978-2-36195-604-2<\/span><br \/>\n<span class=\"s1\"><b>PRIX <\/b>: 39,95 \u20ac<br \/>\n<strong>FORMAT :<\/strong> 240 mm x 268 mm<br \/>\n<\/span><span class=\"s1\"><b>CONTACT <\/b>: <a href=\"mailto:infos@editionsjonglez.com?subject=\"><span class=\"s2\">infos@editionsjonglez.com<\/span><\/a><\/span><\/p>\n<div class=\"buttons_cont\">\n<div align=\"center\"><\/div>\n<div class=\"button_cont\" align=\"center\"><a class=\"gv_product_btn\" href=\"https:\/\/jonglezpublishing.com\/wp-content\/uploads\/2022\/09\/hotel-insolites.jpg\" target=\"_blank\" rel=\"noopener\">T\u00e9l\u00e9charger la couverture<\/a><\/div>\n<div class=\"button_cont\" align=\"center\">Consulter le PDF<\/div>\n<div class=\"button_cont\" align=\"center\">Acheter en ligne<\/div>\n<\/div>\n","protected":false},"excerpt":{"rendered":"<p>Dormir dans le cockpit d\u2019un ancien avion ou dans un train arr\u00eat\u00e9 sur un pont, passer la nuit dans une<\/p>\n","protected":false},"featured_media":10311,"template":"","meta":[],"product_brand":[],"product_cat":[442,165,292],"product_tag":[],"class_list":{"0":"post-10310","1":"product","2":"type-product","3":"status-publish","4":"has-post-thumbnail","6":"product_cat-beaux-livres","7":"product_cat-english-fr","8":"product_cat-french-fr","10":"first","11":"instock","12":"shipping-taxable","13":"product-type-simple"},"aioseo_notices":[],"_links":{"self":[{"href":"https:\/\/jonglezpublishing.com\/fr\/wp-json\/wp\/v2\/product\/10310","targetHints":{"allow":["GET"]}}],"collection":[{"href":"https:\/\/jonglezpublishing.com\/fr\/wp-json\/wp\/v2\/product"}],"about":[{"href":"https:\/\/jonglezpublishing.com\/fr\/wp-json\/wp\/v2\/types\/product"}],"wp:featuredmedia":[{"embeddable":true,"href":"https:\/\/jonglezpublishing.com\/fr\/wp-json\/wp\/v2\/media\/10311"}],"wp:attachment":[{"href":"https:\/\/jonglezpublishing.com\/fr\/wp-json\/wp\/v2\/media?parent=10310"}],"wp:term":[{"taxonomy":"product_brand","embeddable":true,"href":"https:\/\/jonglezpublishing.com\/fr\/wp-json\/wp\/v2\/product_brand?post=10310"},{"taxonomy":"product_cat","embeddable":true,"href":"https:\/\/jonglezpublishing.com\/fr\/wp-json\/wp\/v2\/product_cat?post=10310"},{"taxonomy":"product_tag","embeddable":true,"href":"https:\/\/jonglezpublishing.com\/fr\/wp-json\/wp\/v2\/product_tag?post=10310"}],"curies":[{"name":"wp","href":"https:\/\/api.w.org\/{rel}","templated":true}]}}