{"id":10322,"date":"2022-09-22T13:42:36","date_gmt":"2022-09-22T10:42:36","guid":{"rendered":"https:\/\/jonglezpublishing.com\/?post_type=product&#038;p=10322"},"modified":"2022-12-26T15:27:56","modified_gmt":"2022-12-26T13:27:56","slug":"champignons-alimentation-medecine-psychedeliques","status":"publish","type":"product","link":"https:\/\/jonglezpublishing.com\/fr\/produit\/champignons-alimentation-medecine-psychedeliques\/","title":{"rendered":"Champignons &#8211; Alimentation, M\u00e9decine, Psych\u00e9d\u00e9liques"},"content":{"rendered":"<p>Le r\u00e8gne fongique a surv\u00e9cu aux cinq grandes extinctions de masse. Architectes de la nature, les champignons sont partie int\u00e9grante de toute vie. Ils soutiennent les \u00e9cosyst\u00e8mes essentiels, recyclent les \u00e9l\u00e9ments nutritifs, connectent les plantes entre elles sur des zones \u00e9tendues et aident \u00e0 fabriquer de nombreux produits de base de la vie moderne comme le vin, le chocolat, le pain, les d\u00e9tergents et la p\u00e9nicilline.<\/p>\n<p>De nos jours, face \u00e0 l\u2019urgence des crises \u00e9cologique, soci\u00e9tale et spirituelle, les champignons se voient manipul\u00e9s en vue de proposer des substituts de viande, de nouvelles alternatives aux m\u00e9dicaments ou des biomat\u00e9riaux durables, mais aussi en vue d\u2019assainir l\u2019environnement, voire d\u2019\u00e9largir la conscience collective.<br \/>\nCet ouvrage constitue une introduction exhaustive \u00e0 ce royaume cach\u00e9. En explorant leur pass\u00e9, leur pr\u00e9sent et leur possible impact futur dans quatre domaines cl\u00e9s \u2013 l\u2019alimentation, la m\u00e9decine, les psych\u00e9d\u00e9liques et la sant\u00e9 mentale, l\u2019assainissement de l\u2019environnement \u2013 ce livre ne r\u00e9v\u00e8le pas uniquement la mani\u00e8re dont les champignons ont model\u00e9 les fondements de la vie moderne, mais \u00e9galement comment ils pourraient aider \u00e0 fa\u00e7onner notre avenir.<\/p>\n<p>Riches de textes informatifs, d\u2019impressionnantes illustrations num\u00e9riques en 3D et de conseils sur la fa\u00e7on de p\u00e9n\u00e9trer le monde des champignons, cet ouvrage est un manifeste pour l\u2019avenir, une invitation \u00e0 une prise de conscience plus profonde de notre relation avec la nature, avec les autres et avec nous-m\u00eames.<\/p>\n<p>&nbsp;<\/p>\n<div><strong>AUTHORS\u00a0:<\/strong>\u00a0Michael Lim &amp; Yun Shu<\/div>\n<div><strong>FORMAT:<\/strong> 25*19,5 cm<\/div>\n<div><span class=\"s1\"><b>PAGES <\/b>: 192<\/span><span class=\"s1\"><br \/>\n<b>ISBN <\/b>: 978-2-36195-611-0<\/span><br \/>\n<span class=\"s1\"><b>PRIX <\/b>: 35\u20ac<br \/>\n<\/span><span class=\"s1\"><b>CONTACT <\/b>: <a href=\"mailto:infos@editionsjonglez.com?subject=\"><span class=\"s2\">infos@editionsjonglez.com<\/span><\/a><\/span><\/div>\n<div class=\"buttons_cont\">\n<div class=\"button_cont\" align=\"center\"><\/div>\n<div align=\"center\"><\/div>\n<\/div>\n<div align=\"center\">\n<div class=\"button_cont\" align=\"center\"><a class=\"gv_product_btn\" href=\"https:\/\/jonglezpublishing.com\/wp-content\/uploads\/2022\/09\/Couv-Champignons_front.jpg\" target=\"_blank\" rel=\"noopener\">T\u00e9l\u00e9charger la couverture<\/a><\/div>\n<div class=\"button_cont\" align=\"center\"><a class=\"gv_product_btn\" href=\"https:\/\/jonglezpublishing.com\/wp-content\/uploads\/2022\/12\/Extraits-champignons.pdf\" target=\"_blank\" rel=\"noopener\">Consulter le PDF<\/a><\/div>\n<div class=\"button_cont\" align=\"center\">Acheter en ligne<\/div>\n<\/div>\n","protected":false},"excerpt":{"rendered":"<p>Le r\u00e8gne fongique a surv\u00e9cu aux cinq grandes extinctions de masse. Architectes de la nature, les champignons sont partie int\u00e9grante<\/p>\n","protected":false},"featured_media":10323,"template":"","meta":[],"product_brand":[],"product_cat":[442,165,292],"product_tag":[],"class_list":{"0":"post-10322","1":"product","2":"type-product","3":"status-publish","4":"has-post-thumbnail","6":"product_cat-beaux-livres","7":"product_cat-english-fr","8":"product_cat-french-fr","10":"first","11":"instock","12":"shipping-taxable","13":"product-type-simple"},"aioseo_notices":[],"_links":{"self":[{"href":"https:\/\/jonglezpublishing.com\/fr\/wp-json\/wp\/v2\/product\/10322","targetHints":{"allow":["GET"]}}],"collection":[{"href":"https:\/\/jonglezpublishing.com\/fr\/wp-json\/wp\/v2\/product"}],"about":[{"href":"https:\/\/jonglezpublishing.com\/fr\/wp-json\/wp\/v2\/types\/product"}],"wp:featuredmedia":[{"embeddable":true,"href":"https:\/\/jonglezpublishing.com\/fr\/wp-json\/wp\/v2\/media\/10323"}],"wp:attachment":[{"href":"https:\/\/jonglezpublishing.com\/fr\/wp-json\/wp\/v2\/media?parent=10322"}],"wp:term":[{"taxonomy":"product_brand","embeddable":true,"href":"https:\/\/jonglezpublishing.com\/fr\/wp-json\/wp\/v2\/product_brand?post=10322"},{"taxonomy":"product_cat","embeddable":true,"href":"https:\/\/jonglezpublishing.com\/fr\/wp-json\/wp\/v2\/product_cat?post=10322"},{"taxonomy":"product_tag","embeddable":true,"href":"https:\/\/jonglezpublishing.com\/fr\/wp-json\/wp\/v2\/product_tag?post=10322"}],"curies":[{"name":"wp","href":"https:\/\/api.w.org\/{rel}","templated":true}]}}