{"id":10490,"date":"2022-11-22T15:57:15","date_gmt":"2022-11-22T13:57:15","guid":{"rendered":"https:\/\/jonglezpublishing.com\/?post_type=product&#038;p=10490"},"modified":"2022-11-22T16:09:09","modified_gmt":"2022-11-22T14:09:09","slug":"berry-insolite-et-secret-2","status":"publish","type":"product","link":"https:\/\/jonglezpublishing.com\/fr\/produit\/berry-insolite-et-secret-2\/","title":{"rendered":"BERRY INSOLITE ET SECRET"},"content":{"rendered":"<p>Le seul \u00e9difice religieux de l\u2019Hexagone qui soit d\u00e9di\u00e9 uniquement aux enfants, le point exact du centre de la France, une mairie dans un ch\u00e2teau, un p\u00e8lerinage pour gu\u00e9rir les enfants difficiles, la seule grange pyramidale que l\u2019on peut visiter en France, le bunker secret de Marcel Dassault, les traces d\u2019un laboratoire alchimique, un th\u00e9\u00e2tre install\u00e9 dans un ancien couvent&#8230;<\/p>\n<p>Loin des foules et des clich\u00e9s habituels, le Berry garde encore des tr\u00e9sors bien cach\u00e9s qu\u2019il ne r\u00e9v\u00e8le qu\u2019\u00e0 ses habitants et aux voyageurs qui savent sortir des sentiers battus. Un guide indispensable pour ceux qui pensent bien conna\u00eetre le Berry ou pour ceux qui souhaitent d\u00e9couvrir un autre visage de la r\u00e9gion.<\/p>\n<p>&nbsp;<\/p>\n<p class=\"p1\"><span class=\"s1\"><b>AUTEUR <\/b>: Jean-Marie Beuzelin<br \/>\n<\/span><span class=\"s1\"><strong>\u00c9DITION<\/strong>: 01<br \/>\n<\/span><span class=\"s1\"><b>PAGES : <\/b>272<br \/>\n<\/span><span class=\"s1\"><b>FORMAT <\/b>: 10.5 x 19 cm<br \/>\n<\/span><span class=\"s1\"><b>ISBN <\/b>: 978-2-36195-498-7<\/span><br \/>\n<span class=\"s1\"><b>PRIX <\/b>: 17,95 \u20ac <\/span>prix valable en France<br \/>\n<span class=\"s1\"><b>CONTACT <\/b>: <a href=\"mailto:infos@editionsjonglez.com\">infos@editionsjonglez.com<\/a><\/span><\/p>\n<div class=\"buttons_cont\">\n<div align=\"center\"><\/div>\n<div class=\"button_cont\" align=\"center\"><a class=\"gv_product_btn\" href=\"https:\/\/jonglezpublishing.com\/wp-content\/uploads\/2022\/11\/Couv-Berry-1.jpg\" target=\"_blank\" rel=\"noopener\">T\u00e9l\u00e9charger la couverture<\/a><\/div>\n<div class=\"button_cont\" align=\"center\"><a class=\"gv_product_btn\" href=\"https:\/\/jonglezpublishing.com\/wp-content\/uploads\/2022\/11\/Extraits-Berry.pdf\" target=\"_blank\" rel=\"noopener\">Consulter le PDF<\/a><\/div>\n<div class=\"button_cont\" align=\"center\"><a class=\"gv_product_btn\" href=\"https:\/\/livre.fnac.com\/a15602709\/Jean-Marie-Beuzelin-Berry-insolite-et-secret#omnsearchpos=1\" target=\"_blank\" rel=\"noopener\">Acheter en ligne<\/a><\/div>\n<\/div>\n","protected":false},"excerpt":{"rendered":"<p>Le seul \u00e9difice religieux de l\u2019Hexagone qui soit d\u00e9di\u00e9 uniquement aux enfants, le point exact du centre de la France,<\/p>\n","protected":false},"featured_media":10491,"template":"","meta":[],"product_brand":[],"product_cat":[292,420],"product_tag":[],"class_list":{"0":"post-10490","1":"product","2":"type-product","3":"status-publish","4":"has-post-thumbnail","6":"product_cat-french-fr","7":"product_cat-guides-insolites","9":"first","10":"instock","11":"shipping-taxable","12":"product-type-simple"},"aioseo_notices":[],"_links":{"self":[{"href":"https:\/\/jonglezpublishing.com\/fr\/wp-json\/wp\/v2\/product\/10490","targetHints":{"allow":["GET"]}}],"collection":[{"href":"https:\/\/jonglezpublishing.com\/fr\/wp-json\/wp\/v2\/product"}],"about":[{"href":"https:\/\/jonglezpublishing.com\/fr\/wp-json\/wp\/v2\/types\/product"}],"wp:featuredmedia":[{"embeddable":true,"href":"https:\/\/jonglezpublishing.com\/fr\/wp-json\/wp\/v2\/media\/10491"}],"wp:attachment":[{"href":"https:\/\/jonglezpublishing.com\/fr\/wp-json\/wp\/v2\/media?parent=10490"}],"wp:term":[{"taxonomy":"product_brand","embeddable":true,"href":"https:\/\/jonglezpublishing.com\/fr\/wp-json\/wp\/v2\/product_brand?post=10490"},{"taxonomy":"product_cat","embeddable":true,"href":"https:\/\/jonglezpublishing.com\/fr\/wp-json\/wp\/v2\/product_cat?post=10490"},{"taxonomy":"product_tag","embeddable":true,"href":"https:\/\/jonglezpublishing.com\/fr\/wp-json\/wp\/v2\/product_tag?post=10490"}],"curies":[{"name":"wp","href":"https:\/\/api.w.org\/{rel}","templated":true}]}}