{"id":10502,"date":"2022-11-22T17:51:57","date_gmt":"2022-11-22T15:51:57","guid":{"rendered":"https:\/\/jonglezpublishing.com\/?post_type=product&#038;p=10502"},"modified":"2023-10-09T19:57:54","modified_gmt":"2023-10-09T16:57:54","slug":"allemagne-abandonnee","status":"publish","type":"product","link":"https:\/\/jonglezpublishing.com\/fr\/produit\/allemagne-abandonnee\/","title":{"rendered":"ALLEMAGNE ABANDONN\u00c9E"},"content":{"rendered":"<p>De grands h\u00f4tels de congr\u00e8s d&rsquo;\u00e9poque socialiste, des \u00ab ballhaus \u00bb populaires construits souvent avec des mat\u00e9riaux pratiques et fonctionnels mais peu p\u00e9rennes, des usines abandonn\u00e9es, des b\u00e2timents transform\u00e9s en mus\u00e9es, des baraquements qui deviennent des habitations ou qui sont ras\u00e9s pour laisser place \u00e0 des panneaux solaires&#8230;<\/p>\n<p>Plus de 15 voyages d\u2019exploration urbaine \u00e0 la recherche des lieux abandonn\u00e9s ont permis \u00e0 Aur\u00e9lien Villette de dresser un certain portrait de l\u2019Allemagne contemporaine, territoire marqu\u00e9 par de nombreuses fractures historiques que le temps lisse volontiers pour ne plus laisser qu\u2019une m\u00e9moire commune.<\/p>\n<p>&nbsp;<\/p>\n<p><span class=\"s1\"><b>AUTEUR : <\/b>Aur\u00e9lien Villette<\/span><br \/>\n<span class=\"s1\"><b>PAGES <\/b>: 131<br \/>\n<b>ISBN <\/b>:\u00a0978-2-36195-600-4<\/span><br \/>\n<span class=\"s1\"><b>PRIX <\/b>: 39,95 \u20ac prix valable en France<br \/>\n<strong>FORMAT :<\/strong> 297 mm x 210 mm<br \/>\n<\/span><span class=\"s1\"><b>CONTACT <\/b>: <a href=\"mailto:infos@editionsjonglez.com?subject=\"><span class=\"s2\">infos@editionsjonglez.com<\/span><\/a><\/span><\/p>\n<div class=\"buttons_cont\">\n<div align=\"center\"><\/div>\n<div class=\"button_cont\" align=\"center\"><a class=\"gv_product_btn\" href=\"https:\/\/jonglezpublishing.com\/wp-content\/uploads\/2022\/11\/Allemagne-abandonnee.jpg\" target=\"_blank\" rel=\"noopener\">T\u00e9l\u00e9charger la couverture<\/a><\/div>\n<div class=\"button_cont\" align=\"center\"><a class=\"gv_product_btn\" href=\"https:\/\/jonglezpublishing.com\/wp-content\/uploads\/2022\/11\/Preview_Allemagne-abandonnee_FR-1.pdf\" target=\"_blank\" rel=\"noopener\">Consulter le PDF<\/a><\/div>\n<div class=\"button_cont\" align=\"center\">\n<div class=\"button_cont\" align=\"center\"><a class=\"gv_product_btn\" href=\"https:\/\/www.amazon.fr\/Allemagne-abandonn%C3%A9e-Aur%C3%A9lien-Villette\/dp\/2361956004\/ref=sr_1_1?__mk_fr_FR=%C3%85M%C3%85%C5%BD%C3%95%C3%91&amp;keywords=ALLEMAGNE+ABANDONN%C3%89E&amp;qid=1696869834&amp;sr=8-1\" target=\"_blank\" rel=\"noopener\">Acheter en ligne<\/a><\/div>\n<\/div>\n<\/div>\n","protected":false},"excerpt":{"rendered":"<p>De grands h\u00f4tels de congr\u00e8s d&rsquo;\u00e9poque socialiste, des \u00ab ballhaus \u00bb populaires construits souvent avec des mat\u00e9riaux pratiques et fonctionnels<\/p>\n","protected":false},"featured_media":10503,"template":"","meta":[],"product_brand":[],"product_cat":[442,292],"product_tag":[],"class_list":{"0":"post-10502","1":"product","2":"type-product","3":"status-publish","4":"has-post-thumbnail","6":"product_cat-beaux-livres","7":"product_cat-french-fr","9":"first","10":"instock","11":"shipping-taxable","12":"product-type-simple"},"aioseo_notices":[],"_links":{"self":[{"href":"https:\/\/jonglezpublishing.com\/fr\/wp-json\/wp\/v2\/product\/10502","targetHints":{"allow":["GET"]}}],"collection":[{"href":"https:\/\/jonglezpublishing.com\/fr\/wp-json\/wp\/v2\/product"}],"about":[{"href":"https:\/\/jonglezpublishing.com\/fr\/wp-json\/wp\/v2\/types\/product"}],"wp:featuredmedia":[{"embeddable":true,"href":"https:\/\/jonglezpublishing.com\/fr\/wp-json\/wp\/v2\/media\/10503"}],"wp:attachment":[{"href":"https:\/\/jonglezpublishing.com\/fr\/wp-json\/wp\/v2\/media?parent=10502"}],"wp:term":[{"taxonomy":"product_brand","embeddable":true,"href":"https:\/\/jonglezpublishing.com\/fr\/wp-json\/wp\/v2\/product_brand?post=10502"},{"taxonomy":"product_cat","embeddable":true,"href":"https:\/\/jonglezpublishing.com\/fr\/wp-json\/wp\/v2\/product_cat?post=10502"},{"taxonomy":"product_tag","embeddable":true,"href":"https:\/\/jonglezpublishing.com\/fr\/wp-json\/wp\/v2\/product_tag?post=10502"}],"curies":[{"name":"wp","href":"https:\/\/api.w.org\/{rel}","templated":true}]}}