{"id":10881,"date":"2022-07-13T10:26:36","date_gmt":"2023-03-08T14:39:31","guid":{"rendered":"https:\/\/jonglezpublishing.com\/?post_type=product&#038;p=10881"},"modified":"2025-06-20T10:16:07","modified_gmt":"2025-06-20T07:16:07","slug":"turin-insolite-et-secrete","status":"publish","type":"product","link":"https:\/\/jonglezpublishing.com\/fr\/produit\/turin-insolite-et-secrete\/","title":{"rendered":"TURIN INSOLITE ET SECR\u00c8TE"},"content":{"rendered":"<div>\n<p>Des peintures qui n\u2019apparaissent qu\u2019aux \u00e9quinoxes, le meuble le plus beau du monde, une horloge qui n\u2019indique pas l\u2019heure, le plus ancien vignoble \u00ab urbain \u00bb d\u2019Italie, un immeuble transform\u00e9 en mus\u00e9e, une pierre qui favorise la f\u00e9condit\u00e9, des panneaux de signalisation noy\u00e9s dans la verdure, un ordinateur de 1831 en bois et papier, la salle o\u00f9 le roi d\u2019Italie attendait le train, une installation artistique r\u00e9alis\u00e9e avec les marbres de la chapelle du Saint Suaire, la seule \u00e9glise Liberty d\u2019Italie, un fascinant voyage alchimique vers la porte du paradis tao\u00efste, une partie de foot sur un toit en plein centre-ville, un caf\u00e9 vietnamien dans un jardin de bambous, une forteresse souterraine \u00ab tordue \u00bb, une promenade en bateau sur un ruisseau \u00e0 l\u2019int\u00e9rieur d\u2019une colline, l\u2019esprit d\u2019une sorci\u00e8re du milieu du XIXe si\u00e8cle&#8230;<\/p>\n<p>Loin de la foule et des clich\u00e9s, Turin abrite des tr\u00e9sors cach\u00e9s et des lieux insolites qui ne sont r\u00e9v\u00e9l\u00e9s qu\u2019\u00e0 ses habitants les plus curieux ou aux visiteurs d\u00e9sireux de sortir des sentiers battus.<\/p>\n<p>Un guide indispensable pour quiconque croit bien conna\u00eetre Turin ou qui souhaite d\u00e9couvrir une autre facette de la ville.<\/p>\n<p>Photo de couverture : \u00a9 Vincenzo Inzone &#8211; Unsplash<\/p>\n<\/div>\n<div><\/div>\n<div><\/div>\n<div>\n<div><strong>AUTEUR :<\/strong> Andrea Fabrizio<span class=\"im\"><br \/>\n<strong>FORMAT :<\/strong> 10,5 x 19 cm<br \/>\n<\/span><strong>PAGES :<\/strong> 304<br \/>\n<strong>ISBN :<\/strong> 978-2-36195-932-6<br \/>\n<strong>PRIX :<\/strong> 18,95 \u20ac<\/div>\n<div><strong>CONTACT:<\/strong> <a href=\"mailto:info@editionsjonglez.com\">info@editionsjonglez.com<\/a><\/div>\n<div>\n<div class=\"buttons_cont\">\n<div align=\"center\"><\/div>\n<div align=\"center\"><\/div>\n<div class=\"button_cont\" align=\"center\"><a class=\"gv_product_btn\" href=\"https:\/\/jonglezpublishing.com\/wp-content\/uploads\/2022\/07\/NEW_couv_Turin_RVB-scaled.jpg\" target=\"_blank\" rel=\"noopener\">T\u00e9l\u00e9charger la couverture<\/a><\/div>\n<div class=\"button_cont\" align=\"center\"><a class=\"gv_product_btn\" href=\"https:\/\/jonglezpublishing.com\/wp-content\/uploads\/2025\/06\/Extrait-Turin_FR.pdf\" target=\"_blank\" rel=\"noopener\">Consulter le PDF<\/a><\/div>\n<div class=\"button_cont\" align=\"center\"><a class=\"gv_product_btn\" href=\"https:\/\/www.amazon.fr\/-\/en\/Andr%C3%A9a-Fabrizio\/dp\/2361959321\/ref=sr_1_2?dib=eyJ2IjoiMSJ9.y3SQUTOtlEZDHZiXD1VqPg-SwmwyO2RXygqnI3uxthg.bhZC-2sxbaDSuNP5tEPgOv5NEiGoOTqFR1GemAjnWy0&amp;dib_tag=se&amp;keywords=TURIN+INSOLITE+ET+SECR%C3%88TE&amp;qid=1750403730&amp;sr=8-2\" target=\"_blank\" rel=\"noopener\">Acheter en ligne<\/a><\/div>\n<\/div>\n<\/div>\n<\/div>\n","protected":false},"excerpt":{"rendered":"<p>Des peintures qui n\u2019apparaissent qu\u2019aux \u00e9quinoxes, le meuble le plus beau du monde, une horloge qui n\u2019indique pas l\u2019heure, le<\/p>\n","protected":false},"featured_media":14108,"template":"","meta":[],"product_brand":[],"product_cat":[420,287],"product_tag":[],"class_list":{"0":"post-10881","1":"product","2":"type-product","3":"status-publish","4":"has-post-thumbnail","6":"product_cat-guides-insolites","7":"product_cat-italian-fr","9":"first","10":"instock","11":"shipping-taxable","12":"product-type-simple"},"aioseo_notices":[],"_links":{"self":[{"href":"https:\/\/jonglezpublishing.com\/fr\/wp-json\/wp\/v2\/product\/10881","targetHints":{"allow":["GET"]}}],"collection":[{"href":"https:\/\/jonglezpublishing.com\/fr\/wp-json\/wp\/v2\/product"}],"about":[{"href":"https:\/\/jonglezpublishing.com\/fr\/wp-json\/wp\/v2\/types\/product"}],"wp:featuredmedia":[{"embeddable":true,"href":"https:\/\/jonglezpublishing.com\/fr\/wp-json\/wp\/v2\/media\/14108"}],"wp:attachment":[{"href":"https:\/\/jonglezpublishing.com\/fr\/wp-json\/wp\/v2\/media?parent=10881"}],"wp:term":[{"taxonomy":"product_brand","embeddable":true,"href":"https:\/\/jonglezpublishing.com\/fr\/wp-json\/wp\/v2\/product_brand?post=10881"},{"taxonomy":"product_cat","embeddable":true,"href":"https:\/\/jonglezpublishing.com\/fr\/wp-json\/wp\/v2\/product_cat?post=10881"},{"taxonomy":"product_tag","embeddable":true,"href":"https:\/\/jonglezpublishing.com\/fr\/wp-json\/wp\/v2\/product_tag?post=10881"}],"curies":[{"name":"wp","href":"https:\/\/api.w.org\/{rel}","templated":true}]}}