{"id":10893,"date":"2022-09-22T14:14:36","date_gmt":"2022-09-22T11:14:36","guid":{"rendered":"https:\/\/jonglezpublishing.com\/product\/bangkok-insolite-et-secrete\/"},"modified":"2023-03-09T17:21:00","modified_gmt":"2023-03-09T15:21:00","slug":"bangkok-insolite-et-secrete","status":"publish","type":"product","link":"https:\/\/jonglezpublishing.com\/fr\/produit\/bangkok-insolite-et-secrete\/","title":{"rendered":"BANGKOK INSOLITE ET SECR\u00c8TE"},"content":{"rendered":"<div>\n<p>D\u00e9couvrez le temple m\u00e9connu au million de Bouddhas, offrez des \u0153ufs au bacon \u00e0 des statues de tigre, p\u00e9n\u00e9tre dans la tani\u00e8re de varans g\u00e9ants, croisez David Beckham, Donald Duck et Popeye dans un temple bouddhiste, accumulez du m\u00e9rite en parrainant un cercueil ou d\u00e9chiffrez les num\u00e9ros gagnants du loto livr\u00e9s par une belle revenante sur un tronc d\u2019arbre. Visitez le quartier des fabricants de fl\u00fbtes, prenez un petit d\u00e9jeuner v\u00e9g\u00e9tarien en compagnie de la communaut\u00e9 sikh de Bangkok, d\u00e9couvrez le combat de chauves traditionnel et consultez une c\u00e9l\u00e8bre \u00abgu\u00e9risseuse\u00bb dont la sp\u00e9cialit\u00e9 consiste \u00e0 gifler les seins de ses patientes.<\/p>\n<p>Plus qu\u2019un guide indispensable pour d\u00e9couvrir un autre visage de la ville, Bangkok insolite et secr\u00e8te offre aussi une mine d\u2019informations passionnantes pour tous ceux qui veulent en atteindre l\u2019\u00e2me.<\/p>\n<\/div>\n<div>\n<p>&nbsp;<\/p>\n<p><b>AUTEURS\u00a0<\/b>: Narina Exelby &amp; Mark Eveleigh<br \/>\n<b>PAGES\u00a0<\/b>: 416<br \/>\n<b>FORMAT\u00a0<\/b>: 10.5 x 19 cm<br \/>\n<b>ISBN\u00a0<\/b>: 978-2-36195-632-5<br \/>\n<b>PRIX\u00a0<\/b>: 18,95 \u20ac prix valable en France<br \/>\n<b>CONTACT\u00a0<\/b>:\u00a0<a href=\"mailto:info@editionsjonglez.com\">info@editionsjonglez.com<\/a><\/p>\n<p>&nbsp;<\/p>\n<div class=\"buttons_cont\">\n<div class=\"button_cont\" align=\"center\"><a class=\"gv_product_btn\" href=\"https:\/\/jonglezpublishing.com\/wp-content\/uploads\/2022\/09\/Couv-Bangkok_FR.jpg\" target=\"_blank\" rel=\"noopener\">T\u00e9l\u00e9charger la couverture<\/a><\/div>\n<div class=\"button_cont\" align=\"center\"><a class=\"gv_product_btn\" href=\"https:\/\/jonglezpublishing.com\/wp-content\/uploads\/2023\/03\/Preview_PDF_Bangkok_FR.pdf\" target=\"_blank\" rel=\"noopener\">Consulter le PDF<\/a><\/div>\n<div class=\"button_cont\" align=\"center\"><a class=\"gv_product_btn\" href=\"https:\/\/www.amazon.fr\/Bangkok-insolite-secr%C3%A8te-Narina-Exelby\/dp\/2361956322\/ref=sr_1_1?__mk_fr_FR=%C3%85M%C3%85%C5%BD%C3%95%C3%91&amp;crid=3PXLOGPNMJAHC&amp;keywords=BANGKOK+INSOLITE+ET+SECR%C3%88TE&amp;qid=1678288516&amp;sprefix=bangkok+insolite+et+secr%C3%A8te%2Caps%2C500&amp;sr=8-1\" target=\"_blank\" rel=\"noopener\">Acheter en ligne<\/a><\/div>\n<\/div>\n<\/div>\n","protected":false},"excerpt":{"rendered":"<p>D\u00e9couvrez le temple m\u00e9connu au million de Bouddhas, offrez des \u0153ufs au bacon \u00e0 des statues de tigre, p\u00e9n\u00e9tre dans<\/p>\n","protected":false},"featured_media":10905,"template":"","meta":[],"product_brand":[],"product_cat":[165,420],"product_tag":[],"class_list":{"0":"post-10893","1":"product","2":"type-product","3":"status-publish","4":"has-post-thumbnail","6":"product_cat-english-fr","7":"product_cat-guides-insolites","9":"first","10":"instock","11":"shipping-taxable","12":"product-type-simple"},"aioseo_notices":[],"_links":{"self":[{"href":"https:\/\/jonglezpublishing.com\/fr\/wp-json\/wp\/v2\/product\/10893","targetHints":{"allow":["GET"]}}],"collection":[{"href":"https:\/\/jonglezpublishing.com\/fr\/wp-json\/wp\/v2\/product"}],"about":[{"href":"https:\/\/jonglezpublishing.com\/fr\/wp-json\/wp\/v2\/types\/product"}],"wp:featuredmedia":[{"embeddable":true,"href":"https:\/\/jonglezpublishing.com\/fr\/wp-json\/wp\/v2\/media\/10905"}],"wp:attachment":[{"href":"https:\/\/jonglezpublishing.com\/fr\/wp-json\/wp\/v2\/media?parent=10893"}],"wp:term":[{"taxonomy":"product_brand","embeddable":true,"href":"https:\/\/jonglezpublishing.com\/fr\/wp-json\/wp\/v2\/product_brand?post=10893"},{"taxonomy":"product_cat","embeddable":true,"href":"https:\/\/jonglezpublishing.com\/fr\/wp-json\/wp\/v2\/product_cat?post=10893"},{"taxonomy":"product_tag","embeddable":true,"href":"https:\/\/jonglezpublishing.com\/fr\/wp-json\/wp\/v2\/product_tag?post=10893"}],"curies":[{"name":"wp","href":"https:\/\/api.w.org\/{rel}","templated":true}]}}