{"id":10921,"date":"2023-03-09T15:10:33","date_gmt":"2023-03-09T13:10:33","guid":{"rendered":"https:\/\/jonglezpublishing.com\/?post_type=product&#038;p=10921"},"modified":"2023-10-12T19:03:10","modified_gmt":"2023-10-12T16:03:10","slug":"bordeaux-insolite-et-meconnu","status":"publish","type":"product","link":"https:\/\/jonglezpublishing.com\/fr\/produit\/bordeaux-insolite-et-meconnu\/","title":{"rendered":"BORDEAUX INSOLITE ET M\u00c9CONNU"},"content":{"rendered":"<p>Des symboles francs-ma\u00e7ons insoup\u00e7onn\u00e9s, une caryatide qui tient une longue vue, Henri Salmide, le soldat allemande qui sauva Bordeaux, un vestige de l\u2019Exposition universelle de Paris de 1878, une immense cuve en b\u00e9ton datant de la Seconde Guerre mondiale, un lieu secret du Bordeaux m\u00e9di\u00e9val, un hommage tr\u00e8s discret au roi Henri III dans la basilique Saint-Michel, un vin que l\u2019on assemble soi-m\u00eame,une distillerie dans un ancien bunker, les secrets du pont de Pierre, une clinique d\u00e9di\u00e9e aux poup\u00e9es, un four \u00e0 pain du XVIIIe si\u00e8cle, l\u2019\u00e9toile \u00e0 cinq branches du mus\u00e9e des BeauxArts, les Muses du Grand Th\u00e9\u00e2tre&#8230;<\/p>\n<p>Loin des foules et des clich\u00e9s habituels, Bordeaux garde encore des tr\u00e9sors bien cach\u00e9s que la ville ne r\u00e9v\u00e8le qu\u2019aux habitants et aux voyageurs qui savent sortir des sentiers battus.<\/p>\n<p>Un guide indispensable pour ceux qui pensaient bien conna\u00eetre Bordeaux ou pour ceux qui souhaitent d\u00e9couvrir l\u2019autre visage de la ville.<\/p>\n<p>&nbsp;<\/p>\n<p class=\"p1\"><span class=\"s1\"><b>AUTEUR <\/b>: Jean-Marie Beuzelin<br \/>\n<\/span><span class=\"s1\"><strong>\u00c9DITION<\/strong>: 02<br \/>\n<\/span><span class=\"s1\"><b>PAGES : <\/b>288<br \/>\n<\/span><span class=\"s1\"><b>FORMAT <\/b>: 10.5 x 19 cm<br \/>\n<\/span><span class=\"s1\"><b>ISBN <\/b>: 978-2-36195-603-5<\/span><br \/>\n<span class=\"s1\"><b>PRIX <\/b>: 18,95 \u20ac <\/span>prix valable en France<br \/>\n<span class=\"s1\"><b>CONTACT <\/b>: <a href=\"mailto:info@editionsjonglez.com\">info@editionsjonglez.com<\/a><\/span><\/p>\n<div class=\"buttons_cont\">\n<div align=\"center\"><\/div>\n<div class=\"button_cont\" align=\"center\"><a class=\"gv_product_btn\" href=\"https:\/\/jonglezpublishing.com\/wp-content\/uploads\/2023\/03\/couv_Bordeaux_new_V1-scaled.jpg\" target=\"_blank\" rel=\"noopener\">T\u00e9l\u00e9charger la couverture<\/a><\/div>\n<div class=\"button_cont\" align=\"center\"><a class=\"gv_product_btn\" href=\"https:\/\/jonglezpublishing.com\/wp-content\/uploads\/2023\/10\/Extrait-Bordeaux-2023.pdf\" target=\"_blank\" rel=\"noopener\">Consulter le PDF<\/a><\/div>\n<div class=\"button_cont\" align=\"center\"><a class=\"gv_product_btn\" href=\"https:\/\/www.amazon.fr\/Bordeaux-insolite-m%C3%A9connu-Jean-Marie-Beuzelin\/dp\/2361956039\/ref=sr_1_1?__mk_fr_FR=%C3%85M%C3%85%C5%BD%C3%95%C3%91&amp;crid=1XVB6BQOLPD6Z&amp;keywords=BORDEAUX+INSOLITE+ET+M%C3%89CONNU&amp;qid=1697126298&amp;sprefix=bordeaux+insolite+et+m%C3%A9connu%2Caps%2C297&amp;sr=8-1\" target=\"_blank\" rel=\"noopener\">Acheter en ligne<\/a><\/div>\n<\/div>\n","protected":false},"excerpt":{"rendered":"<p>Des symboles francs-ma\u00e7ons insoup\u00e7onn\u00e9s, une caryatide qui tient une longue vue, Henri Salmide, le soldat allemande qui sauva Bordeaux, un<\/p>\n","protected":false},"featured_media":11844,"template":"","meta":[],"product_brand":[],"product_cat":[292,420],"product_tag":[],"class_list":{"0":"post-10921","1":"product","2":"type-product","3":"status-publish","4":"has-post-thumbnail","6":"product_cat-french-fr","7":"product_cat-guides-insolites","9":"first","10":"instock","11":"shipping-taxable","12":"product-type-simple"},"aioseo_notices":[],"_links":{"self":[{"href":"https:\/\/jonglezpublishing.com\/fr\/wp-json\/wp\/v2\/product\/10921","targetHints":{"allow":["GET"]}}],"collection":[{"href":"https:\/\/jonglezpublishing.com\/fr\/wp-json\/wp\/v2\/product"}],"about":[{"href":"https:\/\/jonglezpublishing.com\/fr\/wp-json\/wp\/v2\/types\/product"}],"wp:featuredmedia":[{"embeddable":true,"href":"https:\/\/jonglezpublishing.com\/fr\/wp-json\/wp\/v2\/media\/11844"}],"wp:attachment":[{"href":"https:\/\/jonglezpublishing.com\/fr\/wp-json\/wp\/v2\/media?parent=10921"}],"wp:term":[{"taxonomy":"product_brand","embeddable":true,"href":"https:\/\/jonglezpublishing.com\/fr\/wp-json\/wp\/v2\/product_brand?post=10921"},{"taxonomy":"product_cat","embeddable":true,"href":"https:\/\/jonglezpublishing.com\/fr\/wp-json\/wp\/v2\/product_cat?post=10921"},{"taxonomy":"product_tag","embeddable":true,"href":"https:\/\/jonglezpublishing.com\/fr\/wp-json\/wp\/v2\/product_tag?post=10921"}],"curies":[{"name":"wp","href":"https:\/\/api.w.org\/{rel}","templated":true}]}}