{"id":11070,"date":"2023-05-03T16:08:39","date_gmt":"2023-05-03T13:08:39","guid":{"rendered":"https:\/\/jonglezpublishing.com\/?post_type=product&#038;p=11070"},"modified":"2023-05-20T17:43:49","modified_gmt":"2023-05-20T14:43:49","slug":"soul-of-amsterdam-guide-des-30-meilleures-experiences","status":"publish","type":"product","link":"https:\/\/jonglezpublishing.com\/fr\/produit\/soul-of-amsterdam-guide-des-30-meilleures-experiences\/","title":{"rendered":"SOUL OF AMSTERDAM &#8211; GUIDE DES 30 MEILLEURES EXP\u00c9RIENCES"},"content":{"rendered":"<p>Se faufiler dans les jardins partag\u00e9s de Westerpark, d\u00e9guster la\u00a0meilleure appeltaart du Jordaan, passer une nuit au milieu des canaux,\u00a0se r\u00e9fugier dans un caf\u00e9 brun pour faire une pause, go\u00fbter des bi\u00e8res\u00a0artisanales \u00e0 l\u2019ombre d\u2019un moulin, piquer une t\u00eate dans l\u2019Amstel,<br \/>\nd\u00eener dans les meilleurs restos de la ville (et pas forc\u00e9ment ceux que\u00a0l\u2019on croit) ou poser ses valises dans un ancien terminal de paquebots&#8230;<\/p>\n<p>La collection Soul est une nouvelle approche du voyage, faite de\u00a0vagabondages, de rencontres fortuites, d\u2019exp\u00e9riences inoubliables.\u00a0Des guides pour ceux qui veulent pousser les portes secr\u00e8tes d\u2019une ville,\u00a0capter les battements de son c\u0153ur, en phosphorer les moindres recoins\u00a0pour atteindre son \u00e2me.<\/p>\n<p><b>AUTEUR <\/b>: Beno\u00eet Zante<br \/>\n<b>PAGES <\/b>: 128<br \/>\n<b>FORMAT <\/b>: 20 x 13,5 cm<br \/>\n<b>ISBN <\/b>: 978-2-36195-468-0<br \/>\n<b>PRIX <\/b>: 14,95 \u20ac<br \/>\n<b>CONTACT <\/b>: <a href=\"mailto:info@editionsjonglez.com\">info@editionsjonglez.com<\/a><\/p>\n<div class=\"buttons_cont\">\n<div align=\"center\"><\/div>\n<div class=\"button_cont\" align=\"center\"><a class=\"gv_product_btn\" href=\"https:\/\/jonglezpublishing.com\/wp-content\/uploads\/2023\/05\/Soul-of-Amsterdam.jpg\" target=\"_blank\" rel=\"noopener\">T\u00e9l\u00e9charger la couverture<\/a><\/div>\n<div class=\"button_cont\" align=\"center\"><a class=\"gv_product_btn\" href=\"https:\/\/jonglezpublishing.com\/wp-content\/uploads\/2023\/05\/Preview-Soul-Amsterdam-FR.pdf\" target=\"_blank\" rel=\"noopener\">Consulter le PDF<\/a><\/div>\n<div class=\"button_cont\" align=\"center\"><a class=\"gv_product_btn\" href=\"https:\/\/www.fnac.com\/a14950227\/Benoit-Zante-Soul-of-amsterdam-a-guide-to-30-exceptional-experiences#omnsearchpos=1\" target=\"_blank\" rel=\"noopener\">Acheter en ligne<\/a><\/div>\n<\/div>\n","protected":false},"excerpt":{"rendered":"<p>Se faufiler dans les jardins partag\u00e9s de Westerpark, d\u00e9guster la\u00a0meilleure appeltaart du Jordaan, passer une nuit au milieu des canaux,\u00a0se<\/p>\n","protected":false},"featured_media":11075,"template":"","meta":[],"product_brand":[],"product_cat":[165,292,522,287,444,288],"product_tag":[],"class_list":{"0":"post-11070","1":"product","2":"type-product","3":"status-publish","4":"has-post-thumbnail","6":"product_cat-english-fr","7":"product_cat-french-fr","8":"product_cat-german-fr","9":"product_cat-italian-fr","10":"product_cat-lautre-guide","11":"product_cat-spanish-fr","13":"first","14":"instock","15":"shipping-taxable","16":"product-type-simple"},"aioseo_notices":[],"_links":{"self":[{"href":"https:\/\/jonglezpublishing.com\/fr\/wp-json\/wp\/v2\/product\/11070","targetHints":{"allow":["GET"]}}],"collection":[{"href":"https:\/\/jonglezpublishing.com\/fr\/wp-json\/wp\/v2\/product"}],"about":[{"href":"https:\/\/jonglezpublishing.com\/fr\/wp-json\/wp\/v2\/types\/product"}],"wp:featuredmedia":[{"embeddable":true,"href":"https:\/\/jonglezpublishing.com\/fr\/wp-json\/wp\/v2\/media\/11075"}],"wp:attachment":[{"href":"https:\/\/jonglezpublishing.com\/fr\/wp-json\/wp\/v2\/media?parent=11070"}],"wp:term":[{"taxonomy":"product_brand","embeddable":true,"href":"https:\/\/jonglezpublishing.com\/fr\/wp-json\/wp\/v2\/product_brand?post=11070"},{"taxonomy":"product_cat","embeddable":true,"href":"https:\/\/jonglezpublishing.com\/fr\/wp-json\/wp\/v2\/product_cat?post=11070"},{"taxonomy":"product_tag","embeddable":true,"href":"https:\/\/jonglezpublishing.com\/fr\/wp-json\/wp\/v2\/product_tag?post=11070"}],"curies":[{"name":"wp","href":"https:\/\/api.w.org\/{rel}","templated":true}]}}