{"id":11305,"date":"2022-12-21T15:53:55","date_gmt":"2022-12-21T13:53:55","guid":{"rendered":"https:\/\/jonglezpublishing.com\/?post_type=product&#038;p=11305"},"modified":"2024-05-22T14:34:57","modified_gmt":"2024-05-22T11:34:57","slug":"11305","status":"publish","type":"product","link":"https:\/\/jonglezpublishing.com\/fr\/produit\/11305\/","title":{"rendered":"LONDRES INSOLITE ET SECR\u00c8TE"},"content":{"rendered":"<p>Recueillez-vous au cimeti\u00e8re pour chiens \u00e0 Hyde Park, assistez \u00e0 la messe des clowns, visitez une galerie d\u2019art dans des toilettes pour femmes ou un v\u00e9ritable temple francma\u00e7on, allez au cirque dans une ancienne centrale \u00e9lectrique, priez dans une \u00e9glise flottante, faites du voilier sur un ancien r\u00e9servoir d\u2019eau, d\u00e9couvrez la roche de laquelle Arthur r\u00e9ussit \u00e0 sortir Excalibur, restez de marbre devant le p\u00e9nis sacr\u00e9 d\u2019un pharaon, jouez sur le dernier terrain de p\u00e9tanque en herbe de la City, admirez un rare redresseur de concombres, une sir\u00e8ne empaill\u00e9e ou un c\u0153ur de vache&#8230;<\/p>\n<p>De nuit comme de jour, Londres ne r\u00e9v\u00e8le ses excentricit\u00e9s et ses secrets qu\u2019aux habitants et aux voyageurs qui savent sortir des sentiers battus. Encore faut-il savoir o\u00f9 aller&#8230;<\/p>\n<p>Un guide indispensable pour ceux qui pensaient bien conna\u00eetre Londres ou pour ceux qui souhaitent d\u00e9couvrir l\u2019autre visage de la ville.<\/p>\n<p>&nbsp;<\/p>\n<p><em>Journaliste et r\u00e9dactrice,\u00a0<strong>Rachel Howard<\/strong>\u00a0a habit\u00e9 presque tous les arrondissements de Londres. Elle collabore r\u00e9guli\u00e8rement \u00e0 Conde Nast Traveller, National Geographic Traveleret The Guardian, et \u00e9crit principalement sur les th\u00e8mes du voyage, de la cuisine et des arts. Rachel a aussi consacr\u00e9 une d\u00e9cennie \u00e0 r\u00e9diger des discours pour le ministre grec des Affaires \u00e9trang\u00e8res. Mais ceci est une autre histoire.<\/em><\/p>\n<p><em><strong>Bill Nash<\/strong>\u00a0est un acteur et \u00e9crivain dont les racines familiales couvrent l\u2019ensemble de Londres. Il nourrit une v\u00e9ritable obsession pour les recoins les plus secrets de la ville, ce qui l\u2019a naturellement incit\u00e9 \u00e0 collaborer \u00e0 la r\u00e9daction de cet ouvrage. Bill vit \u00e0 Brixton, avec sa famille et un chat incomp\u00e9tent.<\/em><\/p>\n<p>&nbsp;<\/p>\n<p><b>AUTEURS\u00a0<\/b>: Rachel Howard &amp; Bill Nash<br \/>\n<b>PAGES\u00a0<\/b>: 432<br \/>\n<b>FORMAT\u00a0<\/b>: 10.5 x 19 cm<br \/>\n<b>ISBN\u00a0<\/b>: 978-2-36195-752-0<br \/>\n<b>PRIX\u00a0<\/b>: 19,95 \u20ac &#8211; prix valable en France<br \/>\n<b>CONTACT\u00a0<\/b>:\u00a0<a href=\"mailto:info@editionsjonglez.com\">info@editionsjonglez.com\u00a0<\/a><\/p>\n<div class=\"button_cont\" align=\"center\"><a class=\"gv_product_btn\" href=\"https:\/\/jonglezpublishing.com\/wp-content\/uploads\/2022\/12\/Front-Cover_London_FR_24_cmyk-1-scaled.jpg\" target=\"_blank\" rel=\"noopener\">T\u00e9l\u00e9charger la couverture<\/a><\/div>\n<div class=\"button_cont\" align=\"center\"><a class=\"gv_product_btn\" href=\"https:\/\/jonglezpublishing.com\/wp-content\/uploads\/2024\/05\/Preview_London_FR_2024.pdf\" target=\"_blank\" rel=\"noopener\">Consulter le PDF<\/a><\/div>\n<div class=\"button_cont\" align=\"center\"><a class=\"gv_product_btn\" href=\"https:\/\/www.fnac.com\/a19351092\/Rachel-Howard-Londres-insolite-et-secrete\" target=\"_blank\" rel=\"noopener\">Acheter en ligne<\/a><\/div>\n","protected":false},"excerpt":{"rendered":"<p>Recueillez-vous au cimeti\u00e8re pour chiens \u00e0 Hyde Park, assistez \u00e0 la messe des clowns, visitez une galerie d\u2019art dans des<\/p>\n","protected":false},"featured_media":12520,"template":"","meta":[],"product_brand":[],"product_cat":[165,420],"product_tag":[],"class_list":{"0":"post-11305","1":"product","2":"type-product","3":"status-publish","4":"has-post-thumbnail","6":"product_cat-english-fr","7":"product_cat-guides-insolites","9":"first","10":"instock","11":"shipping-taxable","12":"product-type-simple"},"aioseo_notices":[],"_links":{"self":[{"href":"https:\/\/jonglezpublishing.com\/fr\/wp-json\/wp\/v2\/product\/11305","targetHints":{"allow":["GET"]}}],"collection":[{"href":"https:\/\/jonglezpublishing.com\/fr\/wp-json\/wp\/v2\/product"}],"about":[{"href":"https:\/\/jonglezpublishing.com\/fr\/wp-json\/wp\/v2\/types\/product"}],"wp:featuredmedia":[{"embeddable":true,"href":"https:\/\/jonglezpublishing.com\/fr\/wp-json\/wp\/v2\/media\/12520"}],"wp:attachment":[{"href":"https:\/\/jonglezpublishing.com\/fr\/wp-json\/wp\/v2\/media?parent=11305"}],"wp:term":[{"taxonomy":"product_brand","embeddable":true,"href":"https:\/\/jonglezpublishing.com\/fr\/wp-json\/wp\/v2\/product_brand?post=11305"},{"taxonomy":"product_cat","embeddable":true,"href":"https:\/\/jonglezpublishing.com\/fr\/wp-json\/wp\/v2\/product_cat?post=11305"},{"taxonomy":"product_tag","embeddable":true,"href":"https:\/\/jonglezpublishing.com\/fr\/wp-json\/wp\/v2\/product_tag?post=11305"}],"curies":[{"name":"wp","href":"https:\/\/api.w.org\/{rel}","templated":true}]}}