{"id":11672,"date":"2023-10-09T18:08:33","date_gmt":"2023-10-09T15:08:33","guid":{"rendered":"https:\/\/jonglezpublishing.com\/?post_type=product&#038;p=11672"},"modified":"2026-01-05T15:49:55","modified_gmt":"2026-01-05T13:49:55","slug":"atlas-des-vins-insolites","status":"publish","type":"product","link":"https:\/\/jonglezpublishing.com\/fr\/produit\/atlas-des-vins-insolites\/","title":{"rendered":"ATLAS DES VINS INSOLITES"},"content":{"rendered":"<p>Des vendanges nocturnes, un vin de la paix associant plus de 600 c\u00e9pages du monde entier, des vins de glace au Qu\u00e9bec, des ceps qui mesurent 15 m\u00e8tres de haut en Italie et au Portugal, un vin du d\u00e9sert de Gobi, les doubles vendanges des vins de Ta\u00efwan, des vendanges le 31 d\u00e9cembre, de la musique classique dans les vignes, un bordeaux \u00e0 la neige carbonique, des vignes sur un terril dans le nord de la France&#8230;<\/p>\n<p>\u00c0 travers le monde, quelques vignerons sortent des sentiers battus en cultivant la vigne sous des climats inhabituels et dans des terroirs atypiques. Ils sauvent des c\u00e9pages oubli\u00e9s, osent des m\u00e9thodes de vinification diff\u00e9rentes ou cr\u00e9ent tout simplement des vins.<\/p>\n<p>Pierrick Bourgault (Grand Prix du Journalisme Agricole) voyage depuis 30 ans \u00e0 leur rencontre. Dans cet atlas, il nous invite \u00e0 d\u00e9couvrir les vins les plus insolites du monde.<\/p>\n<p>&nbsp;<\/p>\n<p><span class=\"s1\"><b>AUTEURS\u00a0<\/b>: Pierrick Bourgault<br \/>\n<b>PAGES\u00a0<\/b>: 160<br \/>\n<b>FORMAT\u00a0<\/b>: 19 * 26 cm<br \/>\n<b>ISBN <\/b>: 978-2-36195-582-3<\/span><br \/>\n<span class=\"s1\"><b>PRIX <\/b>: 25 \u20ac<br \/>\n<\/span><span class=\"s1\"><b>CONTACT <\/b>: <a href=\"mailto:infos@editionsjonglez.com?subject=\"><span class=\"s2\">infos@editionsjonglez.com<\/span><\/a><\/span><\/p>\n<p>&nbsp;<\/p>\n<div class=\"buttons_cont\">\n<div class=\"button_cont\" align=\"center\"><a class=\"gv_product_btn\" href=\"https:\/\/jonglezpublishing.com\/wp-content\/uploads\/2023\/10\/Couv_Vins_FR-1-scaled.jpg\" target=\"_blank\" rel=\"noopener\">T\u00e9l\u00e9charger la couverture<\/a><\/p>\n<\/div>\n<div class=\"button_cont\" align=\"center\"><a class=\"gv_product_btn\" href=\"https:\/\/jonglezpublishing.com\/wp-content\/uploads\/2023\/10\/PREVIEW_ATLAS_VINS_FR.pdf\" target=\"_blank\" rel=\"noopener\">Consulter le PDF<\/a><\/div>\n<div class=\"button_cont\" align=\"center\">\n<a class=\"gv_product_btn\" href=\"https:\/\/www.amazon.fr\/Atlas-vins-insolites-Pierrick-Bourgault\/dp\/2361955822\/ref=sr_1_1?__mk_fr_FR=%C3%85M%C3%85%C5%BD%C3%95%C3%91&amp;crid=3SDHQFGVH5GBI&amp;keywords=ATLAS+DES+VINS+INSOLITES&amp;qid=1696869425&amp;sprefix=atlas+des+vins+insolites%2Caps%2C574&amp;sr=8-1\" target=\"_blank\" rel=\"noopener\">Acheter en ligne<\/a><\/div>\n<div class=\"button_cont\" align=\"center\"><\/div>\n<\/div>\n","protected":false},"excerpt":{"rendered":"<p>Des vendanges nocturnes, un vin de la paix associant plus de 600 c\u00e9pages du monde entier, des vins de glace<\/p>\n","protected":false},"featured_media":11682,"template":"","meta":[],"product_brand":[],"product_cat":[572,165,292,287,288],"product_tag":[],"class_list":{"0":"post-11672","1":"product","2":"type-product","3":"status-publish","4":"has-post-thumbnail","6":"product_cat-atlas-des-curiosite","7":"product_cat-english-fr","8":"product_cat-french-fr","9":"product_cat-italian-fr","10":"product_cat-spanish-fr","12":"first","13":"instock","14":"shipping-taxable","15":"product-type-simple"},"aioseo_notices":[],"_links":{"self":[{"href":"https:\/\/jonglezpublishing.com\/fr\/wp-json\/wp\/v2\/product\/11672","targetHints":{"allow":["GET"]}}],"collection":[{"href":"https:\/\/jonglezpublishing.com\/fr\/wp-json\/wp\/v2\/product"}],"about":[{"href":"https:\/\/jonglezpublishing.com\/fr\/wp-json\/wp\/v2\/types\/product"}],"wp:featuredmedia":[{"embeddable":true,"href":"https:\/\/jonglezpublishing.com\/fr\/wp-json\/wp\/v2\/media\/11682"}],"wp:attachment":[{"href":"https:\/\/jonglezpublishing.com\/fr\/wp-json\/wp\/v2\/media?parent=11672"}],"wp:term":[{"taxonomy":"product_brand","embeddable":true,"href":"https:\/\/jonglezpublishing.com\/fr\/wp-json\/wp\/v2\/product_brand?post=11672"},{"taxonomy":"product_cat","embeddable":true,"href":"https:\/\/jonglezpublishing.com\/fr\/wp-json\/wp\/v2\/product_cat?post=11672"},{"taxonomy":"product_tag","embeddable":true,"href":"https:\/\/jonglezpublishing.com\/fr\/wp-json\/wp\/v2\/product_tag?post=11672"}],"curies":[{"name":"wp","href":"https:\/\/api.w.org\/{rel}","templated":true}]}}