{"id":11717,"date":"2023-10-10T14:56:39","date_gmt":"2023-10-10T11:56:39","guid":{"rendered":"https:\/\/jonglezpublishing.com\/?post_type=product&#038;p=11717"},"modified":"2026-01-05T15:51:42","modified_gmt":"2026-01-05T13:51:42","slug":"atlas-des-climats-extremes","status":"publish","type":"product","link":"https:\/\/jonglezpublishing.com\/fr\/produit\/atlas-des-climats-extremes\/","title":{"rendered":"ATLAS DES CLIMATS EXTR\u00caMES"},"content":{"rendered":"<p>La r\u00e9gion italienne qui d\u00e9tient le record mondial de neige quotidienne, l\u2019emplacement de la Vall\u00e9e de la mort qui a enregistr\u00e9 la temp\u00e9rature la plus haute du monde, des ins\u00e9minations de nuage au Canada pour limiter les temp\u00eates de gr\u00eale, les avalanches de sable du Soudan, le lac v\u00e9n\u00e9zu\u00e9lien qui est frapp\u00e9 au moins 250 nuits par an par la foudre, la ville chilienne de bord de mer o\u00f9 il ne pleut jamais et celle o\u00f9 il pleut 325 jours par an&#8230;<\/p>\n<p>Les ph\u00e9nom\u00e8nes climatiques les plus extr\u00eames se succ\u00e8dent d\u2019un bout \u00e0 l\u2019autre de la plan\u00e8te. D\u2019ouragans en temp\u00eates de sable, d\u2019orages en chutes spectaculaires de neige ou de pluie, cet atlas explore autant les curiosit\u00e9s atmosph\u00e9riques que la r\u00e9silience des populations qui y sont soumises.<\/p>\n<p>&nbsp;<\/p>\n<p><span class=\"s1\"><b>AUTEUR <\/b>: Lorenzo Pini<br \/>\n<b>PAGES\u00a0<\/b>: 160<br \/>\n<b>FORMAT\u00a0<\/b>: 19 * 26 cm<br \/>\n<b>ISBN <\/b>: 978-2-36195-701-8<\/span><br \/>\n<span class=\"s1\"><b>PRIX <\/b>: 25 \u20ac prix valable en France<br \/>\n<\/span><span class=\"s1\"><b>CONTACT <\/b>: <a href=\"mailto:infos@editionsjonglez.com?subject=\"><span class=\"s2\">infos@editionsjonglez.com<\/span><\/a><\/span><\/p>\n<p>&nbsp;<\/p>\n<div class=\"buttons_cont\">\n<div class=\"button_cont\" align=\"center\">\n<p><a class=\"gv_product_btn\" href=\"https:\/\/jonglezpublishing.com\/wp-content\/uploads\/2023\/10\/Couv_Weather_FR-scaled.jpg\" target=\"_blank\" rel=\"noopener\">T\u00e9l\u00e9charger la couverture<\/a><\/p>\n<\/div>\n<div class=\"button_cont\" align=\"center\"><a class=\"gv_product_btn\" href=\"https:\/\/jonglezpublishing.com\/wp-content\/uploads\/2023\/10\/PREVIEW-ATLAS_WEATHER_FR.pdf\" target=\"_blank\" rel=\"noopener\">Consulter le PDF<\/a><\/div>\n<div class=\"button_cont\" align=\"center\"><a class=\"gv_product_btn\" href=\"https:\/\/www.amazon.fr\/Atlas-climats-extr%C3%AAmes-Lorenzo-Pini\/dp\/2361957019\/ref=sr_1_1?__mk_fr_FR=%C3%85M%C3%85%C5%BD%C3%95%C3%91&amp;crid=XVU8JCLBY9MZ&amp;keywords=ATLAS+des+climats+extr%C3%AAmes&amp;qid=1696939324&amp;sprefix=atlas+des+climats+extr%C3%AAmes%2Caps%2C431&amp;sr=8-1\" target=\"_blank\" rel=\"noopener\">Acheter en ligne<\/a><\/div>\n<div class=\"button_cont\" align=\"center\"><\/div>\n<\/div>\n","protected":false},"excerpt":{"rendered":"<p>La r\u00e9gion italienne qui d\u00e9tient le record mondial de neige quotidienne, l\u2019emplacement de la Vall\u00e9e de la mort qui a<\/p>\n","protected":false},"featured_media":11727,"template":"","meta":[],"product_brand":[],"product_cat":[572,165,292,287,288],"product_tag":[],"class_list":{"0":"post-11717","1":"product","2":"type-product","3":"status-publish","4":"has-post-thumbnail","6":"product_cat-atlas-des-curiosite","7":"product_cat-english-fr","8":"product_cat-french-fr","9":"product_cat-italian-fr","10":"product_cat-spanish-fr","12":"first","13":"instock","14":"shipping-taxable","15":"product-type-simple"},"aioseo_notices":[],"_links":{"self":[{"href":"https:\/\/jonglezpublishing.com\/fr\/wp-json\/wp\/v2\/product\/11717","targetHints":{"allow":["GET"]}}],"collection":[{"href":"https:\/\/jonglezpublishing.com\/fr\/wp-json\/wp\/v2\/product"}],"about":[{"href":"https:\/\/jonglezpublishing.com\/fr\/wp-json\/wp\/v2\/types\/product"}],"wp:featuredmedia":[{"embeddable":true,"href":"https:\/\/jonglezpublishing.com\/fr\/wp-json\/wp\/v2\/media\/11727"}],"wp:attachment":[{"href":"https:\/\/jonglezpublishing.com\/fr\/wp-json\/wp\/v2\/media?parent=11717"}],"wp:term":[{"taxonomy":"product_brand","embeddable":true,"href":"https:\/\/jonglezpublishing.com\/fr\/wp-json\/wp\/v2\/product_brand?post=11717"},{"taxonomy":"product_cat","embeddable":true,"href":"https:\/\/jonglezpublishing.com\/fr\/wp-json\/wp\/v2\/product_cat?post=11717"},{"taxonomy":"product_tag","embeddable":true,"href":"https:\/\/jonglezpublishing.com\/fr\/wp-json\/wp\/v2\/product_tag?post=11717"}],"curies":[{"name":"wp","href":"https:\/\/api.w.org\/{rel}","templated":true}]}}