{"id":11789,"date":"2023-10-12T08:54:36","date_gmt":"2023-10-12T05:54:36","guid":{"rendered":"https:\/\/jonglezpublishing.com\/?post_type=product&#038;p=11789"},"modified":"2023-11-03T06:01:38","modified_gmt":"2023-11-03T04:01:38","slug":"belgiquee-abandonnee","status":"publish","type":"product","link":"https:\/\/jonglezpublishing.com\/fr\/produit\/belgiquee-abandonnee\/","title":{"rendered":"BELGIQUE ABANDONN\u00c9E"},"content":{"rendered":"<p>Les anciens hauts-fourneaux de la Province de Li\u00e8ge, une usine textile abandonn\u00e9e en Flandre-Occidentale, les merveilles n\u00e9ogothiques oubli\u00e9es de la premi\u00e8re bourse du commerce d\u2019Europe \u00e0 Anvers, un MIG \u00e9chou\u00e9 en pleine for\u00eat, des thermes d\u00e9sert\u00e9s malgr\u00e9 un classement au patrimoine mondial de l\u2019UNESCO&#8230;<\/p>\n<p>Suspendus au seuil de la vie et de la mort, les \u00e9difices immortalis\u00e9s par Francis Meslet rayonnent d\u2019un silence qui en dit long. \u00c0 travers ces photos qui semblent nous confier un secret important, il immortalise la grandeur et la d\u00e9cadence d\u2019une nation poss\u00e9dant l\u2019un des plus riches patrimoines d\u2019Europe. En insistant sur la beaut\u00e9 fragile de ce dernier, le photographe nous invite \u00e0 r\u00e9fl\u00e9chir aux moyens de le prot\u00e9ger pour qu\u2019il r\u00e9sonne encore aupr\u00e8s des g\u00e9n\u00e9rations futures.<\/p>\n<p>&nbsp;<\/p>\n<p><span class=\"s1\"><b>AUTEUR : <\/b>Francis Meslet<\/span><br \/>\n<span class=\"s1\"><b>PAGES <\/b>: 256<br \/>\n<b>ISBN <\/b>: 978-2-36195-682-0<\/span><br \/>\n<span class=\"s1\"><b>PRIX <\/b>: 39,95 \u20ac<br \/>\n<strong>FORMAT :<\/strong> 235 x 305 mm<br \/>\n<\/span><span class=\"s1\"><b>CONTACT <\/b>: <a href=\"mailto:infos@editionsjonglez.com?subject=\"><span class=\"s2\">infos@editionsjonglez.com<\/span><\/a><\/span><\/p>\n<div class=\"buttons_cont\">\n<div align=\"center\"><\/div>\n<div class=\"button_cont\" align=\"center\"><a class=\"gv_product_btn\" href=\"https:\/\/jonglezpublishing.com\/wp-content\/uploads\/2023\/10\/COVER_Belgique-abandonnee_FR-scaled.jpg\" target=\"_blank\" rel=\"noopener\">T\u00e9l\u00e9charger la couverture<\/a><\/div>\n<div class=\"button_cont\" align=\"center\"><a class=\"gv_product_btn\" href=\"https:\/\/jonglezpublishing.com\/wp-content\/uploads\/2023\/10\/Extrait-Belgique-abandonnee.pdf\" target=\"_blank\" rel=\"noopener\">Consulter le PDF<\/a><\/div>\n<div class=\"button_cont\" align=\"center\">\n<div class=\"button_cont\" align=\"center\"><a class=\"gv_product_btn\" href=\"https:\/\/www.amazon.fr\/Belgique-abandonn%C3%A9e-Francis-Meslet\/dp\/2361956829\/ref=sr_1_1?__mk_fr_FR=%C3%85M%C3%85%C5%BD%C3%95%C3%91&amp;crid=251F7OR393Y4&amp;keywords=belgique+abandonn%C3%A9e&amp;qid=1697091152&amp;sprefix=belgiquee+abandonn%C3%A9e+%2Caps%2C631&amp;sr=8-1\" target=\"_blank\" rel=\"noopener\">Acheter en ligne<\/a><\/div>\n<\/div>\n<\/div>\n","protected":false},"excerpt":{"rendered":"<p>Les anciens hauts-fourneaux de la Province de Li\u00e8ge, une usine textile abandonn\u00e9e en Flandre-Occidentale, les merveilles n\u00e9ogothiques oubli\u00e9es de la<\/p>\n","protected":false},"featured_media":11791,"template":"","meta":[],"product_brand":[],"product_cat":[442,165,292],"product_tag":[],"class_list":{"0":"post-11789","1":"product","2":"type-product","3":"status-publish","4":"has-post-thumbnail","6":"product_cat-beaux-livres","7":"product_cat-english-fr","8":"product_cat-french-fr","10":"first","11":"instock","12":"shipping-taxable","13":"product-type-simple"},"aioseo_notices":[],"_links":{"self":[{"href":"https:\/\/jonglezpublishing.com\/fr\/wp-json\/wp\/v2\/product\/11789","targetHints":{"allow":["GET"]}}],"collection":[{"href":"https:\/\/jonglezpublishing.com\/fr\/wp-json\/wp\/v2\/product"}],"about":[{"href":"https:\/\/jonglezpublishing.com\/fr\/wp-json\/wp\/v2\/types\/product"}],"wp:featuredmedia":[{"embeddable":true,"href":"https:\/\/jonglezpublishing.com\/fr\/wp-json\/wp\/v2\/media\/11791"}],"wp:attachment":[{"href":"https:\/\/jonglezpublishing.com\/fr\/wp-json\/wp\/v2\/media?parent=11789"}],"wp:term":[{"taxonomy":"product_brand","embeddable":true,"href":"https:\/\/jonglezpublishing.com\/fr\/wp-json\/wp\/v2\/product_brand?post=11789"},{"taxonomy":"product_cat","embeddable":true,"href":"https:\/\/jonglezpublishing.com\/fr\/wp-json\/wp\/v2\/product_cat?post=11789"},{"taxonomy":"product_tag","embeddable":true,"href":"https:\/\/jonglezpublishing.com\/fr\/wp-json\/wp\/v2\/product_tag?post=11789"}],"curies":[{"name":"wp","href":"https:\/\/api.w.org\/{rel}","templated":true}]}}