{"id":11815,"date":"2023-10-12T10:09:20","date_gmt":"2023-10-12T07:09:20","guid":{"rendered":"https:\/\/jonglezpublishing.com\/?post_type=product&#038;p=11815"},"modified":"2023-10-18T13:42:45","modified_gmt":"2023-10-18T10:42:45","slug":"cinemas-abandonnes-aux-usa","status":"publish","type":"product","link":"https:\/\/jonglezpublishing.com\/fr\/produit\/cinemas-abandonnes-aux-usa\/","title":{"rendered":"CIN\u00c9MAS ABANDONN\u00c9S AUX USA"},"content":{"rendered":"<p>De nos jours, les salles de cin\u00e9ma sont le plus souvent devenues d\u2019une grande banalit\u00e9. Il n\u2019en a cependant pas toujours \u00e9t\u00e9 ainsi : lorsque les grands \u00ab palais du cin\u00e9ma \u00bb am\u00e9ricains furent cr\u00e9\u00e9s, au d\u00e9but du XXe\u00a0 si\u00e8cle, ils figuraient parmi les constructions les plus luxueuses de leur \u00e9poque. Quelques d\u00e9cennies plus tard, le d\u00e9veloppement rapide de la t\u00e9l\u00e9vision rendit pourtant leur exploitation de moins en moins rentable. Certains furent alors d\u00e9molis, d\u2019autres reconvertis, et d\u2019autres encore furent laiss\u00e9s \u00e0 l\u2019abandon. C\u2019est \u00e0 cette derni\u00e8re cat\u00e9gorie qu\u2019est consacr\u00e9 Cin\u00e9mas abandonn\u00e9s aux USA. En pr\u00e9sentant les restes de 24 de ces \u00e9difices d\u00e9saffect\u00e9s, il constitue un \u00e9mouvant t\u00e9moignage de ce que furent les somptueux \u00ab palais du cin\u00e9ma \u00bb.<\/p>\n<p>&nbsp;<\/p>\n<p><b>AUTEUR: <\/b>Matt Lambros<br \/>\n<b>PAGES <\/b>: 240<br \/>\n<b>FORMAT <\/b>: 290x235mm<br \/>\n<b>ISBN <\/b>: 978-2-36195-707-0<br \/>\n<b>PRIX <\/b>: 39,95 \u20ac &#8211; 39.95 $<br \/>\n<b>CONTACT <\/b>: <a href=\"mailto:infos@editionsjonglez.com\">infos@editionsjonglez.com<\/a><\/p>\n<p>&nbsp;<\/p>\n<div class=\"buttons_cont\">\n<div class=\"button_cont\" align=\"center\"><a class=\"gv_product_btn\" href=\"https:\/\/jonglezpublishing.com\/wp-content\/uploads\/2023\/10\/Couv_cine\u2560uUSA_FR-scaled.jpg\" target=\"_blank\" rel=\"noopener\">T\u00e9l\u00e9charger la couverture<\/a><\/div>\n<div class=\"button_cont\" align=\"center\"><a class=\"gv_product_btn\" href=\"https:\/\/jonglezpublishing.com\/wp-content\/uploads\/2023\/10\/Extrait-Cinemas_abandonnes-US_FR-1.pdf\" target=\"_blank\" rel=\"noopener\">Consulter le PDF<\/a><\/div>\n<div class=\"button_cont\" align=\"center\"><a class=\"gv_product_btn\" href=\"https:\/\/www.amazon.fr\/Cin%C3%A9mas-abandonn%C3%A9s-aux-Matt-Emmett\/dp\/2361957078\/ref=sr_1_1?__mk_fr_FR=%C3%85M%C3%85%C5%BD%C3%95%C3%91&amp;keywords=CIN%C3%89MAS+ABANDONN%C3%89S+AUX+USA&amp;qid=1697119230&amp;sr=8-1\" target=\"_blank\" rel=\"noopener\">Acheter en ligne<\/a><\/div>\n<\/div>\n","protected":false},"excerpt":{"rendered":"<p>De nos jours, les salles de cin\u00e9ma sont le plus souvent devenues d\u2019une grande banalit\u00e9. Il n\u2019en a cependant pas<\/p>\n","protected":false},"featured_media":11823,"template":"","meta":[],"product_brand":[],"product_cat":[],"product_tag":[],"class_list":{"0":"post-11815","1":"product","2":"type-product","3":"status-publish","4":"has-post-thumbnail","7":"first","8":"instock","9":"shipping-taxable","10":"product-type-simple"},"aioseo_notices":[],"_links":{"self":[{"href":"https:\/\/jonglezpublishing.com\/fr\/wp-json\/wp\/v2\/product\/11815","targetHints":{"allow":["GET"]}}],"collection":[{"href":"https:\/\/jonglezpublishing.com\/fr\/wp-json\/wp\/v2\/product"}],"about":[{"href":"https:\/\/jonglezpublishing.com\/fr\/wp-json\/wp\/v2\/types\/product"}],"wp:featuredmedia":[{"embeddable":true,"href":"https:\/\/jonglezpublishing.com\/fr\/wp-json\/wp\/v2\/media\/11823"}],"wp:attachment":[{"href":"https:\/\/jonglezpublishing.com\/fr\/wp-json\/wp\/v2\/media?parent=11815"}],"wp:term":[{"taxonomy":"product_brand","embeddable":true,"href":"https:\/\/jonglezpublishing.com\/fr\/wp-json\/wp\/v2\/product_brand?post=11815"},{"taxonomy":"product_cat","embeddable":true,"href":"https:\/\/jonglezpublishing.com\/fr\/wp-json\/wp\/v2\/product_cat?post=11815"},{"taxonomy":"product_tag","embeddable":true,"href":"https:\/\/jonglezpublishing.com\/fr\/wp-json\/wp\/v2\/product_tag?post=11815"}],"curies":[{"name":"wp","href":"https:\/\/api.w.org\/{rel}","templated":true}]}}