{"id":11959,"date":"2023-11-08T10:25:34","date_gmt":"2023-11-08T08:25:34","guid":{"rendered":"https:\/\/jonglezpublishing.com\/?post_type=product&#038;p=11959"},"modified":"2023-11-08T10:41:52","modified_gmt":"2023-11-08T08:41:52","slug":"sites-sacres-secrets","status":"publish","type":"product","link":"https:\/\/jonglezpublishing.com\/fr\/produit\/sites-sacres-secrets\/","title":{"rendered":"SITES SACR\u00c9S SECRETS"},"content":{"rendered":"<p>Les sites sacr\u00e9s comptent parmi les lieux plus visit\u00e9s et les plus v\u00e9n\u00e9r\u00e9s au monde. Ce sont les seuls \u00e0 offrir aux visiteurs et aux p\u00e8lerins une exp\u00e9rience d\u2019un degr\u00e9 sup\u00e9rieur, plus intense, empreinte de pr\u00e9sence c\u00e9leste et, pour certains, d\u2019un niveau \u00e9lev\u00e9 de vibrations divines et de conscience. Ils sont cependant souvent surpeupl\u00e9s, voire assaillis de touristes dont la pr\u00e9sence ruine ce moment privil\u00e9gi\u00e9.<\/p>\n<p>Sites sacr\u00e9s secrets vous fera d\u00e9couvrir 100\u00a0sites sacr\u00e9s moins connus, souvent fr\u00e9quent\u00e9s uniquement par les locaux, garantissant une visite pleinement authentique.<\/p>\n<p>Au cours de ses 40 ann\u00e9es de p\u00e8lerinage, le c\u00e9l\u00e8bre photographe du National Geographic Martin Gray a visit\u00e9 160\u00a0pays et photographi\u00e9 des centaines de ces lieux sacr\u00e9s m\u00e9connus.\u00a0Il propose ici une s\u00e9lection de ses lieux saints cach\u00e9s pr\u00e9f\u00e9r\u00e9s, r\u00e9sultat d\u2019une qu\u00eate de toute une vie.<\/p>\n<p>&nbsp;<\/p>\n<p><span class=\"s1\"><b>AUTEUR : <\/b>Martin Gray<\/span><br \/>\n<span class=\"s1\"><b>PAGES <\/b>: 208<br \/>\n<b>ISBN <\/b>: 978-2-36195-685-1<\/span><br \/>\n<span class=\"s1\"><b>PRIX <\/b>: 39,95 \u20ac<br \/>\n<strong>FORMAT :<\/strong> 22,5 x 29 cm<br \/>\n<\/span><span class=\"s1\"><b>CONTACT <\/b>: <a href=\"mailto:infos@editionsjonglez.com?subject=\"><span class=\"s2\">infos@editionsjonglez.com<\/span><\/a><\/span><\/p>\n<div class=\"buttons_cont\">\n<div align=\"center\"><\/div>\n<div class=\"button_cont\" align=\"center\"><a class=\"gv_product_btn\" href=\"https:\/\/jonglezpublishing.com\/wp-content\/uploads\/2023\/11\/Couv_Sacred-Sites_FR-2-scaled.jpg\" target=\"_blank\" rel=\"noopener\">T\u00e9l\u00e9charger la couverture<\/a><\/div>\n<div class=\"button_cont\" align=\"center\"><a class=\"gv_product_btn\" href=\"https:\/\/jonglezpublishing.com\/wp-content\/uploads\/2023\/11\/PREVIEW_Sacred-Sites-FR.pdf\" target=\"_blank\" rel=\"noopener\">Consulter le PDF<\/a><\/div>\n<div class=\"button_cont\" align=\"center\"><a href=\"https:\/\/www.amazon.fr\/Sites-sacr%C3%A9s-secrets-Martin-Gray\/dp\/2361956853\/ref=sr_1_1?__mk_fr_FR=%C3%85M%C3%85%C5%BD%C3%95%C3%91&amp;crid=11AM6ZGKXNS25&amp;keywords=SITES+SACR%C3%89S+SECRETS&amp;qid=1699432795&amp;sprefix=sites+sacr%C3%A9s+secrets%2Caps%2C669&amp;sr=8-1\">Acheter en ligne<\/a><\/div>\n<\/div>\n","protected":false},"excerpt":{"rendered":"<p>Les sites sacr\u00e9s comptent parmi les lieux plus visit\u00e9s et les plus v\u00e9n\u00e9r\u00e9s au monde. Ce sont les seuls \u00e0<\/p>\n","protected":false},"featured_media":11970,"template":"","meta":[],"product_brand":[],"product_cat":[442,165,292,522],"product_tag":[],"class_list":{"0":"post-11959","1":"product","2":"type-product","3":"status-publish","4":"has-post-thumbnail","6":"product_cat-beaux-livres","7":"product_cat-english-fr","8":"product_cat-french-fr","9":"product_cat-german-fr","11":"first","12":"instock","13":"shipping-taxable","14":"product-type-simple"},"aioseo_notices":[],"_links":{"self":[{"href":"https:\/\/jonglezpublishing.com\/fr\/wp-json\/wp\/v2\/product\/11959","targetHints":{"allow":["GET"]}}],"collection":[{"href":"https:\/\/jonglezpublishing.com\/fr\/wp-json\/wp\/v2\/product"}],"about":[{"href":"https:\/\/jonglezpublishing.com\/fr\/wp-json\/wp\/v2\/types\/product"}],"wp:featuredmedia":[{"embeddable":true,"href":"https:\/\/jonglezpublishing.com\/fr\/wp-json\/wp\/v2\/media\/11970"}],"wp:attachment":[{"href":"https:\/\/jonglezpublishing.com\/fr\/wp-json\/wp\/v2\/media?parent=11959"}],"wp:term":[{"taxonomy":"product_brand","embeddable":true,"href":"https:\/\/jonglezpublishing.com\/fr\/wp-json\/wp\/v2\/product_brand?post=11959"},{"taxonomy":"product_cat","embeddable":true,"href":"https:\/\/jonglezpublishing.com\/fr\/wp-json\/wp\/v2\/product_cat?post=11959"},{"taxonomy":"product_tag","embeddable":true,"href":"https:\/\/jonglezpublishing.com\/fr\/wp-json\/wp\/v2\/product_tag?post=11959"}],"curies":[{"name":"wp","href":"https:\/\/api.w.org\/{rel}","templated":true}]}}