{"id":11984,"date":"2023-11-28T07:17:05","date_gmt":"2023-11-28T05:17:05","guid":{"rendered":"https:\/\/jonglezpublishing.com\/?post_type=product&#038;p=11984"},"modified":"2023-12-11T20:02:58","modified_gmt":"2023-12-11T18:02:58","slug":"potsdam-insolite-et-secret","status":"publish","type":"product","link":"https:\/\/jonglezpublishing.com\/fr\/produit\/potsdam-insolite-et-secret\/","title":{"rendered":"POTSDAM INSOLITE ET SECRET"},"content":{"rendered":"<div>\n<p>Un morceau du sommet du Kilimandjaro au Neues Palais, une svastika dans le Parc Sanssouci, un vestige de l\u2019Exposition universelle de Chicago de 1893, le plafond \u00e9toil\u00e9 d\u2019une villa qui est une allusion au d\u00e9cor franc-ma\u00e7on de la Fl\u00fbte enchant\u00e9e, une tombe expressionniste spectaculaire, une pierre qui chante au c\u0153ur de la ville, une copie du pavillon de musique d\u2019une ma\u00eetresse du roi Louis XV, une installation artistique lumineuse sous un pont, un singe sculpt\u00e9 qui vient de la tour de Pise, des chemin\u00e9es qui sont des copies de celles du Hampton Court Palace de Londres, la passion pour l\u2019\u00e9sot\u00e9risme de l\u2019 Roi de Prusse Fr\u00e9d\u00e9ric-Guillaume II, une colonne en guise de condol\u00e9ances pour la mort d\u2019un perroquet, une tour qui permit le calcul du d\u00e9placement de l\u2019axe de rotation de la Terre, le dernier t\u00e9moin de l\u2019extraordinaire \u00e9pop\u00e9e de la production de soie \u00e0 Babelsberg, une femme qui se d\u00e9guisa en homme pour combattre Napol\u00e9on, les spectaculaires vestiges cach\u00e9s du champ de tir du Katharinenholz, les maquettes oubli\u00e9es du parc des Zeppelin&#8230;<\/p>\n<p>Loin des foules et des clich\u00e9s habituels, Potsdam garde encore des tr\u00e9sors bien chach\u00e9s qu\u2019il ne r\u00e9v\u00e8le qu\u2019aux habitants et aux voyageurs qui savent sortir des sentiers battus.<\/p>\n<p>Un guide indispensable pour ceux qui pensaient bien conna\u00eetre Potsdam ou pour ceux qui souhaitent d\u00e9couvrir l\u2019autre visage de la ville.<\/p>\n<\/div>\n<div>\n<p>&nbsp;<\/p>\n<p><b>AUTEUR <\/b>: Manuel Roy<br \/>\n<b>PAGES\u00a0<\/b>: 320<br \/>\n<b>FORMAT\u00a0<\/b>: 10.5 x 19 cm<br \/>\n<b>ISBN\u00a0<\/b>: 978-2-36195-599-1<br \/>\n<b>PRIX\u00a0<\/b>: 19,95 \u20ac prix valable en France<br \/>\n<b>CONTACT\u00a0<\/b>:\u00a0<a href=\"mailto:info@editionsjonglez.com\">info@editionsjonglez.com<\/a><\/p>\n<p>&nbsp;<\/p>\n<div class=\"buttons_cont\">\n<div class=\"button_cont\" align=\"center\"><a class=\"gv_product_btn\" href=\"https:\/\/jonglezpublishing.com\/wp-content\/uploads\/2023\/11\/couv_Postdam_FR-scaled.jpg\" target=\"_blank\" rel=\"noopener\">T\u00e9l\u00e9charger la couverture<\/a><\/div>\n<div class=\"button_cont\" align=\"center\"><a class=\"gv_product_btn\" href=\"https:\/\/jonglezpublishing.com\/wp-content\/uploads\/2023\/11\/Extrait-Potsdam-FR.pdf\" target=\"_blank\" rel=\"noopener\">Consulter le PDF<\/a><\/div>\n<div class=\"button_cont\" align=\"center\"><a class=\"gv_product_btn\" href=\"https:\/\/www.amazon.fr\/Potsdam-insolite-secret-Roy-Manuel\/dp\/2361955997\/ref=sr_1_1?__mk_fr_FR=%C3%85M%C3%85%C5%BD%C3%95%C3%91&amp;crid=28MV9KTPW6NG6&amp;keywords=POTSDAM+INSOLITE+ET+SECRET&amp;qid=1701152292&amp;sprefix=bangkok+insolite+et+secr%C3%A8te%2Caps%2C848&amp;sr=8-1\" target=\"_blank\" rel=\"noopener\">Acheter en ligne<\/a><\/div>\n<\/div>\n<\/div>\n","protected":false},"excerpt":{"rendered":"<p>Un morceau du sommet du Kilimandjaro au Neues Palais, une svastika dans le Parc Sanssouci, un vestige de l\u2019Exposition universelle<\/p>\n","protected":false},"featured_media":11987,"template":"","meta":[],"product_brand":[],"product_cat":[165,420],"product_tag":[],"class_list":{"0":"post-11984","1":"product","2":"type-product","3":"status-publish","4":"has-post-thumbnail","6":"product_cat-english-fr","7":"product_cat-guides-insolites","9":"first","10":"instock","11":"shipping-taxable","12":"product-type-simple"},"aioseo_notices":[],"_links":{"self":[{"href":"https:\/\/jonglezpublishing.com\/fr\/wp-json\/wp\/v2\/product\/11984","targetHints":{"allow":["GET"]}}],"collection":[{"href":"https:\/\/jonglezpublishing.com\/fr\/wp-json\/wp\/v2\/product"}],"about":[{"href":"https:\/\/jonglezpublishing.com\/fr\/wp-json\/wp\/v2\/types\/product"}],"wp:featuredmedia":[{"embeddable":true,"href":"https:\/\/jonglezpublishing.com\/fr\/wp-json\/wp\/v2\/media\/11987"}],"wp:attachment":[{"href":"https:\/\/jonglezpublishing.com\/fr\/wp-json\/wp\/v2\/media?parent=11984"}],"wp:term":[{"taxonomy":"product_brand","embeddable":true,"href":"https:\/\/jonglezpublishing.com\/fr\/wp-json\/wp\/v2\/product_brand?post=11984"},{"taxonomy":"product_cat","embeddable":true,"href":"https:\/\/jonglezpublishing.com\/fr\/wp-json\/wp\/v2\/product_cat?post=11984"},{"taxonomy":"product_tag","embeddable":true,"href":"https:\/\/jonglezpublishing.com\/fr\/wp-json\/wp\/v2\/product_tag?post=11984"}],"curies":[{"name":"wp","href":"https:\/\/api.w.org\/{rel}","templated":true}]}}