{"id":12069,"date":"2023-12-11T19:28:23","date_gmt":"2023-12-11T17:28:23","guid":{"rendered":"https:\/\/jonglezpublishing.com\/?post_type=product&#038;p=12069"},"modified":"2023-12-11T19:42:04","modified_gmt":"2023-12-11T17:42:04","slug":"cinemas-un-patrimoine-francais","status":"publish","type":"product","link":"https:\/\/jonglezpublishing.com\/fr\/produit\/cinemas-un-patrimoine-francais\/","title":{"rendered":"CIN\u00c9MAS  UN PATRIMOINE FRAN\u00c7AIS"},"content":{"rendered":"<p>Doucement, le public des salles obscures d\u00e9laisse le cin\u00e9ma pour se pr\u00e9lasser chez lui devant les multiples plateformes payantes, moins ch\u00e8res qu\u2019une place de cin\u00e9ma : les gens ont modifi\u00e9 leurs habitudes&#8230; Le cin\u00e9ma ne fait plus r\u00eaver.<\/p>\n<p>Les salles ont perdu de leur splendeur, souvent r\u00e9fugi\u00e9es en p\u00e9riph\u00e9rie, entre quelques chaines d\u2019alimentation, elles ont presque honte<br \/>\nd\u2019exister.<\/p>\n<p>Pourtant, ce fabuleux patrimoine de lieux vou\u00e9s au septi\u00e8me art existe encore un peu, surtout en France, un des tr\u00e8s rares pays o\u00f9 l\u2019on construit aussi encore des cin\u00e9mas \u00e0 l\u2019architecture parfois audacieuse et o\u00f9 l\u2019on refuse la mort du cin\u00e9ma en salle avec v\u00e9h\u00e9mence.<\/p>\n<p>Parfois, au d\u00e9tour d\u2019une rue, une fa\u00e7ade flamboyante oubli\u00e9e nous rappelle sa splendeur pass\u00e9e et, surtout, que le cin\u00e9ma est immortel. Que ce soit \u00e0 la recherche de salles historiques d\u00e9caties ou m\u00eame abandonn\u00e9es, de salles anciennes r\u00e9nov\u00e9es avec amour ou de salles contemporaines spectaculaires, pendant plus de 10 ans, dans les villes et les campagnes, Simon Edelstein a \u00e9cum\u00e9 les routes de France \u00e0 la rencontre de ce patrimoine exceptionnel.<\/p>\n<p><span class=\"s1\"><b>AUTEUR : <\/b>SIMON EDELSTEIN<\/span><br \/>\n<span class=\"s1\"><b>PAGES <\/b>: 288<br \/>\n<b>ISBN <\/b>: 978-2-36195-609-7<\/span><br \/>\n<span class=\"s1\"><b>PRIX <\/b>: 39,95 \u20ac &#8211; prix valable en France<br \/>\n<strong>FORMAT :<\/strong> <span class=\"OYPEnA text-decoration-none text-strikethrough-none\">22.5 x 29 cm<\/span><br \/>\n<\/span><span class=\"s1\"><b>CONTACT <\/b>: <a href=\"mailto:infos@editionsjonglez.com?subject=\"><span class=\"s2\">infos@editionsjonglez.com<\/span><\/a><\/span><\/p>\n<div class=\"buttons_cont\">\n<div align=\"center\"><\/div>\n<div class=\"button_cont\" align=\"center\"><a class=\"gv_product_btn\" href=\"https:\/\/jonglezpublishing.com\/wp-content\/uploads\/2023\/12\/Couverture-Cine\u2560umas-France_FR-1-scaled.jpg\" target=\"_blank\" rel=\"noopener\">T\u00e9l\u00e9charger la couverture<\/a><\/div>\n<div class=\"button_cont\" align=\"center\"><a class=\"gv_product_btn\" href=\"https:\/\/jonglezpublishing.com\/wp-content\/uploads\/2023\/12\/Extrait-Cinemas-France_FR.pdf\" target=\"_blank\" rel=\"noopener\">Consulter le PDF<\/a><\/div>\n<div class=\"button_cont\" align=\"center\">\n<div class=\"button_cont\" align=\"center\"><a class=\"gv_product_btn\" href=\"https:\/\/www.amazon.fr\/Cin%C3%A9mas-patrimoine-fran%C3%A7ais-Simon-Edelstein\/dp\/2361956098\/ref=sr_1_1?__mk_fr_FR=%C3%85M%C3%85%C5%BD%C3%95%C3%91&amp;crid=1XKF8TY588HXK&amp;keywords=cin%C3%A9ma+un+patrimoine+fran%C3%A7ais&amp;qid=1702316135&amp;sprefix=belgique+abandonn%C3%A9e%2Caps%2C767&amp;sr=8-1\" target=\"_blank\" rel=\"noopener\">Acheter en ligne<\/a><\/div>\n<\/div>\n<\/div>\n","protected":false},"excerpt":{"rendered":"<p>Doucement, le public des salles obscures d\u00e9laisse le cin\u00e9ma pour se pr\u00e9lasser chez lui devant les multiples plateformes payantes, moins<\/p>\n","protected":false},"featured_media":12081,"template":"","meta":[],"product_brand":[],"product_cat":[442,165,292],"product_tag":[],"class_list":{"0":"post-12069","1":"product","2":"type-product","3":"status-publish","4":"has-post-thumbnail","6":"product_cat-beaux-livres","7":"product_cat-english-fr","8":"product_cat-french-fr","10":"first","11":"instock","12":"shipping-taxable","13":"product-type-simple"},"aioseo_notices":[],"_links":{"self":[{"href":"https:\/\/jonglezpublishing.com\/fr\/wp-json\/wp\/v2\/product\/12069","targetHints":{"allow":["GET"]}}],"collection":[{"href":"https:\/\/jonglezpublishing.com\/fr\/wp-json\/wp\/v2\/product"}],"about":[{"href":"https:\/\/jonglezpublishing.com\/fr\/wp-json\/wp\/v2\/types\/product"}],"wp:featuredmedia":[{"embeddable":true,"href":"https:\/\/jonglezpublishing.com\/fr\/wp-json\/wp\/v2\/media\/12081"}],"wp:attachment":[{"href":"https:\/\/jonglezpublishing.com\/fr\/wp-json\/wp\/v2\/media?parent=12069"}],"wp:term":[{"taxonomy":"product_brand","embeddable":true,"href":"https:\/\/jonglezpublishing.com\/fr\/wp-json\/wp\/v2\/product_brand?post=12069"},{"taxonomy":"product_cat","embeddable":true,"href":"https:\/\/jonglezpublishing.com\/fr\/wp-json\/wp\/v2\/product_cat?post=12069"},{"taxonomy":"product_tag","embeddable":true,"href":"https:\/\/jonglezpublishing.com\/fr\/wp-json\/wp\/v2\/product_tag?post=12069"}],"curies":[{"name":"wp","href":"https:\/\/api.w.org\/{rel}","templated":true}]}}